{"id":4089,"date":"2025-07-14T11:20:13","date_gmt":"2025-07-14T11:20:13","guid":{"rendered":"https:\/\/akropoleriga.lv\/deal\/"},"modified":"2025-07-24T14:35:21","modified_gmt":"2025-07-24T14:35:21","slug":"deal","status":"publish","type":"page","link":"https:\/\/akropoleriga.lv\/ru\/deal\/","title":{"rendered":"Dyl"},"content":{"rendered":"\n    <section id=\"counter-timer-hero-block-681b4077636b9\" class=\"counter-timer-hero\">\n        <div class=\"content-section\">\n            <div class=\"image-wrapper\">\n                                    <img src=\"https:\/\/akropoleriga.lv\/wp-content\/uploads\/sites\/2\/2025\/07\/Akropolis_Dylas_pavasaris_vidiniai_RU_250610_KE_1125x1125.png\"\n                         fetchpriority=\"high\"\n                         width=\"1125\"\n                         height=\"1125\"\n                         class=\"no-lazy force-no-contrast\"\n                         srcset=\"https:\/\/akropoleriga.lv\/wp-content\/uploads\/sites\/2\/2025\/07\/Akropolis_Dylas_pavasaris_vidiniai_RU_250610_KE_1125x1125-300x300.png 300w, https:\/\/akropoleriga.lv\/wp-content\/uploads\/sites\/2\/2025\/07\/Akropolis_Dylas_pavasaris_vidiniai_RU_250610_KE_1125x1125-1024x1024.png 1024w, https:\/\/akropoleriga.lv\/wp-content\/uploads\/sites\/2\/2025\/07\/Akropolis_Dylas_pavasaris_vidiniai_RU_250610_KE_1125x1125-150x150.png 150w, https:\/\/akropoleriga.lv\/wp-content\/uploads\/sites\/2\/2025\/07\/Akropolis_Dylas_pavasaris_vidiniai_RU_250610_KE_1125x1125-768x768.png 768w, https:\/\/akropoleriga.lv\/wp-content\/uploads\/sites\/2\/2025\/07\/Akropolis_Dylas_pavasaris_vidiniai_RU_250610_KE_1125x1125-1080x1080.png 1080w, https:\/\/akropoleriga.lv\/wp-content\/uploads\/sites\/2\/2025\/07\/Akropolis_Dylas_pavasaris_vidiniai_RU_250610_KE_1125x1125.png 1125w\"\n                         alt=\"\">\n                            <\/div>\n            <div class=\"content-wrapper\">\n                                    <div class=\"title-wrapper\">\n                        <h1>\u041b\u0435\u0442\u043d\u044f\u044f \u0440\u0430\u0441\u043f\u0440\u043e\u0434\u0430\u0436\u0430 &#8212; <span style=\"color: #ff0000\">DYL<\/span>!<\/h1>\n                    <\/div>\n                \n                                    <div class=\"text-wrapper wysiwyg\">\n                        <p style=\"text-align: center\">\u0421\u043a\u0438\u0434\u043a\u0438 \u0442\u0430\u043a\u0438\u0435 \u0445\u043e\u0440\u043e\u0448\u0438\u0435, \u0447\u0442\u043e \u0437\u0430\u0445\u043e\u0447\u0435\u0442\u0441\u044f \u0432\u0441\u0451! 20, 30, 40, 50 \u0438 \u043c\u043d\u043e\u0433\u0438\u0435 \u0434\u0440\u0443\u0433\u0438\u0435 \u0441\u043a\u0438\u0434\u043a\u0438 \u0436\u0434\u0443\u0442 \u0432\u0430\u0441. \u041b\u0435\u0442\u043d\u044f\u044f \u0440\u0430\u0441\u043f\u0440\u043e\u0434\u0430\u0436\u0430 &#8212; DYL!<\/p>\n                    <\/div>\n                \n                \n                \n                                    <div class=\"sub-text-wrapper wysiwyg\">\n                        <p style=\"text-align: center\">\u041a\u0443\u043f\u0430\u043b\u044c\u043d\u0438\u043a\u0438, \u0444\u0443\u0442\u0431\u043e\u043b\u043a\u0438, \u0448\u043b\u044f\u043f\u044b \u0438\u043b\u0438 \u0441\u0443\u043c\u043a\u0438 \u2014 \u043f\u0440\u0435\u0434\u043b\u043e\u0436\u0435\u043d\u0438\u044f \u0442\u0430\u043a\u0438\u0435 \u0432\u044b\u0433\u043e\u0434\u043d\u044b\u0435, \u0447\u0442\u043e \u0437\u0430\u0445\u043e\u0447\u0435\u0442\u0441\u044f \u0432\u0441\u0451 \u0441\u0440\u0430\u0437\u0443! \u041b\u0435\u0442\u043d\u044f\u044f \u0440\u0430\u0441\u043f\u0440\u043e\u0434\u0430\u0436\u0430 \u0412 \u0421\u0410\u041c\u041e\u041c \u0420\u0410\u0417\u0413\u0410\u0420\u0415. \u0414\u043e 3 \u0430\u0432\u0433\u0443\u0441\u0442\u0430 \u0432 AKROPOLIS \u0432 \u0412\u0438\u043b\u044c\u043d\u044e\u0441\u0435, \u041a\u043b\u0430\u0439\u043f\u0435\u0434\u0435 \u0438 \u0428\u044f\u0443\u043b\u044f\u0439 \u0441\u043a\u0438\u0434\u043a\u0438 20%, 30%, 40% \u0438 \u0434\u0430\u0436\u0435 50%, \u0430 \u0442\u0430\u043a\u0436\u0435 \u043c\u043d\u043e\u0436\u0435\u0441\u0442\u0432\u043e \u0434\u0440\u0443\u0433\u0438\u0445 \u043f\u0440\u0435\u0434\u043b\u043e\u0436\u0435\u043d\u0438\u0439. \u041b\u0435\u0442\u043d\u044f\u044f \u0440\u0430\u0441\u043f\u0440\u043e\u0434\u0430\u0436\u0430 \u0412 \u0421\u0410\u041c\u041e\u041c \u0420\u0410\u0417\u0413\u0410\u0420\u0415.<\/p>\n                    <\/div>\n                \n                                    <a href=\"#promotions\"\n                       target=\"_self\"\n                       class=\"btn primary dot bg-red hero-button\">\n                        <span>\n                            A\u043a\u0446\u0438\u0438                        <\/span>\n                    <\/a>\n                            <\/div>\n        <\/div>\n    <\/section>\n\n<script>window.dispatchEvent( new Event('acf\/loaded\/counter-timer-hero'));<\/script>\n\n    <section id=\"text-block-6845c3359b95f\" class=\"text\">\n        <div class=\"container medium\">\n            <div class=\"content-wrap\">\n                <p style=\"text-align: center\">\u0421\u043a\u0438\u0434\u043a\u0438 \u0440\u0430\u0441\u043f\u0440\u043e\u0434\u0430\u0436\u0438 \u0443\u0441\u0442\u0430\u043d\u0430\u0432\u043b\u0438\u0432\u0430\u044e\u0442\u0441\u044f \u0442\u043e\u0447\u043a\u0430\u043c\u0438 \u0442\u043e\u0440\u0433\u043e\u0432\u043b\u0438 \u0438 \u0443\u0441\u043b\u0443\u0433, \u0434\u0435\u0439\u0441\u0442\u0432\u0443\u044e\u0449\u0438\u043c\u0438 \u0432 \u0422\u0426 AKROPOLIS. \u0414\u043b\u044f \u043f\u043e\u043b\u0443\u0447\u0435\u043d\u0438\u044f \u0431\u043e\u043b\u0435\u0435 \u043f\u043e\u0434\u0440\u043e\u0431\u043d\u043e\u0439 \u0438\u043d\u0444\u043e\u0440\u043c\u0430\u0446\u0438\u0438 \u043e \u043a\u043e\u043d\u043a\u0440\u0435\u0442\u043d\u044b\u0445 \u0441\u043a\u0438\u0434\u043a\u0430\u0445 \u0438\u043b\u0438 \u043f\u0440\u0435\u0434\u043b\u043e\u0436\u0435\u043d\u0438\u044f\u0445 \u043f\u0440\u043e\u0441\u0438\u043c \u043e\u0431\u0440\u0430\u0449\u0430\u0442\u044c\u0441\u044f \u0432 \u0442\u043e\u0447\u043a\u0443 \u0442\u043e\u0440\u0433\u043e\u0432\u043b\u0438 \u0438 \u0443\u0441\u043b\u0443\u0433. \u0421\u043a\u0438\u0434\u043a\u0438 \u043d\u0435 \u0440\u0430\u0441\u043f\u0440\u043e\u0441\u0442\u0440\u0430\u043d\u044f\u044e\u0442\u0441\u044f \u043d\u0430 \u0442\u043e\u0432\u0430\u0440\u044b \u0438\u0437 \u043d\u043e\u0432\u043e\u0439 \u043a\u043e\u043b\u043b\u0435\u043a\u0446\u0438\u0438. \u0422\u043e\u0432\u0430\u0440\u044b, \u043f\u0440\u0435\u0434\u0441\u0442\u0430\u0432\u043b\u0435\u043d\u043d\u044b\u0435 \u0432 \u0440\u0435\u043a\u043b\u0430\u043c\u0435, \u044f\u0432\u043b\u044f\u044e\u0442\u0441\u044f \u0438\u043b\u043b\u044e\u0441\u0442\u0440\u0430\u0446\u0438\u0435\u0439 \u0438 \u043d\u0435 \u043e\u0431\u044f\u0437\u0430\u0442\u0435\u043b\u044c\u043d\u043e \u043f\u043e\u0434\u043b\u0435\u0436\u0430\u0442 \u0441\u043a\u0438\u0434\u043a\u0435. \u041c\u044b \u0441\u0442\u0430\u0440\u0430\u0435\u043c\u0441\u044f \u043d\u0430 \u0441\u0432\u043e\u0435\u043c \u0441\u0430\u0439\u0442\u0435 \u0437\u0430\u0440\u0430\u043d\u0435\u0435 \u043f\u0440\u0435\u0434\u043e\u0441\u0442\u0430\u0432\u043b\u044f\u0442\u044c \u0430\u043a\u0442\u0443\u0430\u043b\u044c\u043d\u0443\u044e \u0438\u043d\u0444\u043e\u0440\u043c\u0430\u0446\u0438\u044e \u043e \u043f\u0440\u0435\u0434\u043b\u043e\u0436\u0435\u043d\u0438\u044f\u0445, \u0434\u0435\u0439\u0441\u0442\u0432\u0443\u044e\u0449\u0438\u0445 \u0432 \u043a\u043e\u043d\u043a\u0440\u0435\u0442\u043d\u044b\u0445 \u0442\u043e\u0447\u043a\u0430\u0445 \u0442\u043e\u0440\u0433\u043e\u0432\u043b\u0438 \u0438 \u0443\u0441\u043b\u0443\u0433, \u043d\u043e \u0435\u0441\u043b\u0438 \u043f\u0440\u0435\u0434\u043b\u043e\u0436\u0435\u043d\u0438\u0435 \u0432 \u043a\u043e\u043d\u043a\u0440\u0435\u0442\u043d\u043e\u043c \u043c\u0430\u0433\u0430\u0437\u0438\u043d\u0435 \u0438\u043b\u0438 \u0442\u043e\u0447\u043a\u0435 \u0443\u0441\u043b\u0443\u0433 \u043e\u0442\u043b\u0438\u0447\u0430\u0435\u0442\u0441\u044f \u043e\u0442 \u043f\u0440\u0435\u0434\u0441\u0442\u0430\u0432\u043b\u0435\u043d\u043d\u043e\u0433\u043e \u043d\u0430 \u043d\u0430\u0448\u0435\u043c \u0441\u0430\u0439\u0442\u0435, \u0442\u043e \u043f\u0440\u043e\u0441\u0438\u043c \u0440\u0443\u043a\u043e\u0432\u043e\u0434\u0441\u0442\u0432\u043e\u0432\u0430\u0442\u044c\u0441\u044f \u0438\u043d\u0444\u043e\u0440\u043c\u0430\u0446\u0438\u0435\u0439 \u043e \u043f\u0440\u0435\u0434\u043b\u043e\u0436\u0435\u043d\u0438\u0438 (\u0441\u043a\u0438\u0434\u043a\u0435), \u043a\u043e\u0442\u043e\u0440\u0430\u044f \u0443\u043a\u0430\u0437\u0430\u043d\u0430 \u0432 \u043a\u043e\u043d\u043a\u0440\u0435\u0442\u043d\u043e\u043c \u043c\u0430\u0433\u0430\u0437\u0438\u043d\u0435 \u0438\u043b\u0438 \u0442\u043e\u0447\u043a\u0435 \u0443\u0441\u043b\u0443\u0433. \u00abDyl\u00bb \u043f\u0440\u043e\u0434\u043b\u0438\u0442\u0441\u044f \u0434\u043e 3 \u0430\u0432\u0433\u0443\u0441\u0442\u0430 \u0432 \u0412\u0438\u043b\u044c\u043d\u044e\u0441\u0441\u043a\u043e\u043c, \u041a\u043b\u0430\u0439\u043f\u0435\u0434\u0441\u043a\u043e\u043c \u0438 \u0428\u044f\u0443\u043b\u044f\u0439\u0441\u043a\u043e\u043c \u0422\u0426 AKROPOLIS.<\/p>\n<p style=\"text-align: center\"><span style=\"color: #ff0000\"><strong>\u0410\u041a\u0420\u041e\u041f\u041e\u041b\u0418\u0421\u00a0\u2013 \u0411\u041e\u041b\u042c\u0428\u0415 \u0421\u041a\u0418\u0414\u041e\u041a, \u0411\u041e\u041b\u042c\u0428\u0415 \u0420\u0410\u0414\u041e\u0421\u0422\u0418!<\/strong><\/span><\/p>\n            <\/div>\n                    <\/div>\n    <\/section>\n\n<script>window.dispatchEvent( new Event('acf\/loaded\/text'));<\/script>\n\n    <section id=\"split-screen-content-block-681b40776b4cd\" class=\"split-screen-content\">\n        <div class=\"container-fluid\">\n            <div class=\"split-screen-content-wrap\">\n                                    <div class=\"item-wrap\">\n                                                    <div class=\"bg-wrap\">\n\n                                <img loading=\"lazy\" width=\"2560\" height=\"1500\" src=\"https:\/\/akropoleriga.lv\/wp-content\/uploads\/sites\/2\/2025\/07\/2-desktop.jpg\" class=\"force-no-contrast \" alt=\"\" srcset=\"https:\/\/akropoleriga.lv\/wp-content\/uploads\/sites\/2\/2025\/07\/2-desktop.jpg 2560w, https:\/\/akropoleriga.lv\/wp-content\/uploads\/sites\/2\/2025\/07\/2-desktop-300x176.jpg 300w, https:\/\/akropoleriga.lv\/wp-content\/uploads\/sites\/2\/2025\/07\/2-desktop-1024x600.jpg 1024w, https:\/\/akropoleriga.lv\/wp-content\/uploads\/sites\/2\/2025\/07\/2-desktop-768x450.jpg 768w, https:\/\/akropoleriga.lv\/wp-content\/uploads\/sites\/2\/2025\/07\/2-desktop-1536x900.jpg 1536w, https:\/\/akropoleriga.lv\/wp-content\/uploads\/sites\/2\/2025\/07\/2-desktop-2048x1200.jpg 2048w, https:\/\/akropoleriga.lv\/wp-content\/uploads\/sites\/2\/2025\/07\/2-desktop-1843x1080.jpg 1843w\" sizes=\"auto, (max-width: 2560px) 100vw, 2560px\" \/>\n                                                            <\/div>\n                                                <div class=\"text-button-wrap\">\n                                                            <h2 class=\"h5 item-title\">\u0414\u041b\u042f \u0412\u0421\u0415\u0425 \u0412\u0410\u0428\u0418\u0425 \u0416\u0415\u041b\u0410\u041d\u0418\u0419<\/h2>\n                                                                                        <div class=\"text\">\n                                    <p>\u0412\u044b \u043c\u043e\u0436\u0435\u0442\u0435 \u0432\u044b\u0431\u0440\u0430\u0442\u044c \u0441\u0443\u043c\u043c\u0443 \u043f\u043e\u0434\u0430\u0440\u043e\u0447\u043d\u043e\u0439 \u043a\u0430\u0440\u0442\u044b \u0441 \u0442\u043e\u0447\u043d\u043e\u0441\u0442\u044c\u044e \u0434\u043e \u20ac0,01, \u043e\u0442 \u043c\u0438\u043d\u0438\u043c\u0430\u043b\u044c\u043d\u043e\u0439 \u0441\u0443\u043c\u043c\u044b \u0432 \u20ac10, \u0434\u043e \u043c\u0430\u043a\u0441\u0438\u043c\u0430\u043b\u044c\u043d\u043e\u0439 \u0432 \u20ac500.<\/p>\n<p>\u041a\u0430\u0440\u0442\u0430 AKROPOLIS \u2014 \u043f\u043e\u0434\u0430\u0440\u043e\u043a, \u043a\u043e\u0442\u043e\u0440\u044b\u0439 \u0441\u043e\u043e\u0442\u0432\u0435\u0442\u0441\u0442\u0432\u0443\u0435\u0442 \u0432\u0441\u0435\u043c \u0436\u0435\u043b\u0430\u043d\u0438\u044f\u043c! \u042d\u0442\u043e \u043e\u0442\u043b\u0438\u0447\u043d\u044b\u0439 \u0441\u043f\u043e\u0441\u043e\u0431 \u043f\u043e\u0440\u0430\u0434\u043e\u0432\u0430\u0442\u044c \u0431\u043b\u0438\u0437\u043a\u043e\u0433\u043e \u0447\u0435\u043b\u043e\u0432\u0435\u043a\u0430, \u043f\u0440\u0435\u0434\u043e\u0441\u0442\u0430\u0432\u0438\u0432 \u0435\u043c\u0443 \u0441\u0430\u043c\u044b\u0439 \u0448\u0438\u0440\u043e\u043a\u0438\u0439 \u0432\u044b\u0431\u043e\u0440 \u0438\u0437 \u0430\u0441\u0441\u043e\u0440\u0442\u0438\u043c\u0435\u043d\u0442\u0430, \u043f\u0440\u0435\u0434\u043b\u0430\u0433\u0430\u0435\u043c\u043e\u0433\u043e \u0447\u0435\u0442\u044b\u0440\u044c\u043c\u044f \u0441\u0443\u043f\u0435\u0440\u043c\u0430\u0440\u043a\u0435\u0442\u0430\u043c\u0438 AKROPOLIS \u0432 \u041b\u0438\u0442\u0432\u0435.<\/p>\n                                <\/div>\n                                                        <div class=\"description\"><\/div>\n                                                            <a class=\"btn primary dot bg-white\" rel=\"noopener noreferrer\"\n                                   target=\"_self\"\n                                   href=\"https:\/\/akropoleriga.lv\/ru\/podarocnaja-karta\/\"><span>\u041f\u043e\u0434\u0430\u0440\u043e\u0447\u043d\u044b\u0439 \u043a\u0430\u0440\u0442<\/span><\/a>\n                                                    <\/div>\n                    <\/div>\n                            <\/div>\n        <\/div>\n    <\/section>\n\n<script>window.dispatchEvent( new Event('acf\/loaded\/split-screen-content'));<\/script>","protected":false},"excerpt":{"rendered":"","protected":false},"author":4,"featured_media":0,"parent":0,"menu_order":0,"comment_status":"closed","ping_status":"closed","template":"","meta":{"_acf_changed":false,"footnotes":""},"class_list":["post-4089","page","type-page","status-publish","hentry"],"acf":[],"yoast_head":"<!-- This site is optimized with the Yoast SEO plugin v27.0 - https:\/\/yoast.com\/product\/yoast-seo-wordpress\/ -->\n<title>Dyl - Akropole Riga<\/title>\n<meta name=\"robots\" content=\"index, follow, max-snippet:-1, max-image-preview:large, max-video-preview:-1\" \/>\n<link rel=\"canonical\" href=\"https:\/\/akropoleriga.lv\/ru\/deal\/\" \/>\n<meta property=\"og:locale\" content=\"ru_RU\" \/>\n<meta property=\"og:type\" content=\"article\" \/>\n<meta property=\"og:title\" content=\"Dyl - Akropole Riga\" \/>\n<meta property=\"og:url\" content=\"https:\/\/akropoleriga.lv\/ru\/deal\/\" \/>\n<meta property=\"og:site_name\" content=\"Akropole Riga\" \/>\n<meta property=\"article:modified_time\" content=\"2025-07-24T14:35:21+00:00\" \/>\n<meta name=\"twitter:card\" content=\"summary_large_image\" \/>\n<script type=\"application\/ld+json\" class=\"yoast-schema-graph\">{\"@context\":\"https:\/\/schema.org\",\"@graph\":[{\"@type\":\"WebPage\",\"@id\":\"https:\/\/akropoleriga.lv\/ru\/deal\/\",\"url\":\"https:\/\/akropoleriga.lv\/ru\/deal\/\",\"name\":\"Dyl - Akropole Riga\",\"isPartOf\":{\"@id\":\"https:\/\/akropoleriga.lv\/ru\/#website\"},\"datePublished\":\"2025-07-14T11:20:13+00:00\",\"dateModified\":\"2025-07-24T14:35:21+00:00\",\"breadcrumb\":{\"@id\":\"https:\/\/akropoleriga.lv\/ru\/deal\/#breadcrumb\"},\"inLanguage\":\"ru-RU\",\"potentialAction\":[{\"@type\":\"ReadAction\",\"target\":[\"https:\/\/akropoleriga.lv\/ru\/deal\/\"]}]},{\"@type\":\"BreadcrumbList\",\"@id\":\"https:\/\/akropoleriga.lv\/ru\/deal\/#breadcrumb\",\"itemListElement\":[{\"@type\":\"ListItem\",\"position\":1,\"name\":\"Home\",\"item\":\"https:\/\/akropoleriga.lv\/ru\/\"},{\"@type\":\"ListItem\",\"position\":2,\"name\":\"Dyl\"}]},{\"@type\":\"WebSite\",\"@id\":\"https:\/\/akropoleriga.lv\/ru\/#website\",\"url\":\"https:\/\/akropoleriga.lv\/ru\/\",\"name\":\"Akropole Riga\",\"description\":\"&quot;AKROPOLE R\u012bga&quot; iepirk\u0161an\u0101s un izklaides centrs \",\"publisher\":{\"@id\":\"https:\/\/akropoleriga.lv\/ru\/#organization\"},\"potentialAction\":[{\"@type\":\"SearchAction\",\"target\":{\"@type\":\"EntryPoint\",\"urlTemplate\":\"https:\/\/akropoleriga.lv\/ru\/?s={search_term_string}\"},\"query-input\":{\"@type\":\"PropertyValueSpecification\",\"valueRequired\":true,\"valueName\":\"search_term_string\"}}],\"inLanguage\":\"ru-RU\"},{\"@type\":\"Organization\",\"@id\":\"https:\/\/akropoleriga.lv\/ru\/#organization\",\"name\":\"Akropole Riga\",\"url\":\"https:\/\/akropoleriga.lv\/ru\/\",\"logo\":{\"@type\":\"ImageObject\",\"inLanguage\":\"ru-RU\",\"@id\":\"https:\/\/akropoleriga.lv\/ru\/#\/schema\/logo\/image\/\",\"url\":\"https:\/\/akropoleriga.lv\/wp-content\/uploads\/sites\/2\/2025\/06\/6818_800_600_1-1.svg\",\"contentUrl\":\"https:\/\/akropoleriga.lv\/wp-content\/uploads\/sites\/2\/2025\/06\/6818_800_600_1-1.svg\",\"width\":1,\"height\":1,\"caption\":\"Akropole Riga\"},\"image\":{\"@id\":\"https:\/\/akropoleriga.lv\/ru\/#\/schema\/logo\/image\/\"}}]}<\/script>\n<!-- \/ Yoast SEO plugin. -->","yoast_head_json":{"title":"Dyl - Akropole Riga","robots":{"index":"index","follow":"follow","max-snippet":"max-snippet:-1","max-image-preview":"max-image-preview:large","max-video-preview":"max-video-preview:-1"},"canonical":"https:\/\/akropoleriga.lv\/ru\/deal\/","og_locale":"ru_RU","og_type":"article","og_title":"Dyl - Akropole Riga","og_url":"https:\/\/akropoleriga.lv\/ru\/deal\/","og_site_name":"Akropole Riga","article_modified_time":"2025-07-24T14:35:21+00:00","twitter_card":"summary_large_image","schema":{"@context":"https:\/\/schema.org","@graph":[{"@type":"WebPage","@id":"https:\/\/akropoleriga.lv\/ru\/deal\/","url":"https:\/\/akropoleriga.lv\/ru\/deal\/","name":"Dyl - Akropole Riga","isPartOf":{"@id":"https:\/\/akropoleriga.lv\/ru\/#website"},"datePublished":"2025-07-14T11:20:13+00:00","dateModified":"2025-07-24T14:35:21+00:00","breadcrumb":{"@id":"https:\/\/akropoleriga.lv\/ru\/deal\/#breadcrumb"},"inLanguage":"ru-RU","potentialAction":[{"@type":"ReadAction","target":["https:\/\/akropoleriga.lv\/ru\/deal\/"]}]},{"@type":"BreadcrumbList","@id":"https:\/\/akropoleriga.lv\/ru\/deal\/#breadcrumb","itemListElement":[{"@type":"ListItem","position":1,"name":"Home","item":"https:\/\/akropoleriga.lv\/ru\/"},{"@type":"ListItem","position":2,"name":"Dyl"}]},{"@type":"WebSite","@id":"https:\/\/akropoleriga.lv\/ru\/#website","url":"https:\/\/akropoleriga.lv\/ru\/","name":"Akropole Riga","description":"&quot;AKROPOLE R\u012bga&quot; iepirk\u0161an\u0101s un izklaides centrs ","publisher":{"@id":"https:\/\/akropoleriga.lv\/ru\/#organization"},"potentialAction":[{"@type":"SearchAction","target":{"@type":"EntryPoint","urlTemplate":"https:\/\/akropoleriga.lv\/ru\/?s={search_term_string}"},"query-input":{"@type":"PropertyValueSpecification","valueRequired":true,"valueName":"search_term_string"}}],"inLanguage":"ru-RU"},{"@type":"Organization","@id":"https:\/\/akropoleriga.lv\/ru\/#organization","name":"Akropole Riga","url":"https:\/\/akropoleriga.lv\/ru\/","logo":{"@type":"ImageObject","inLanguage":"ru-RU","@id":"https:\/\/akropoleriga.lv\/ru\/#\/schema\/logo\/image\/","url":"https:\/\/akropoleriga.lv\/wp-content\/uploads\/sites\/2\/2025\/06\/6818_800_600_1-1.svg","contentUrl":"https:\/\/akropoleriga.lv\/wp-content\/uploads\/sites\/2\/2025\/06\/6818_800_600_1-1.svg","width":1,"height":1,"caption":"Akropole Riga"},"image":{"@id":"https:\/\/akropoleriga.lv\/ru\/#\/schema\/logo\/image\/"}}]}},"_links":{"self":[{"href":"https:\/\/akropoleriga.lv\/ru\/wp-json\/wp\/v2\/pages\/4089","targetHints":{"allow":["GET"]}}],"collection":[{"href":"https:\/\/akropoleriga.lv\/ru\/wp-json\/wp\/v2\/pages"}],"about":[{"href":"https:\/\/akropoleriga.lv\/ru\/wp-json\/wp\/v2\/types\/page"}],"author":[{"embeddable":true,"href":"https:\/\/akropoleriga.lv\/ru\/wp-json\/wp\/v2\/users\/4"}],"replies":[{"embeddable":true,"href":"https:\/\/akropoleriga.lv\/ru\/wp-json\/wp\/v2\/comments?post=4089"}],"version-history":[{"count":4,"href":"https:\/\/akropoleriga.lv\/ru\/wp-json\/wp\/v2\/pages\/4089\/revisions"}],"predecessor-version":[{"id":4416,"href":"https:\/\/akropoleriga.lv\/ru\/wp-json\/wp\/v2\/pages\/4089\/revisions\/4416"}],"wp:attachment":[{"href":"https:\/\/akropoleriga.lv\/ru\/wp-json\/wp\/v2\/media?parent=4089"}],"curies":[{"name":"wp","href":"https:\/\/api.w.org\/{rel}","templated":true}]}}