{"id":3751,"date":"2025-06-11T12:27:20","date_gmt":"2025-06-11T12:27:20","guid":{"rendered":"https:\/\/akropoleriga.lv\/sustainability-report\/"},"modified":"2025-07-28T20:03:59","modified_gmt":"2025-07-28T20:03:59","slug":"otcet-ob-ustojcivom-razvitii","status":"publish","type":"page","link":"https:\/\/akropoleriga.lv\/ru\/otcet-ob-ustojcivom-razvitii\/","title":{"rendered":"\u041e\u0442\u0447\u0435\u0442 \u043e\u0431 \u0443\u0441\u0442\u043e\u0439\u0447\u0438\u0432\u043e\u043c \u0440\u0430\u0437\u0432\u0438\u0442\u0438\u0438"},"content":{"rendered":"\n    <section id=\"text-files-block-68361369d1224\" class=\"text-files\">\n        <div class=\"container\">\n            <div class=\"content-btns-wrap\">\n                                    <div class=\"content-wrap\">\n                        <h3>\u041e\u0442\u0447\u0435\u0442 \u043e\u0431 \u0443\u0441\u0442\u043e\u0439\u0447\u0438\u0432\u043e\u043c \u0440\u0430\u0437\u0432\u0438\u0442\u0438\u0438<\/h3>\n<p>UAB AKROPOLIS GROUP \u0441\u0442\u0440\u0435\u043c\u0438\u0442\u0441\u044f \u0441\u0444\u043e\u0440\u043c\u0438\u0440\u043e\u0432\u0430\u0442\u044c \u043e\u0442\u0432\u0435\u0442\u0441\u0442\u0432\u0435\u043d\u043d\u0443\u044e \u0438 \u0433\u0430\u0440\u043c\u043e\u043d\u0438\u0447\u043d\u043e \u0440\u0430\u0437\u0432\u0438\u0442\u0443\u044e \u043a\u043e\u0440\u043f\u043e\u0440\u0430\u0442\u0438\u0432\u043d\u0443\u044e \u043a\u0443\u043b\u044c\u0442\u0443\u0440\u0443. \u042f\u0432\u043b\u044f\u044f\u0441\u044c \u043b\u0438\u0434\u0435\u0440\u043e\u043c \u0432 \u0441\u0432\u043e\u0435\u0439 \u0441\u0444\u0435\u0440\u0435 \u0432 \u0441\u0442\u0440\u0430\u043d\u0430\u0445 \u0411\u0430\u043b\u0442\u0438\u0438, \u043c\u044b \u0441\u0442\u0440\u0435\u043c\u0438\u043c\u0441\u044f \u043f\u043e\u0432\u044b\u0441\u0438\u0442\u044c \u0443\u0441\u0442\u043e\u0439\u0447\u0438\u0432\u043e\u0441\u0442\u044c \u0441\u0432\u043e\u0435\u0439 \u0434\u0435\u044f\u0442\u0435\u043b\u044c\u043d\u043e\u0441\u0442\u0438, \u0438 \u0432\u043d\u0435\u0434\u0440\u044f\u0435\u043c\u044b\u0435 \u043d\u0430\u043c\u0438 \u0438\u043d\u0438\u0446\u0438\u0430\u0442\u0438\u0432\u044b \u0443\u0441\u0442\u043e\u0439\u0447\u0438\u0432\u043e\u0441\u0442\u0438 \u0432\u0430\u0436\u043d\u044b \u0434\u043b\u044f \u043d\u0430\u0448\u0438\u0445 \u043f\u043e\u0441\u0435\u0442\u0438\u0442\u0435\u043b\u0435\u0439, \u0434\u0435\u043b\u043e\u0432\u044b\u0445 \u043f\u0430\u0440\u0442\u043d\u0435\u0440\u043e\u0432 \u0438 \u0438\u043d\u0432\u0435\u0441\u0442\u043e\u0440\u043e\u0432.<\/p>\n                    <\/div>\n                                                    <div class=\"btns-wrap\">\n                                                        <a class=\"btn bg-red dot download download-pdf\" target=\"_blank\"\n                                   href=\"https:\/\/akropoleriga.lv\/wp-content\/uploads\/sites\/2\/2025\/06\/11697_EN_Sustainability_2023.pdf\">\n                                    <span>\u041e\u0442\u0447\u0435\u0442 \u043e\u0431 \u0443\u0441\u0442\u043e\u0439\u0447\u0438\u0432\u043e\u043c \u0440\u0430\u0437\u0432\u0438\u0442\u0438\u0438 2023<\/span>\n                                <\/a>\n                                                            <a class=\"btn bg-red dot download download-pdf\" target=\"_blank\"\n                                   href=\"https:\/\/akropoleriga.lv\/wp-content\/uploads\/sites\/2\/2025\/06\/481_AKROPOLIS-GROUP-Sustainability-Report-2022_compressed.pdf\">\n                                    <span>\u041e\u0442\u0447\u0435\u0442 \u043e\u0431 \u0443\u0441\u0442\u043e\u0439\u0447\u0438\u0432\u043e\u043c \u0440\u0430\u0437\u0432\u0438\u0442\u0438\u0438 2022<\/span>\n                                <\/a>\n                                                <\/div>\n                            <\/div>\n        <\/div>\n    <\/section>\n\n<script>window.dispatchEvent( new Event('acf\/loaded\/text-files'));<\/script>\n\n\n    <section id=\"newsletter-block-686e93a8bf873\" class=\"newsletter\">\n        <div class=\"cover-bg\">\n                            <div class=\"placeholder-image\">\n                    <img src=\"https:\/\/akropoleriga.lv\/wp-content\/themes\/mp-wbpk-gutenberg\/src\/images\/newsletter-placeholder.png\" alt=\"\u041f\u043e\u0434\u043f\u0438\u0441\u044b\u0432\u0430\u0439\u0442\u0435\u0441\u044c \u043d\u0430 \u0440\u0430\u0441\u0441\u044b\u043b\u043a\u0443 \u043d\u043e\u0432\u043e\u0441\u0442\u0435\u0439\" class=\"img-cover force-no-contrast\">\n                <\/div>\n                    <\/div>\n        <div class=\"container\">\n            <div class=\"newsletter-wrap\">\n                                    <h2 class=\"newsletter-title h5\">\u041f\u043e\u0434\u043f\u0438\u0441\u044b\u0432\u0430\u0439\u0442\u0435\u0441\u044c \u043d\u0430 \u0440\u0430\u0441\u0441\u044b\u043b\u043a\u0443 \u043d\u043e\u0432\u043e\u0441\u0442\u0435\u0439<\/h2>\n                                                    <div class=\"description\">\n                        <p>\u0423\u0437\u043d\u0430\u0439\u0442\u0435 \u043f\u0435\u0440\u0432\u044b\u043c\u0438 \u043e \u043b\u0443\u0447\u0448\u0438\u0445 \u043f\u0440\u0435\u0434\u043b\u043e\u0436\u0435\u043d\u0438\u044f\u0445, \u043c\u0435\u0440\u043e\u043f\u0440\u0438\u044f\u0442\u0438\u044f\u0445 \u0438 \u0441\u0430\u043c\u043e\u0439 \u0441\u0432\u0435\u0436\u0435\u0439 \u0438\u043d\u0444\u043e\u0440\u043c\u0430\u0446\u0438\u0438 \u043e\u0442 \u0442\u043e\u0440\u0433\u043e\u0432\u043e\u0433\u043e \u0446\u0435\u043d\u0442\u0440\u0430 AKROPOLIS.<\/p>\n                    <\/div>\n                                <div class=\"form-wrapper\">\n                    <form action=\"\" novalidate method=\"POST\">\n                        <div class=\"input-wrapper form-set\">\n                            <input type=\"hidden\" name=\"provider\" id=\"provider\"\n                                   value=\"omnisend\">\n                        <\/div>\n                        <div class=\"input-wrapper form-set\">\n                            \n\n    <div class=\"form-field email group-btn\" data-name=\"email\">\n        <label>\n                        <input name=\"email\"\n                   id=\"email\"\n                   value=\"\"\n                   class=\"\"\n                   type=\"email\"\n                   placeholder=\"\u0410\u0434\u0440\u0435\u0441 \u044d\u043b\u0435\u043a\u0442\u0440\u043e\u043d\u043d\u043e\u0439 \u043f\u043e\u0447\u0442\u044b\" required>\n        <\/label>\n        <div class=\"msg js-msg\" data-error-name=\"email\">\n            \u041e\u0448\u0438\u0431\u043a\u0430 \u043f\u043e\u043b\u044f \u044d\u043b\u0435\u043a\u0442\u0440\u043e\u043d\u043d\u043e\u0439 \u043f\u043e\u0447\u0442\u044b        <\/div>\n    <\/div>\n\n                        <\/div>\n                        <div class=\"btn-wrapper\">\n                            <button class=\"btn bg-white dot w-full\">\n                                <span>\u041f\u043e\u0434\u043f\u0438\u0441\u0430\u0442\u044c\u0441\u044f<\/span>\n                            <\/button>\n                        <\/div>\n                        <div class=\"input-wrapper checkbox form-set\">\n                            \n    <div class=\"form-field checkbox group-btn\" data-name=\"legal-\">\n        <div class=\"input-control\">\n            <input name=\"legal-\"\n                   id=\"legal-\"\n                   value=\"\"\n                   class=\"\"\n                   type=\"checkbox\"\n                   placeholder=\"\" required>\n            <label for=\"legal-\">\n                \u041f\u043e\u0434\u043f\u0438\u0441\u044b\u0432\u0430\u044f\u0441\u044c \u043d\u0430 \u0440\u0430\u0441\u0441\u044b\u043b\u043a\u0443, \u0432\u044b \u043f\u043e\u0434\u0442\u0432\u0435\u0440\u0436\u0434\u0430\u0435\u0442\u0435, \u0447\u0442\u043e \u0432\u0430\u043c \u0438\u0441\u043f\u043e\u043b\u043d\u0438\u043b\u043e\u0441\u044c 13 \u043b\u0435\u0442.            <\/label>\n        <\/div>\n        <div class=\"msg js-msg\" data-error-name=\"legal-\">\n                    <\/div>\n    <\/div>\n\n                        <\/div>\n                    <\/form>\n                <\/div>\n            <\/div>\n                            <div class=\"newsletter-success-message\">\n                    <p>&nbsp;<\/p>\n<div id=\"lt-accessibility-devtools\" aria-hidden=\"true\"><\/div>\n                <\/div>\n                    <\/div>\n    <\/section>\n\n<script>window.dispatchEvent( new Event('acf\/loaded\/newsletter'));<\/script>","protected":false},"excerpt":{"rendered":"","protected":false},"author":1,"featured_media":0,"parent":0,"menu_order":0,"comment_status":"closed","ping_status":"closed","template":"","meta":{"_acf_changed":false,"footnotes":""},"class_list":["post-3751","page","type-page","status-publish","hentry"],"acf":[],"yoast_head":"<!-- This site is optimized with the Yoast SEO plugin v27.0 - https:\/\/yoast.com\/product\/yoast-seo-wordpress\/ -->\n<title>\u041e\u0442\u0447\u0435\u0442 \u043e\u0431 \u0443\u0441\u0442\u043e\u0439\u0447\u0438\u0432\u043e\u043c \u0440\u0430\u0437\u0432\u0438\u0442\u0438\u0438 - Akropole Riga<\/title>\n<meta name=\"robots\" content=\"index, follow, max-snippet:-1, max-image-preview:large, max-video-preview:-1\" \/>\n<link rel=\"canonical\" href=\"https:\/\/akropoleriga.lv\/ru\/otcet-ob-ustojcivom-razvitii\/\" \/>\n<meta property=\"og:locale\" content=\"ru_RU\" \/>\n<meta property=\"og:type\" content=\"article\" \/>\n<meta property=\"og:title\" content=\"\u041e\u0442\u0447\u0435\u0442 \u043e\u0431 \u0443\u0441\u0442\u043e\u0439\u0447\u0438\u0432\u043e\u043c \u0440\u0430\u0437\u0432\u0438\u0442\u0438\u0438 - Akropole Riga\" \/>\n<meta property=\"og:url\" content=\"https:\/\/akropoleriga.lv\/ru\/otcet-ob-ustojcivom-razvitii\/\" \/>\n<meta property=\"og:site_name\" content=\"Akropole Riga\" \/>\n<meta property=\"article:modified_time\" content=\"2025-07-28T20:03:59+00:00\" \/>\n<meta name=\"twitter:card\" content=\"summary_large_image\" \/>\n<script type=\"application\/ld+json\" class=\"yoast-schema-graph\">{\"@context\":\"https:\/\/schema.org\",\"@graph\":[{\"@type\":\"WebPage\",\"@id\":\"https:\/\/akropoleriga.lv\/ru\/otcet-ob-ustojcivom-razvitii\/\",\"url\":\"https:\/\/akropoleriga.lv\/ru\/otcet-ob-ustojcivom-razvitii\/\",\"name\":\"\u041e\u0442\u0447\u0435\u0442 \u043e\u0431 \u0443\u0441\u0442\u043e\u0439\u0447\u0438\u0432\u043e\u043c \u0440\u0430\u0437\u0432\u0438\u0442\u0438\u0438 - Akropole Riga\",\"isPartOf\":{\"@id\":\"https:\/\/akropoleriga.lv\/ru\/#website\"},\"datePublished\":\"2025-06-11T12:27:20+00:00\",\"dateModified\":\"2025-07-28T20:03:59+00:00\",\"breadcrumb\":{\"@id\":\"https:\/\/akropoleriga.lv\/ru\/otcet-ob-ustojcivom-razvitii\/#breadcrumb\"},\"inLanguage\":\"ru-RU\",\"potentialAction\":[{\"@type\":\"ReadAction\",\"target\":[\"https:\/\/akropoleriga.lv\/ru\/otcet-ob-ustojcivom-razvitii\/\"]}]},{\"@type\":\"BreadcrumbList\",\"@id\":\"https:\/\/akropoleriga.lv\/ru\/otcet-ob-ustojcivom-razvitii\/#breadcrumb\",\"itemListElement\":[{\"@type\":\"ListItem\",\"position\":1,\"name\":\"Home\",\"item\":\"https:\/\/akropoleriga.lv\/ru\/\"},{\"@type\":\"ListItem\",\"position\":2,\"name\":\"\u041e\u0442\u0447\u0435\u0442 \u043e\u0431 \u0443\u0441\u0442\u043e\u0439\u0447\u0438\u0432\u043e\u043c \u0440\u0430\u0437\u0432\u0438\u0442\u0438\u0438\"}]},{\"@type\":\"WebSite\",\"@id\":\"https:\/\/akropoleriga.lv\/ru\/#website\",\"url\":\"https:\/\/akropoleriga.lv\/ru\/\",\"name\":\"Akropole Riga\",\"description\":\"&quot;AKROPOLE R\u012bga&quot; iepirk\u0161an\u0101s un izklaides centrs \",\"publisher\":{\"@id\":\"https:\/\/akropoleriga.lv\/ru\/#organization\"},\"potentialAction\":[{\"@type\":\"SearchAction\",\"target\":{\"@type\":\"EntryPoint\",\"urlTemplate\":\"https:\/\/akropoleriga.lv\/ru\/?s={search_term_string}\"},\"query-input\":{\"@type\":\"PropertyValueSpecification\",\"valueRequired\":true,\"valueName\":\"search_term_string\"}}],\"inLanguage\":\"ru-RU\"},{\"@type\":\"Organization\",\"@id\":\"https:\/\/akropoleriga.lv\/ru\/#organization\",\"name\":\"Akropole Riga\",\"url\":\"https:\/\/akropoleriga.lv\/ru\/\",\"logo\":{\"@type\":\"ImageObject\",\"inLanguage\":\"ru-RU\",\"@id\":\"https:\/\/akropoleriga.lv\/ru\/#\/schema\/logo\/image\/\",\"url\":\"https:\/\/akropoleriga.lv\/wp-content\/uploads\/sites\/2\/2025\/06\/6818_800_600_1-1.svg\",\"contentUrl\":\"https:\/\/akropoleriga.lv\/wp-content\/uploads\/sites\/2\/2025\/06\/6818_800_600_1-1.svg\",\"width\":1,\"height\":1,\"caption\":\"Akropole Riga\"},\"image\":{\"@id\":\"https:\/\/akropoleriga.lv\/ru\/#\/schema\/logo\/image\/\"}}]}<\/script>\n<!-- \/ Yoast SEO plugin. -->","yoast_head_json":{"title":"\u041e\u0442\u0447\u0435\u0442 \u043e\u0431 \u0443\u0441\u0442\u043e\u0439\u0447\u0438\u0432\u043e\u043c \u0440\u0430\u0437\u0432\u0438\u0442\u0438\u0438 - Akropole Riga","robots":{"index":"index","follow":"follow","max-snippet":"max-snippet:-1","max-image-preview":"max-image-preview:large","max-video-preview":"max-video-preview:-1"},"canonical":"https:\/\/akropoleriga.lv\/ru\/otcet-ob-ustojcivom-razvitii\/","og_locale":"ru_RU","og_type":"article","og_title":"\u041e\u0442\u0447\u0435\u0442 \u043e\u0431 \u0443\u0441\u0442\u043e\u0439\u0447\u0438\u0432\u043e\u043c \u0440\u0430\u0437\u0432\u0438\u0442\u0438\u0438 - Akropole Riga","og_url":"https:\/\/akropoleriga.lv\/ru\/otcet-ob-ustojcivom-razvitii\/","og_site_name":"Akropole Riga","article_modified_time":"2025-07-28T20:03:59+00:00","twitter_card":"summary_large_image","schema":{"@context":"https:\/\/schema.org","@graph":[{"@type":"WebPage","@id":"https:\/\/akropoleriga.lv\/ru\/otcet-ob-ustojcivom-razvitii\/","url":"https:\/\/akropoleriga.lv\/ru\/otcet-ob-ustojcivom-razvitii\/","name":"\u041e\u0442\u0447\u0435\u0442 \u043e\u0431 \u0443\u0441\u0442\u043e\u0439\u0447\u0438\u0432\u043e\u043c \u0440\u0430\u0437\u0432\u0438\u0442\u0438\u0438 - Akropole Riga","isPartOf":{"@id":"https:\/\/akropoleriga.lv\/ru\/#website"},"datePublished":"2025-06-11T12:27:20+00:00","dateModified":"2025-07-28T20:03:59+00:00","breadcrumb":{"@id":"https:\/\/akropoleriga.lv\/ru\/otcet-ob-ustojcivom-razvitii\/#breadcrumb"},"inLanguage":"ru-RU","potentialAction":[{"@type":"ReadAction","target":["https:\/\/akropoleriga.lv\/ru\/otcet-ob-ustojcivom-razvitii\/"]}]},{"@type":"BreadcrumbList","@id":"https:\/\/akropoleriga.lv\/ru\/otcet-ob-ustojcivom-razvitii\/#breadcrumb","itemListElement":[{"@type":"ListItem","position":1,"name":"Home","item":"https:\/\/akropoleriga.lv\/ru\/"},{"@type":"ListItem","position":2,"name":"\u041e\u0442\u0447\u0435\u0442 \u043e\u0431 \u0443\u0441\u0442\u043e\u0439\u0447\u0438\u0432\u043e\u043c \u0440\u0430\u0437\u0432\u0438\u0442\u0438\u0438"}]},{"@type":"WebSite","@id":"https:\/\/akropoleriga.lv\/ru\/#website","url":"https:\/\/akropoleriga.lv\/ru\/","name":"Akropole Riga","description":"&quot;AKROPOLE R\u012bga&quot; iepirk\u0161an\u0101s un izklaides centrs ","publisher":{"@id":"https:\/\/akropoleriga.lv\/ru\/#organization"},"potentialAction":[{"@type":"SearchAction","target":{"@type":"EntryPoint","urlTemplate":"https:\/\/akropoleriga.lv\/ru\/?s={search_term_string}"},"query-input":{"@type":"PropertyValueSpecification","valueRequired":true,"valueName":"search_term_string"}}],"inLanguage":"ru-RU"},{"@type":"Organization","@id":"https:\/\/akropoleriga.lv\/ru\/#organization","name":"Akropole Riga","url":"https:\/\/akropoleriga.lv\/ru\/","logo":{"@type":"ImageObject","inLanguage":"ru-RU","@id":"https:\/\/akropoleriga.lv\/ru\/#\/schema\/logo\/image\/","url":"https:\/\/akropoleriga.lv\/wp-content\/uploads\/sites\/2\/2025\/06\/6818_800_600_1-1.svg","contentUrl":"https:\/\/akropoleriga.lv\/wp-content\/uploads\/sites\/2\/2025\/06\/6818_800_600_1-1.svg","width":1,"height":1,"caption":"Akropole Riga"},"image":{"@id":"https:\/\/akropoleriga.lv\/ru\/#\/schema\/logo\/image\/"}}]}},"_links":{"self":[{"href":"https:\/\/akropoleriga.lv\/ru\/wp-json\/wp\/v2\/pages\/3751","targetHints":{"allow":["GET"]}}],"collection":[{"href":"https:\/\/akropoleriga.lv\/ru\/wp-json\/wp\/v2\/pages"}],"about":[{"href":"https:\/\/akropoleriga.lv\/ru\/wp-json\/wp\/v2\/types\/page"}],"author":[{"embeddable":true,"href":"https:\/\/akropoleriga.lv\/ru\/wp-json\/wp\/v2\/users\/1"}],"replies":[{"embeddable":true,"href":"https:\/\/akropoleriga.lv\/ru\/wp-json\/wp\/v2\/comments?post=3751"}],"version-history":[{"count":4,"href":"https:\/\/akropoleriga.lv\/ru\/wp-json\/wp\/v2\/pages\/3751\/revisions"}],"predecessor-version":[{"id":4474,"href":"https:\/\/akropoleriga.lv\/ru\/wp-json\/wp\/v2\/pages\/3751\/revisions\/4474"}],"wp:attachment":[{"href":"https:\/\/akropoleriga.lv\/ru\/wp-json\/wp\/v2\/media?parent=3751"}],"curies":[{"name":"wp","href":"https:\/\/api.w.org\/{rel}","templated":true}]}}