{"id":3750,"date":"2025-06-11T12:28:09","date_gmt":"2025-06-11T12:28:09","guid":{"rendered":"https:\/\/akropoleriga.lv\/sustainability-policy\/"},"modified":"2025-07-09T16:16:32","modified_gmt":"2025-07-09T16:16:32","slug":"politika-ustojcivogo-razvitija","status":"publish","type":"page","link":"https:\/\/akropoleriga.lv\/ru\/politika-ustojcivogo-razvitija\/","title":{"rendered":"\u041f\u043e\u043b\u0438\u0442\u0438\u043a\u0430 \u0443\u0441\u0442\u043e\u0439\u0447\u0438\u0432\u043e\u0433\u043e \u0440\u0430\u0437\u0432\u0438\u0442\u0438\u044f"},"content":{"rendered":"    <section id=\"text-block-6819fc6146ef1\" class=\"text\">\n        <div class=\"container medium\">\n            <div class=\"content-wrap\">\n                <h3>\u041f\u043e\u043b\u0438\u0442\u0438\u043a\u0430 \u0443\u0441\u0442\u043e\u0439\u0447\u0438\u0432\u043e\u0433\u043e \u0440\u0430\u0437\u0432\u0438\u0442\u0438\u044f<\/h3>\n<p><span style=\"color: #ff0000\"><a style=\"color: #ff0000\" href=\"https:\/\/akropolis-lt.stillnot.live\/vilnius\/wp-content\/uploads\/sites\/4\/2025\/05\/12372_Sustainability-Policy-EN_ru_ru.pdf\">\u041f\u043e\u043b\u0438\u0442\u0438\u043a\u0430 \u0443\u0441\u0442\u043e\u0439\u0447\u0438\u0432\u043e\u0433\u043e \u0440\u0430\u0437\u0432\u0438\u0442\u0438\u044f<\/a><\/span> AKROPOLIS GROUP, UAB \u0443\u0441\u0442\u0430\u043d\u0430\u0432\u043b\u0438\u0432\u0430\u0435\u0442 \u043e\u0441\u043d\u043e\u0432\u043d\u044b\u0435 \u043f\u0440\u0438\u043d\u0446\u0438\u043f\u044b, \u0441\u0444\u0435\u0440\u044b \u0434\u0435\u044f\u0442\u0435\u043b\u044c\u043d\u043e\u0441\u0442\u0438 \u0438 \u043e\u0431\u044f\u0437\u0430\u0442\u0435\u043b\u044c\u0441\u0442\u0432\u0430 \u0432 \u0442\u0440\u0435\u0445 \u043e\u0431\u043b\u0430\u0441\u0442\u044f\u0445 \u0443\u0441\u0442\u043e\u0439\u0447\u0438\u0432\u043e\u0433\u043e \u0440\u0430\u0437\u0432\u0438\u0442\u0438\u044f: \u041e\u043a\u0440\u0443\u0436\u0430\u044e\u0449\u0430\u044f \u0441\u0440\u0435\u0434\u0430, \u0421\u043e\u0446\u0438\u0430\u043b\u044c\u043d\u0430\u044f \u0438 \u0423\u043f\u0440\u0430\u0432\u043b\u0435\u043d\u0438\u0435. \u041f\u043e\u043b\u0438\u0442\u0438\u043a\u0430 \u0443\u0441\u0442\u0430\u043d\u0430\u0432\u043b\u0438\u0432\u0430\u0435\u0442 \u043c\u0435\u0440\u044b \u043f\u043e \u043f\u0440\u0435\u0434\u043e\u0442\u0432\u0440\u0430\u0449\u0435\u043d\u0438\u044e \u0440\u0438\u0441\u043a\u043e\u0432 \u0443\u0441\u0442\u043e\u0439\u0447\u0438\u0432\u043e\u0433\u043e \u0440\u0430\u0437\u0432\u0438\u0442\u0438\u044f \u0438 \u043d\u0435\u0431\u043b\u0430\u0433\u043e\u043f\u0440\u0438\u044f\u0442\u043d\u044b\u0445 \u0432\u043e\u0437\u0434\u0435\u0439\u0441\u0442\u0432\u0438\u0439 \u0438 \u043f\u0440\u0435\u0434\u043e\u0441\u0442\u0430\u0432\u043b\u044f\u0435\u0442 \u0440\u0443\u043a\u043e\u0432\u043e\u0434\u044f\u0449\u0438\u0435 \u043f\u0440\u0438\u043d\u0446\u0438\u043f\u044b, \u0433\u0430\u0440\u0430\u043d\u0442\u0438\u0440\u0443\u044e\u0449\u0438\u0435, \u0447\u0442\u043e \u043c\u044b \u0440\u0430\u0431\u043e\u0442\u0430\u0435\u043c \u0432 \u0441\u043e\u043e\u0442\u0432\u0435\u0442\u0441\u0442\u0432\u0438\u0438 \u0441 \u043f\u0440\u0438\u043d\u0446\u0438\u043f\u0430\u043c\u0438 \u043e\u0442\u0432\u0435\u0442\u0441\u0442\u0432\u0435\u043d\u043d\u043e\u0439 \u043a\u043e\u043c\u043f\u0430\u043d\u0438\u0438.<\/p>\n<p><strong>\u041a\u043e\u0434\u0435\u043a\u0441 \u044d\u0442\u0438\u043a\u0438 \u043f\u0440\u0435\u0434\u043f\u0440\u0438\u043d\u0438\u043c\u0430\u0442\u0435\u043b\u044c\u0441\u043a\u043e\u0439 \u0434\u0435\u044f\u0442\u0435\u043b\u044c\u043d\u043e\u0441\u0442\u0438<\/strong><\/p>\n<p>\u0412 \u0441\u0432\u043e\u0435\u0439 \u0434\u0435\u044f\u0442\u0435\u043b\u044c\u043d\u043e\u0441\u0442\u0438 \u043c\u044b \u043e\u043f\u0438\u0440\u0430\u0435\u043c\u0441\u044f \u043d\u0430 \u043f\u0440\u0438\u043d\u0446\u0438\u043f\u044b \u0447\u0435\u0441\u0442\u043d\u043e\u0441\u0442\u0438, \u043f\u0440\u043e\u0437\u0440\u0430\u0447\u043d\u043e\u0441\u0442\u0438, \u0443\u0432\u0430\u0436\u0435\u043d\u0438\u044f \u0438 \u0441\u043e\u0446\u0438\u0430\u043b\u044c\u043d\u043e\u0439 \u043e\u0442\u0432\u0435\u0442\u0441\u0442\u0432\u0435\u043d\u043d\u043e\u0441\u0442\u0438, \u0438 \u043d\u0430\u0440\u044f\u0434\u0443 \u0441 \u0434\u0440\u0443\u0433\u0438\u043c\u0438 \u043f\u0440\u0435\u0434\u043f\u0440\u0438\u044f\u0442\u0438\u044f\u043c\u0438 \u0433\u0440\u0443\u043f\u043f\u044b UAB Vilniaus prekyba \u0441\u043e\u0431\u043b\u044e\u0434\u0430\u0435\u043c <a href=\"https:\/\/akropolis-lt.stillnot.live\/vilnius\/wp-content\/uploads\/sites\/4\/2025\/05\/12093_%D0%9A%D0%9E%D0%94%D0%95%D0%9A%D0%A1-%D0%AD%D0%A2%D0%98%D0%9A%D0%98-%D0%9F%D0%A0%D0%95%D0%94%D0%9F%D0%A0%D0%98%D0%9D%D0%98%D0%9C%D0%90%D0%A2%D0%95%D0%9B%D0%AC%D0%A1%D0%9A%D0%9E%D0%99-%D0%94%D0%95%D0%AF%D0%A2%D0%95%D0%9B%D0%AC%D0%9D%D0%9E%D0%A1%D0%A2%D0%98-UAB-VILNIAUS-PREKYBA.pdf\"><span style=\"color: #ff0000\">\u041a\u043e\u0434\u0435\u043a\u0441 \u044d\u0442\u0438\u043a\u0438 \u043f\u0440\u0435\u0434\u043f\u0440\u0438\u043d\u0438\u043c\u0430\u0442\u0435\u043b\u044c\u0441\u043a\u043e\u0439 \u0434\u0435\u044f\u0442\u0435\u043b\u044c\u043d\u043e\u0441\u0442\u0438<\/span> <\/a>UAB Vilniaus prekyba.<\/p>\n<p><strong>\u041f\u043e\u043b\u0438\u0442\u0438\u043a\u0430 \u043f\u0440\u0435\u0434\u043e\u0442\u0432\u0440\u0430\u0449\u0435\u043d\u0438\u044f \u043a\u043e\u0440\u0440\u0443\u043f\u0446\u0438\u0438<\/strong><\/p>\n<p><span style=\"color: #ff0000\"><a style=\"color: #ff0000\" href=\"https:\/\/akropolis-lt.stillnot.live\/vilnius\/wp-content\/uploads\/sites\/4\/2025\/05\/12887_49686_12092_%D0%9F%D0%9E%D0%9B%D0%98%D0%A2%D0%98%D0%9A%D0%90-%D0%9F%D0%A0%D0%95%D0%94%D0%9E%D0%A2%D0%92%D0%A0%D0%90%D0%A9%D0%95%D0%9D%D0%98%D0%AF-%D0%9A%D0%9E%D0%A0%D0%A0%D0%A3%D0%9F%D0%A6%D0%98%D0%98.pdf\">\u041f\u043e\u043b\u0438\u0442\u0438\u043a\u0430 \u043f\u0440\u0435\u0434\u043e\u0442\u0432\u0440\u0430\u0449\u0435\u043d\u0438\u044f \u043a\u043e\u0440\u0440\u0443\u043f\u0446\u0438\u0438<\/a><\/span> UAB AKROPOLIS GROUP \u0432\u043a\u043b\u044e\u0447\u0430\u0435\u0442 \u0432 \u0441\u0435\u0431\u044f \u043e\u0441\u043d\u043e\u0432\u043d\u044b\u0435 \u043f\u0440\u0438\u043d\u0446\u0438\u043f\u044b \u043f\u0440\u043e\u0437\u0440\u0430\u0447\u043d\u043e\u0441\u0442\u0438, \u043a\u043e\u0442\u043e\u0440\u044b\u043c\u0438 \u043c\u044b, \u043a\u0430\u043a \u043f\u0440\u0435\u0434\u043f\u0440\u0438\u044f\u0442\u0438\u0435 \u0433\u0440\u0443\u043f\u043f\u044b UAB AKROPOLIS GROUP, \u0440\u0443\u043a\u043e\u0432\u043e\u0434\u0441\u0442\u0432\u0443\u0435\u043c\u0441\u044f \u0432 \u0441\u0432\u043e\u0438\u0445 \u043f\u043e\u0432\u0441\u0435\u0434\u043d\u0435\u0432\u043d\u044b\u0445 \u0434\u0435\u0439\u0441\u0442\u0432\u0438\u044f\u0445.<\/p>\n<p>\u041d\u0430 \u043f\u0440\u0435\u0434\u043f\u0440\u0438\u044f\u0442\u0438\u0438 \u0440\u0430\u0431\u043e\u0442\u0430\u0435\u0442 \u043b\u0438\u043d\u0438\u044f \u0434\u043e\u0432\u0435\u0440\u0438\u044f, \u0442.\u0435. \u0430\u0434\u0440\u0435\u0441 \u044d\u043b\u0435\u043a\u0442\u0440\u043e\u043d\u043d\u043e\u0439 \u043f\u043e\u0447\u0442\u044b <span style=\"color: #ff0000\"><a style=\"color: #ff0000\" href=\"mailto:pasitikejimolinija@akropolis.lt\">pasitikejimolinija@akropolis.lt<\/a><\/span>, \u043d\u0430 \u043a\u043e\u0442\u043e\u0440\u044b\u0439 \u043c\u043e\u0436\u043d\u043e \u0441\u043e\u043e\u0431\u0449\u0430\u0442\u044c \u043e \u0441\u043b\u0443\u0447\u0430\u044f\u0445 \u0432\u0435\u0440\u043e\u044f\u0442\u043d\u043e\u0439 \u043a\u043e\u0440\u0440\u0443\u043f\u0446\u0438\u0438 \u0438\u043b\u0438 \u0434\u0440\u0443\u0433\u0438\u0445 \u043f\u0440\u0435\u0441\u0442\u0443\u043f\u043d\u044b\u0445 \u0434\u0435\u044f\u043d\u0438\u0439 \u0432 \u043a\u043e\u043c\u043f\u0430\u043d\u0438\u0438. \u041c\u044b \u0433\u0430\u0440\u0430\u043d\u0442\u0438\u0440\u0443\u0435\u043c \u043a\u043e\u043d\u0444\u0438\u0434\u0435\u043d\u0446\u0438\u0430\u043b\u044c\u043d\u043e\u0441\u0442\u044c. \u041f\u0440\u0435\u0434\u043b\u0430\u0433\u0430\u0435\u043c \u043f\u043e\u0434\u0430\u0432\u0430\u0442\u044c \u0441\u043e\u043e\u0431\u0449\u0435\u043d\u0438\u044f, \u0437\u0430\u043f\u043e\u043b\u043d\u0438\u0432 \u044d\u0442\u043e\u0442 <span style=\"color: #ff0000\"><a style=\"color: #ff0000\" href=\"https:\/\/akropoleriga.lv\/wp-content\/uploads\/sites\/2\/2025\/07\/12373_8895_\u0411\u041b\u0410\u041d\u041a-\u0421\u041e\u041e\u0411\u0429\u0415\u041d\u0418\u042f-\u041e-\u041d\u0410\u0420\u0423\u0428\u0415\u041d\u0418\u0418-1.docx\">\u0431\u043b\u0430\u043d\u043a.<\/a><\/span><\/p>\n<p><strong>\u041f\u043e\u043b\u0438\u0442\u0438\u043a\u0430 \u0440\u0430\u0432\u043d\u044b\u0445 \u0432\u043e\u0437\u043c\u043e\u0436\u043d\u043e\u0441\u0442\u0435\u0439 \u0438 \u043c\u043d\u043e\u0433\u043e\u043e\u0431\u0440\u0430\u0437\u0438\u0435<\/strong><\/p>\n<p>\u041c\u043d\u043e\u0433\u043e\u043e\u0431\u0440\u0430\u0437\u0438\u0435 \u0438 \u0440\u0430\u0432\u043d\u044b\u0435 \u0432\u043e\u0437\u043c\u043e\u0436\u043d\u043e\u0441\u0442\u0438 \u2013 \u043e\u0441\u043d\u043e\u0432\u0430 \u043e\u0442\u043a\u0440\u044b\u0442\u043e\u0433\u043e, \u043e\u0440\u0438\u0435\u043d\u0442\u0438\u0440\u043e\u0432\u0430\u043d\u043d\u043e\u0433\u043e \u043d\u0430 \u0431\u0443\u0434\u0443\u0449\u0435\u0435 \u0438 \u043f\u0440\u043e\u0446\u0432\u0435\u0442\u0430\u044e\u0449\u0435\u0433\u043e \u043e\u0431\u0449\u0435\u0441\u0442\u0432\u0430. <span style=\"color: #ff0000\"><a style=\"color: #ff0000\" href=\"https:\/\/akropolis-lt.stillnot.live\/vilnius\/wp-content\/uploads\/sites\/4\/2025\/05\/12374_8890_%D0%9F%D0%9E%D0%9B%D0%98%D0%A2%D0%98%D0%9A%D0%90-%D0%A0%D0%90%D0%92%D0%9D%D0%AB%D0%A5-%D0%92%D0%9E%D0%97%D0%9C%D0%9E%D0%96%D0%9D%D0%9E%D0%A1%D0%A2%D0%95%D0%99-%D0%98-%D0%A0%D0%90%D0%97%D0%9D%D0%9E%D0%9E%D0%91%D0%A0%D0%90%D0%97%D0%98%D0%AF.pdf\">\u041f\u043e\u043b\u0438\u0442\u0438\u043a\u0430 \u0440\u0430\u0432\u043d\u044b\u0445 \u0432\u043e\u0437\u043c\u043e\u0436\u043d\u043e\u0441\u0442\u0435\u0439 \u0438 \u043c\u043d\u043e\u0433\u043e\u043e\u0431\u0440\u0430\u0437\u0438\u044f<\/a> <\/span>\u043e\u043f\u0440\u0435\u0434\u0435\u043b\u044f\u0435\u0442 \u043f\u0440\u0438\u043c\u0435\u043d\u044f\u0435\u043c\u044b\u0435 UAB AKROPOLIS GROUP \u0438 \u043a\u043e\u043c\u043f\u0430\u043d\u0438\u044f\u043c\u0438 \u0433\u0440\u0443\u043f\u043f\u044b, \u0432\u043a\u043b\u044e\u0447\u0430\u044f \u0438 \u043d\u0430\u0448\u0443, \u043e\u0441\u043d\u043e\u0432\u043d\u044b\u0435 \u043f\u0440\u0438\u043d\u0446\u0438\u043f\u044b \u0440\u0430\u0432\u0435\u043d\u0441\u0442\u0432\u0430 \u043f\u043e\u043b\u043e\u0432 \u0438 \u043e\u0442\u0441\u0443\u0442\u0441\u0442\u0432\u0438\u044f \u0434\u0438\u0441\u043a\u0440\u0438\u043c\u0438\u043d\u0430\u0446\u0438\u0438, \u0430 \u0442\u0430\u043a\u0436\u0435 \u0440\u0443\u043a\u043e\u0432\u043e\u0434\u0441\u0442\u0432\u0430 \u043f\u043e \u0438\u0445 \u043e\u0441\u0443\u0449\u0435\u0441\u0442\u0432\u043b\u0435\u043d\u0438\u044e, \u0441\u043b\u0435\u0434\u043e\u0432\u0430\u043d\u0438\u0435 \u043a\u043e\u0442\u043e\u0440\u044b\u043c \u0441\u043e\u0437\u0434\u0430\u0435\u0442 \u0443\u0441\u043b\u043e\u0432\u0438\u044f \u0434\u043b\u044f \u0441\u043e\u0431\u043b\u044e\u0434\u0435\u043d\u0438\u044f \u043d\u0430\u0438\u0432\u044b\u0441\u0448\u0438\u0445 \u0441\u0442\u0430\u043d\u0434\u0430\u0440\u0442\u043e\u0432 \u044d\u0442\u0438\u043a\u0438 \u043f\u0440\u0435\u0434\u043f\u0440\u0438\u043d\u0438\u043c\u0430\u0442\u0435\u043b\u044c\u0441\u0442\u0432\u0430.<\/p>\n<p>\u041b\u0438\u0446\u0430, \u0441\u0447\u0438\u0442\u0430\u044e\u0449\u0438\u0435, \u0447\u0442\u043e \u0438\u0445 \u043f\u0440\u0430\u0432\u0430 \u043d\u0430 \u0440\u0430\u0432\u0435\u043d\u0441\u0442\u0432\u043e \u043d\u0430\u0440\u0443\u0448\u0430\u044e\u0442\u0441\u044f, \u043c\u043e\u0433\u0443\u0442 \u043e\u0431\u0440\u0430\u0442\u0438\u0442\u044c\u0441\u044f \u043a \u0440\u0443\u043a\u043e\u0432\u043e\u0434\u0438\u0442\u0435\u043b\u044e \u043f\u043e \u043f\u0435\u0440\u0441\u043e\u043d\u0430\u043b\u0443 UAB AKROPOLIS GROUP \u0438\u043b\u0438 \u043e\u0442\u043f\u0440\u0430\u0432\u0438\u0442\u044c \u0441\u043e\u043e\u0431\u0449\u0435\u043d\u0438\u0435 \u043d\u0430 \u043b\u0438\u043d\u0438\u044e \u0434\u043e\u0432\u0435\u0440\u0438\u044f: <span style=\"color: #ff0000\"><a style=\"color: #ff0000\" href=\"mailto:pasitikejimolinija@akropolis.lt\">pasitikejimolinija@akropolis.lt<\/a><\/span>. \u041c\u044b \u0433\u0430\u0440\u0430\u043d\u0442\u0438\u0440\u0443\u0435\u043c \u043a\u043e\u043d\u0444\u0438\u0434\u0435\u043d\u0446\u0438\u0430\u043b\u044c\u043d\u043e\u0441\u0442\u044c. \u041f\u0440\u0435\u0434\u043b\u0430\u0433\u0430\u0435\u043c \u043f\u043e\u0434\u0430\u0432\u0430\u0442\u044c \u0436\u0430\u043b\u043e\u0431\u0443, \u0437\u0430\u043f\u043e\u043b\u043d\u0438\u0432 \u044d\u0442\u043e\u0442<span style=\"color: #ff0000\"><a style=\"color: #ff0000\" href=\"https:\/\/akropoleriga.lv\/wp-content\/uploads\/sites\/2\/2025\/07\/12373_8895_\u0411\u041b\u0410\u041d\u041a-\u0421\u041e\u041e\u0411\u0429\u0415\u041d\u0418\u042f-\u041e-\u041d\u0410\u0420\u0423\u0428\u0415\u041d\u0418\u0418-1-1.docx\"> \u0431\u043b\u0430\u043d\u043a.<\/a><\/span><\/p>\n            <\/div>\n                    <\/div>\n    <\/section>\n\n<script>window.dispatchEvent( new Event('acf\/loaded\/text'));<\/script>\n\n\n    <section id=\"newsletter-block-686e958d877c2\" class=\"newsletter\">\n        <div class=\"cover-bg\">\n                            <div class=\"placeholder-image\">\n                    <img src=\"https:\/\/akropoleriga.lv\/wp-content\/themes\/mp-wbpk-gutenberg\/src\/images\/newsletter-placeholder.png\" alt=\"\u041f\u043e\u0434\u043f\u0438\u0441\u044b\u0432\u0430\u0439\u0442\u0435\u0441\u044c \u043d\u0430 \u0440\u0430\u0441\u0441\u044b\u043b\u043a\u0443 \u043d\u043e\u0432\u043e\u0441\u0442\u0435\u0439\" class=\"img-cover force-no-contrast\">\n                <\/div>\n                    <\/div>\n        <div class=\"container\">\n            <div class=\"newsletter-wrap\">\n                                    <h2 class=\"newsletter-title h5\">\u041f\u043e\u0434\u043f\u0438\u0441\u044b\u0432\u0430\u0439\u0442\u0435\u0441\u044c \u043d\u0430 \u0440\u0430\u0441\u0441\u044b\u043b\u043a\u0443 \u043d\u043e\u0432\u043e\u0441\u0442\u0435\u0439<\/h2>\n                                                    <div class=\"description\">\n                        <p>\u0423\u0437\u043d\u0430\u0439\u0442\u0435 \u043f\u0435\u0440\u0432\u044b\u043c\u0438 \u043e \u043b\u0443\u0447\u0448\u0438\u0445 \u043f\u0440\u0435\u0434\u043b\u043e\u0436\u0435\u043d\u0438\u044f\u0445, \u043c\u0435\u0440\u043e\u043f\u0440\u0438\u044f\u0442\u0438\u044f\u0445 \u0438 \u0441\u0430\u043c\u043e\u0439 \u0441\u0432\u0435\u0436\u0435\u0439 \u0438\u043d\u0444\u043e\u0440\u043c\u0430\u0446\u0438\u0438 \u043e\u0442 \u0442\u043e\u0440\u0433\u043e\u0432\u043e\u0433\u043e \u0446\u0435\u043d\u0442\u0440\u0430 AKROPOLIS.<\/p>\n                    <\/div>\n                                <div class=\"form-wrapper\">\n                    <form action=\"\" novalidate method=\"POST\">\n                        <div class=\"input-wrapper form-set\">\n                            <input type=\"hidden\" name=\"provider\" id=\"provider\"\n                                   value=\"omnisend\">\n                        <\/div>\n                        <div class=\"input-wrapper form-set\">\n                            \n\n    <div class=\"form-field email group-btn\" data-name=\"email\">\n        <label>\n                        <input name=\"email\"\n                   id=\"email\"\n                   value=\"\"\n                   class=\"\"\n                   type=\"email\"\n                   placeholder=\"\u0410\u0434\u0440\u0435\u0441 \u044d\u043b\u0435\u043a\u0442\u0440\u043e\u043d\u043d\u043e\u0439 \u043f\u043e\u0447\u0442\u044b\" required>\n        <\/label>\n        <div class=\"msg js-msg\" data-error-name=\"email\">\n            \u041e\u0448\u0438\u0431\u043a\u0430 \u043f\u043e\u043b\u044f \u044d\u043b\u0435\u043a\u0442\u0440\u043e\u043d\u043d\u043e\u0439 \u043f\u043e\u0447\u0442\u044b        <\/div>\n    <\/div>\n\n                        <\/div>\n                        <div class=\"btn-wrapper\">\n                            <button class=\"btn bg-white dot w-full\">\n                                <span>\u041f\u043e\u0434\u043f\u0438\u0441\u0430\u0442\u044c\u0441\u044f<\/span>\n                            <\/button>\n                        <\/div>\n                        <div class=\"input-wrapper checkbox form-set\">\n                            \n    <div class=\"form-field checkbox group-btn\" data-name=\"legal-\">\n        <div class=\"input-control\">\n            <input name=\"legal-\"\n                   id=\"legal-\"\n                   value=\"\"\n                   class=\"\"\n                   type=\"checkbox\"\n                   placeholder=\"\" required>\n            <label for=\"legal-\">\n                \u041f\u043e\u0434\u043f\u0438\u0441\u044b\u0432\u0430\u044f\u0441\u044c \u043d\u0430 \u0440\u0430\u0441\u0441\u044b\u043b\u043a\u0443, \u0432\u044b \u043f\u043e\u0434\u0442\u0432\u0435\u0440\u0436\u0434\u0430\u0435\u0442\u0435, \u0447\u0442\u043e \u0432\u0430\u043c \u0438\u0441\u043f\u043e\u043b\u043d\u0438\u043b\u043e\u0441\u044c 13 \u043b\u0435\u0442.            <\/label>\n        <\/div>\n        <div class=\"msg js-msg\" data-error-name=\"legal-\">\n                    <\/div>\n    <\/div>\n\n                        <\/div>\n                    <\/form>\n                <\/div>\n            <\/div>\n                            <div class=\"newsletter-success-message\">\n                    <p>&nbsp;<\/p>\n<div id=\"lt-accessibility-devtools\" aria-hidden=\"true\"><\/div>\n                <\/div>\n                    <\/div>\n    <\/section>\n\n<script>window.dispatchEvent( new Event('acf\/loaded\/newsletter'));<\/script>","protected":false},"excerpt":{"rendered":"","protected":false},"author":1,"featured_media":0,"parent":0,"menu_order":0,"comment_status":"closed","ping_status":"closed","template":"","meta":{"_acf_changed":false,"footnotes":""},"class_list":["post-3750","page","type-page","status-publish","hentry"],"acf":[],"yoast_head":"<!-- This site is optimized with the Yoast SEO plugin v27.0 - https:\/\/yoast.com\/product\/yoast-seo-wordpress\/ -->\n<title>\u041f\u043e\u043b\u0438\u0442\u0438\u043a\u0430 \u0443\u0441\u0442\u043e\u0439\u0447\u0438\u0432\u043e\u0433\u043e \u0440\u0430\u0437\u0432\u0438\u0442\u0438\u044f - Akropole Riga<\/title>\n<meta name=\"robots\" content=\"index, follow, max-snippet:-1, max-image-preview:large, max-video-preview:-1\" \/>\n<link rel=\"canonical\" href=\"https:\/\/akropoleriga.lv\/ru\/politika-ustojcivogo-razvitija\/\" \/>\n<meta property=\"og:locale\" content=\"ru_RU\" \/>\n<meta property=\"og:type\" content=\"article\" \/>\n<meta property=\"og:title\" content=\"\u041f\u043e\u043b\u0438\u0442\u0438\u043a\u0430 \u0443\u0441\u0442\u043e\u0439\u0447\u0438\u0432\u043e\u0433\u043e \u0440\u0430\u0437\u0432\u0438\u0442\u0438\u044f - Akropole Riga\" \/>\n<meta property=\"og:url\" content=\"https:\/\/akropoleriga.lv\/ru\/politika-ustojcivogo-razvitija\/\" \/>\n<meta property=\"og:site_name\" content=\"Akropole Riga\" \/>\n<meta property=\"article:modified_time\" content=\"2025-07-09T16:16:32+00:00\" \/>\n<meta name=\"twitter:card\" content=\"summary_large_image\" \/>\n<script type=\"application\/ld+json\" class=\"yoast-schema-graph\">{\"@context\":\"https:\/\/schema.org\",\"@graph\":[{\"@type\":\"WebPage\",\"@id\":\"https:\/\/akropoleriga.lv\/ru\/politika-ustojcivogo-razvitija\/\",\"url\":\"https:\/\/akropoleriga.lv\/ru\/politika-ustojcivogo-razvitija\/\",\"name\":\"\u041f\u043e\u043b\u0438\u0442\u0438\u043a\u0430 \u0443\u0441\u0442\u043e\u0439\u0447\u0438\u0432\u043e\u0433\u043e \u0440\u0430\u0437\u0432\u0438\u0442\u0438\u044f - Akropole Riga\",\"isPartOf\":{\"@id\":\"https:\/\/akropoleriga.lv\/ru\/#website\"},\"datePublished\":\"2025-06-11T12:28:09+00:00\",\"dateModified\":\"2025-07-09T16:16:32+00:00\",\"breadcrumb\":{\"@id\":\"https:\/\/akropoleriga.lv\/ru\/politika-ustojcivogo-razvitija\/#breadcrumb\"},\"inLanguage\":\"ru-RU\",\"potentialAction\":[{\"@type\":\"ReadAction\",\"target\":[\"https:\/\/akropoleriga.lv\/ru\/politika-ustojcivogo-razvitija\/\"]}]},{\"@type\":\"BreadcrumbList\",\"@id\":\"https:\/\/akropoleriga.lv\/ru\/politika-ustojcivogo-razvitija\/#breadcrumb\",\"itemListElement\":[{\"@type\":\"ListItem\",\"position\":1,\"name\":\"Home\",\"item\":\"https:\/\/akropoleriga.lv\/ru\/\"},{\"@type\":\"ListItem\",\"position\":2,\"name\":\"\u041f\u043e\u043b\u0438\u0442\u0438\u043a\u0430 \u0443\u0441\u0442\u043e\u0439\u0447\u0438\u0432\u043e\u0433\u043e \u0440\u0430\u0437\u0432\u0438\u0442\u0438\u044f\"}]},{\"@type\":\"WebSite\",\"@id\":\"https:\/\/akropoleriga.lv\/ru\/#website\",\"url\":\"https:\/\/akropoleriga.lv\/ru\/\",\"name\":\"Akropole Riga\",\"description\":\"&quot;AKROPOLE R\u012bga&quot; iepirk\u0161an\u0101s un izklaides centrs \",\"publisher\":{\"@id\":\"https:\/\/akropoleriga.lv\/ru\/#organization\"},\"potentialAction\":[{\"@type\":\"SearchAction\",\"target\":{\"@type\":\"EntryPoint\",\"urlTemplate\":\"https:\/\/akropoleriga.lv\/ru\/?s={search_term_string}\"},\"query-input\":{\"@type\":\"PropertyValueSpecification\",\"valueRequired\":true,\"valueName\":\"search_term_string\"}}],\"inLanguage\":\"ru-RU\"},{\"@type\":\"Organization\",\"@id\":\"https:\/\/akropoleriga.lv\/ru\/#organization\",\"name\":\"Akropole Riga\",\"url\":\"https:\/\/akropoleriga.lv\/ru\/\",\"logo\":{\"@type\":\"ImageObject\",\"inLanguage\":\"ru-RU\",\"@id\":\"https:\/\/akropoleriga.lv\/ru\/#\/schema\/logo\/image\/\",\"url\":\"https:\/\/akropoleriga.lv\/wp-content\/uploads\/sites\/2\/2025\/06\/6818_800_600_1-1.svg\",\"contentUrl\":\"https:\/\/akropoleriga.lv\/wp-content\/uploads\/sites\/2\/2025\/06\/6818_800_600_1-1.svg\",\"width\":1,\"height\":1,\"caption\":\"Akropole Riga\"},\"image\":{\"@id\":\"https:\/\/akropoleriga.lv\/ru\/#\/schema\/logo\/image\/\"}}]}<\/script>\n<!-- \/ Yoast SEO plugin. -->","yoast_head_json":{"title":"\u041f\u043e\u043b\u0438\u0442\u0438\u043a\u0430 \u0443\u0441\u0442\u043e\u0439\u0447\u0438\u0432\u043e\u0433\u043e \u0440\u0430\u0437\u0432\u0438\u0442\u0438\u044f - Akropole Riga","robots":{"index":"index","follow":"follow","max-snippet":"max-snippet:-1","max-image-preview":"max-image-preview:large","max-video-preview":"max-video-preview:-1"},"canonical":"https:\/\/akropoleriga.lv\/ru\/politika-ustojcivogo-razvitija\/","og_locale":"ru_RU","og_type":"article","og_title":"\u041f\u043e\u043b\u0438\u0442\u0438\u043a\u0430 \u0443\u0441\u0442\u043e\u0439\u0447\u0438\u0432\u043e\u0433\u043e \u0440\u0430\u0437\u0432\u0438\u0442\u0438\u044f - Akropole Riga","og_url":"https:\/\/akropoleriga.lv\/ru\/politika-ustojcivogo-razvitija\/","og_site_name":"Akropole Riga","article_modified_time":"2025-07-09T16:16:32+00:00","twitter_card":"summary_large_image","schema":{"@context":"https:\/\/schema.org","@graph":[{"@type":"WebPage","@id":"https:\/\/akropoleriga.lv\/ru\/politika-ustojcivogo-razvitija\/","url":"https:\/\/akropoleriga.lv\/ru\/politika-ustojcivogo-razvitija\/","name":"\u041f\u043e\u043b\u0438\u0442\u0438\u043a\u0430 \u0443\u0441\u0442\u043e\u0439\u0447\u0438\u0432\u043e\u0433\u043e \u0440\u0430\u0437\u0432\u0438\u0442\u0438\u044f - Akropole Riga","isPartOf":{"@id":"https:\/\/akropoleriga.lv\/ru\/#website"},"datePublished":"2025-06-11T12:28:09+00:00","dateModified":"2025-07-09T16:16:32+00:00","breadcrumb":{"@id":"https:\/\/akropoleriga.lv\/ru\/politika-ustojcivogo-razvitija\/#breadcrumb"},"inLanguage":"ru-RU","potentialAction":[{"@type":"ReadAction","target":["https:\/\/akropoleriga.lv\/ru\/politika-ustojcivogo-razvitija\/"]}]},{"@type":"BreadcrumbList","@id":"https:\/\/akropoleriga.lv\/ru\/politika-ustojcivogo-razvitija\/#breadcrumb","itemListElement":[{"@type":"ListItem","position":1,"name":"Home","item":"https:\/\/akropoleriga.lv\/ru\/"},{"@type":"ListItem","position":2,"name":"\u041f\u043e\u043b\u0438\u0442\u0438\u043a\u0430 \u0443\u0441\u0442\u043e\u0439\u0447\u0438\u0432\u043e\u0433\u043e \u0440\u0430\u0437\u0432\u0438\u0442\u0438\u044f"}]},{"@type":"WebSite","@id":"https:\/\/akropoleriga.lv\/ru\/#website","url":"https:\/\/akropoleriga.lv\/ru\/","name":"Akropole Riga","description":"&quot;AKROPOLE R\u012bga&quot; iepirk\u0161an\u0101s un izklaides centrs ","publisher":{"@id":"https:\/\/akropoleriga.lv\/ru\/#organization"},"potentialAction":[{"@type":"SearchAction","target":{"@type":"EntryPoint","urlTemplate":"https:\/\/akropoleriga.lv\/ru\/?s={search_term_string}"},"query-input":{"@type":"PropertyValueSpecification","valueRequired":true,"valueName":"search_term_string"}}],"inLanguage":"ru-RU"},{"@type":"Organization","@id":"https:\/\/akropoleriga.lv\/ru\/#organization","name":"Akropole Riga","url":"https:\/\/akropoleriga.lv\/ru\/","logo":{"@type":"ImageObject","inLanguage":"ru-RU","@id":"https:\/\/akropoleriga.lv\/ru\/#\/schema\/logo\/image\/","url":"https:\/\/akropoleriga.lv\/wp-content\/uploads\/sites\/2\/2025\/06\/6818_800_600_1-1.svg","contentUrl":"https:\/\/akropoleriga.lv\/wp-content\/uploads\/sites\/2\/2025\/06\/6818_800_600_1-1.svg","width":1,"height":1,"caption":"Akropole Riga"},"image":{"@id":"https:\/\/akropoleriga.lv\/ru\/#\/schema\/logo\/image\/"}}]}},"_links":{"self":[{"href":"https:\/\/akropoleriga.lv\/ru\/wp-json\/wp\/v2\/pages\/3750","targetHints":{"allow":["GET"]}}],"collection":[{"href":"https:\/\/akropoleriga.lv\/ru\/wp-json\/wp\/v2\/pages"}],"about":[{"href":"https:\/\/akropoleriga.lv\/ru\/wp-json\/wp\/v2\/types\/page"}],"author":[{"embeddable":true,"href":"https:\/\/akropoleriga.lv\/ru\/wp-json\/wp\/v2\/users\/1"}],"replies":[{"embeddable":true,"href":"https:\/\/akropoleriga.lv\/ru\/wp-json\/wp\/v2\/comments?post=3750"}],"version-history":[{"count":3,"href":"https:\/\/akropoleriga.lv\/ru\/wp-json\/wp\/v2\/pages\/3750\/revisions"}],"predecessor-version":[{"id":3993,"href":"https:\/\/akropoleriga.lv\/ru\/wp-json\/wp\/v2\/pages\/3750\/revisions\/3993"}],"wp:attachment":[{"href":"https:\/\/akropoleriga.lv\/ru\/wp-json\/wp\/v2\/media?parent=3750"}],"curies":[{"name":"wp","href":"https:\/\/api.w.org\/{rel}","templated":true}]}}