{"id":3741,"date":"2025-06-11T12:04:25","date_gmt":"2025-06-11T12:04:25","guid":{"rendered":"https:\/\/akropoleriga.lv\/gift-card\/"},"modified":"2026-02-05T19:10:56","modified_gmt":"2026-02-05T19:10:56","slug":"podarocnaja-karta","status":"publish","type":"page","link":"https:\/\/akropoleriga.lv\/ru\/podarocnaja-karta\/","title":{"rendered":"\u041f\u043e\u0434\u0430\u0440\u043e\u0447\u043d\u0430\u044f \u043a\u0430\u0440\u0442\u0430"},"content":{"rendered":"\n    <section id=\"post-hero-banner-block-6819f8b4d4ad2\"\n             class=\"post-hero-banner  overlay\">\n        <div class=\"cover-img\">\n                                            <picture>\n                    <source media=\"(min-width: 901px)\" class=\"no-lazy\"\n                            srcset=\"https:\/\/akropoleriga.lv\/wp-content\/uploads\/sites\/2\/2026\/02\/Akropole-DK-26-Event-1920x650-1.jpg\">\n                    <source media=\"(max-width: 901px)\" class=\"no-lazy\"\n                            srcset=\"https:\/\/akropoleriga.lv\/wp-content\/uploads\/sites\/2\/2026\/02\/Akropole-DK-26-HERO-Banner-1125-x-1344-904x1080.jpg\">\n\n                    <img src=\"https:\/\/akropoleriga.lv\/wp-content\/uploads\/sites\/2\/2026\/02\/Akropole-DK-26-Event-1920x650-1.jpg\"\n                         alt=\"\u0412\u0441\u0435 \u043f\u043e\u0434\u0430\u0440\u043a\u0438 \u0432 \u043e\u0434\u043d\u043e\u043c \u043c\u0435\u0441\u0442\u0435\"\n                         class=\"no-lazy force-no-contrast\">\n                <\/picture>\n                    <\/div>\n        <div class=\"container\">\n            <div class=\"event-content\">\n                                <h1>\u0412\u0441\u0435 \u043f\u043e\u0434\u0430\u0440\u043a\u0438 \u0432 \u043e\u0434\u043d\u043e\u043c \u043c\u0435\u0441\u0442\u0435<\/h1>\n                                <div class=\" app-download-bts\">\n                                                        <\/div>\n                                <div class=\"btn-wrap\">\n                                                                        <a class=\"btn bg-red dot\"\n                               target=\"_blank\"\n                               href=\"https:\/\/www.lieliskadavana.lv\/davanu-karte-akropole-akropole\"><span>\u041f\u043e\u043a\u0443\u043f\u043a\u0430<\/span><\/a>\n                                                            <\/div>\n            <\/div>\n        <\/div>\n    <\/section>\n\n<script>window.dispatchEvent( new Event('acf\/loaded\/post-hero-banner'));<\/script>\n\n\n    <section id=\"text-sidebar-block-6819f8b4de237\" class=\"text-sidebar\">\n        <div class=\"container\">\n            <div class=\"wrap \">\n                                    <div class=\"navigation-side\">\n                        <p>\u041d\u0430\u0432\u0438\u0433\u0430\u0446\u0438\u044f \u043f\u043e \u0441\u0442\u0440\u0430\u043d\u0438\u0446\u0435:<\/p>\n                                                    <ul>\n                                                                    <li><a class=\"js-policy-nav\" data-target=\"item-0\"\n                                           href=\"#item-0\">\u041d\u043e\u043c\u0438\u043d\u0430\u043b\u044b \u043f\u043e\u0434\u0430\u0440\u043e\u0447\u043d\u043e\u0439 \u043a\u0430\u0440\u0442\u044b<\/a><\/li>\n                                                                    <li><a class=\"js-policy-nav\" data-target=\"item-1\"\n                                           href=\"#item-1\">\u041f\u043e\u0434\u0430\u0440\u043e\u0447\u043d\u0443\u044e \u043a\u0430\u0440\u0442\u0443 AKROPOLE \u043c\u043e\u0436\u043d\u043e \u043f\u0440\u0438\u043e\u0431\u0440\u0435\u0441\u0442\u0438:<\/a><\/li>\n                                                                    <li><a class=\"js-policy-nav\" data-target=\"item-2\"\n                                           href=\"#item-2\">\u041f\u0440\u0430\u0432\u0438\u043b\u0430 \u043f\u043e\u0434\u0430\u0440\u043e\u0447\u043d\u044b\u0445 \u043a\u0430\u0440\u0442<\/a><\/li>\n                                                                    <li><a class=\"js-policy-nav\" data-target=\"item-3\"\n                                           href=\"#item-3\">\u0421\u0440\u043e\u043a \u0434\u0435\u0439\u0441\u0442\u0432\u0438\u044f \u041f\u043e\u0434\u0430\u0440\u043e\u0447\u043d\u043e\u0439 \u043a\u0430\u0440\u0442\u044b<\/a><\/li>\n                                                            <\/ul>\n                                            <\/div>\n                                <div class=\"content-title-side\">\n                                            <h1 class=\"h4\">AKROPOLE \u041f\u043e\u0434\u0430\u0440\u043e\u0447\u043d\u0430\u044f \u043a\u0430\u0440\u0442\u0430<\/h1>\n                                                                <div class=\"intro-text\"><p>\u041f\u0443\u0441\u0442\u044c \u0432 \u044d\u0442\u0443 \u043f\u0440\u0430\u0437\u0434\u043d\u0438\u0447\u043d\u0443\u044e \u043f\u043e\u0440\u0443 \u0443 \u0432\u0430\u0441 \u043f\u043e\u043b\u0443\u0447\u0438\u0442\u0441\u044f \u043f\u043e\u0440\u0430\u0434\u043e\u0432\u0430\u0442\u044c \u043a\u0430\u0436\u0434\u043e\u0433\u043e, \u043a\u0442\u043e \u0432\u0430\u043c \u0431\u043b\u0438\u0437\u043e\u043a!<\/p>\n<p>\u0421 \u043f\u043e\u0434\u0430\u0440\u043e\u0447\u043d\u043e\u0439 \u043a\u0430\u0440\u0442\u043e\u0439 AKROPOLE \u0432\u0441\u0435 \u043f\u0440\u0430\u0437\u0434\u043d\u0438\u0447\u043d\u044b\u0435 \u0436\u0435\u043b\u0430\u043d\u0438\u044f \u2013 \u0432 \u043e\u0434\u043d\u043e\u043c \u043f\u043e\u0434\u0430\u0440\u043a\u0435. \u041f\u043e\u0437\u0432\u043e\u043b\u044c \u0441\u0432\u043e\u0438\u043c \u0431\u043b\u0438\u0437\u043a\u0438\u043c \u0441\u0430\u043c\u0438\u043c \u0432\u044b\u0431\u0440\u0430\u0442\u044c \u043f\u043e\u0434\u0430\u0440\u043e\u043a \u0432 \u0431\u043e\u043b\u0435\u0435, \u0447\u0435\u043c 300 \u043c\u0430\u0433\u0430\u0437\u0438\u043d\u0430\u0445 \u043e\u0434\u0435\u0436\u0434\u044b, \u043e\u0431\u0443\u0432\u0438, \u0442\u043e\u0432\u0430\u0440\u043e\u0432 \u0434\u043b\u044f \u0434\u0435\u0442\u0435\u0439, \u0430\u043a\u0442\u0438\u0432\u043d\u043e\u0433\u043e \u043e\u0442\u0434\u044b\u0445\u0430 \u0438 \u0434\u043e\u043c\u0430, \u0430 \u0442\u0430\u043a\u0436\u0435 \u044d\u043b\u0435\u043a\u0442\u0440\u043e\u0442\u043e\u0432\u0430\u0440\u043e\u0432, \u0441 \u0448\u0438\u0440\u043e\u043a\u0438\u043c\u0438 \u0432\u043e\u0437\u043c\u043e\u0436\u043d\u043e\u0441\u0442\u044f\u043c\u0438 \u0434\u043e\u0441\u0443\u0433\u0430 \u0438 \u0440\u0435\u0441\u0442\u043e\u0440\u0430\u043d\u0430\u043c\u0438.<\/p>\n<\/div>\n                                                                <div class=\"content-side \">\n                                                        <div class=\"step-holder \">\n                                                                                            <div class=\"item js-policy-block\" data-target=\"item-0\"\n                                         id=\"item-0\">\n                                                                                        <div class=\"content-wrap\">\n                                                    <h6>\u041d\u043e\u043c\u0438\u043d\u0430\u043b\u044b \u043f\u043e\u0434\u0430\u0440\u043e\u0447\u043d\u043e\u0439 \u043a\u0430\u0440\u0442\u044b<\/h6>\n<p>\u0421\u0443\u043c\u043c\u0443 \u043f\u043e\u0434\u0430\u0440\u043e\u0447\u043d\u043e\u0439 \u043a\u0430\u0440\u0442\u044b \u00abAkropole\u00bb \u043c\u043e\u0436\u043d\u043e \u0432\u044b\u0431\u0440\u0430\u0442\u044c \u0441 \u0442\u043e\u0447\u043d\u043e\u0441\u0442\u044c\u044e \u0434\u043e 0,01 \u20ac: \u043e\u0442 \u043c\u0438\u043d\u0438\u043c\u0430\u043b\u044c\u043d\u043e\u0433\u043e \u043d\u043e\u043c\u0438\u043d\u0430\u043b\u0430 10 \u20ac \u0434\u043e \u043c\u0430\u043a\u0441\u0438\u043c\u0430\u043b\u044c\u043d\u043e\u0433\u043e \u2013 150 \u20ac.<\/p>\n                                                <\/div>\n                                                                                                                                                                                                                                    <div class=\"btns-wrap\">\n                                                                                                                    <a rel=\"noopener noreferrer\" class=\"btn dot bg-light-gray\"\n                                                               target=\"_blank\"\n                                                               href=\"https:\/\/www.lieliskadavana.lv\/davanu-karte-akropole-akropole\"><span>\u041f\u043e\u043a\u0443\u043f\u043a\u0430<\/span><\/a>\n                                                                                                            <\/div>\n                                                                                                                                                                                                                    <\/div>\n                                                            <\/div>\n                                                        <div class=\"step-holder \">\n                                                                                            <div class=\"item js-policy-block\" data-target=\"item-1\"\n                                         id=\"item-1\">\n                                                                                        <div class=\"content-wrap\">\n                                                    <h6>\u0412\u044b \u043c\u043e\u0436\u0435\u0442\u0435 \u043f\u0440\u0438\u043e\u0431\u0440\u0435\u0441\u0442\u0438 \u043f\u043e\u0434\u0430\u0440\u043e\u0447\u043d\u0443\u044e \u043a\u0430\u0440\u0442\u0443 AKROPOLE:<\/h6>\n<ul>\n<li>\u0438\u043d\u0442\u0435\u0440\u043d\u0435\u0442<\/li>\n<li>\u0412 \u0438\u043d\u0444\u043e\u0440\u043c\u0430\u0446\u0438\u043e\u043d\u043d\u043e\u043c \u0446\u0435\u043d\u0442\u0440\u0435 AKROPOLE R\u012bga<\/li>\n<li>\u0412 \u0438\u043d\u0444\u043e\u0440\u043c\u0430\u0446\u0438\u043e\u043d\u043d\u043e\u043c \u0446\u0435\u043d\u0442\u0440\u0435 AKROPOLE Alfa<\/li>\n<li>\u0412 \u0442\u043e\u0440\u0433\u043e\u0432\u043e\u0439 \u0442\u043e\u0447\u043a\u0435 \u00abLieliska d\u0101vana\u00bb<\/li>\n<\/ul>\n                                                <\/div>\n                                                                                                                                                                    <\/div>\n                                                            <\/div>\n                                                        <div class=\"step-holder \">\n                                                                                            <div class=\"item js-policy-block\" data-target=\"item-2\"\n                                         id=\"item-2\">\n                                                                                        <div class=\"content-wrap\">\n                                                    <h6>\u041f\u0440\u0430\u0432\u0438\u043b\u0430 \u043f\u043e\u0434\u0430\u0440\u043e\u0447\u043d\u044b\u0445 \u043a\u0430\u0440\u0442<\/h6>\n                                                <\/div>\n                                                                                                                                                                                <div class=\"content-wrap notice-text\">\n                                                    <p><strong>\u0412\u0430\u0436\u043d\u043e! \u041f\u0440\u0438\u043e\u0431\u0440\u0435\u0442\u0430\u044f \u043f\u043e\u0434\u0430\u0440\u043e\u0447\u043d\u0443\u044e \u043a\u0430\u0440\u0442\u0443 \u00abAKROPOLE\u00bb, \u0432\u044b \u043f\u043e\u0434\u0442\u0432\u0435\u0440\u0436\u0434\u0430\u0435\u0442\u0435, \u0447\u0442\u043e \u043e\u0437\u043d\u0430\u043a\u043e\u043c\u0438\u043b\u0438\u0441\u044c \u0441 \u043f\u0440\u0430\u0432\u0438\u043b\u0430\u043c\u0438 \u0438\u0441\u043f\u043e\u043b\u044c\u0437\u043e\u0432\u0430\u043d\u0438\u044f \u043f\u043e\u0434\u0430\u0440\u043e\u0447\u043d\u044b\u0445 \u043a\u0430\u0440\u0442. <a href=\"https:\/\/akropoleriga.lv\/en\/davanu-karsu-visparigie-noteikumi\/\" target=\"_blank\" rel=\"noopener\">\u041f\u0440\u0430\u0432\u0438\u043b\u0430 \u043f\u043e\u0434\u0430\u0440\u043e\u0447\u043d\u043e\u0439 \u043a\u0430\u0440\u0442\u044b \u00abAKROPOLE\u00bb<\/a>.<\/p>\n                                                <\/div>\n                                                                                                                                                                                                                                    <div class=\"btns-wrap\">\n                                                                                                                    <a rel=\"noopener noreferrer\" class=\"btn dot bg-light-gray\"\n                                                               target=\"_self\"\n                                                               href=\"https:\/\/akropoleriga.lv\/en\/gift-card\/gift-card-for-legal-entities\/\"><span>\u041f\u043e\u0434\u0430\u0440\u043e\u0447\u043d\u0430\u044f \u043a\u0430\u0440\u0442\u0430 \u0434\u043b\u044f \u044e\u0440\u0438\u0434\u0438\u0447\u0435\u0441\u043a\u0438\u0445 \u043b\u0438\u0446<\/span><\/a>\n                                                                                                                    <a rel=\"noopener noreferrer\" class=\"btn dot bg-light-gray\"\n                                                               target=\"_self\"\n                                                               href=\"https:\/\/akropoleriga.lv\/en\/davanu-karsu-visparigie-noteikumi\/\"><span>\u041e\u0431\u0449\u0438\u0435 \u043f\u043e\u043b\u043e\u0436\u0435\u043d\u0438\u044f \u0438 \u0443\u0441\u043b\u043e\u0432\u0438\u044f \u0434\u043b\u044f \u043f\u043e\u0434\u0430\u0440\u043e\u0447\u043d\u044b\u0445 \u043a\u0430\u0440\u0442<\/span><\/a>\n                                                                                                            <\/div>\n                                                                                                                                                                                                                    <\/div>\n                                                            <\/div>\n                                                        <div class=\"step-holder \">\n                                                                                            <div class=\"item js-policy-block\" data-target=\"item-3\"\n                                         id=\"item-3\">\n                                                                                        <div class=\"content-wrap\">\n                                                    <h6>Gift card validity period<\/h6>\n<div class=\"is-rel\">\n<div class=\"container page-section gift-description\">\n<div class=\"row\">\n<div class=\"offset-xl-1 col-xl-10\">\n<div class=\"block-text\">\n<div class=\"text\">\n<p>\u041f\u043e\u0434\u0430\u0440\u043e\u0447\u043d\u044b\u0435 \u043a\u0430\u0440\u0442\u044b AKROPOLE \u0434\u0435\u0439\u0441\u0442\u0432\u0438\u0442\u0435\u043b\u044c\u043d\u044b \u0432 \u0442\u0435\u0447\u0435\u043d\u0438\u0435 6 \u043c\u0435\u0441\u044f\u0446\u0435\u0432 \u0438 \u043c\u043e\u0433\u0443\u0442 \u0431\u044b\u0442\u044c \u043f\u0440\u043e\u0434\u043b\u0435\u043d\u044b \u0435\u0449\u0435 \u043d\u0430 6 \u043c\u0435\u0441\u044f\u0446\u0435\u0432 (\u043d\u0435 \u043f\u0440\u0435\u0432\u044b\u0448\u0430\u044f \u043e\u0431\u0449\u0438\u0439 \u0441\u0440\u043e\u043a \u0434\u0435\u0439\u0441\u0442\u0432\u0438\u044f, \u043a\u043e\u0442\u043e\u0440\u044b\u0439 \u0441\u043e\u0441\u0442\u0430\u0432\u043b\u044f\u0435\u0442 12 \u043c\u0435\u0441\u044f\u0446\u0435\u0432 \u0441\u043e \u0434\u043d\u044f \u043f\u043e\u043a\u0443\u043f\u043a\u0438). \u041f\u043b\u0430\u0442\u0430 \u0437\u0430 \u043f\u0440\u043e\u0434\u043b\u0435\u043d\u0438\u0435 \u0441\u043e\u0441\u0442\u0430\u0432\u043b\u044f\u0435\u0442 1,45 \u0435\u0432\u0440\u043e \u0437\u0430 \u043a\u0430\u0436\u0434\u0443\u044e \u043f\u043e\u0434\u0430\u0440\u043e\u0447\u043d\u0443\u044e \u043a\u0430\u0440\u0442\u0443, \u0438 \u0441\u0434\u0435\u043b\u0430\u0442\u044c \u044d\u0442\u043e \u043c\u043e\u0436\u043d\u043e \u0432 \u0438\u043d\u0444\u043e\u0440\u043c\u0430\u0446\u0438\u043e\u043d\u043d\u043e\u043c \u0446\u0435\u043d\u0442\u0440\u0435 AKROPOLE R\u012bga.<\/p>\n<\/div>\n<\/div>\n<\/div>\n<\/div>\n<\/div>\n<\/div>\n                                                <\/div>\n                                                                                                                                                                    <\/div>\n                                                            <\/div>\n                                                    <\/div>\n                                    <\/div>\n            <\/div>\n        <\/div>\n    <\/section>\n\n<script>window.dispatchEvent( new Event('acf\/loaded\/text-sidebar'));<\/script>\n\n    <section id=\"split-screen-content-block-6819f8b4de2fc\" class=\"split-screen-content\">\n        <div class=\"container-fluid\">\n            <div class=\"split-screen-content-wrap\">\n                                    <div class=\"item-wrap\">\n                                                    <div class=\"bg-wrap\">\n\n                                <img loading=\"lazy\" width=\"1920\" height=\"650\" src=\"https:\/\/akropoleriga.lv\/wp-content\/uploads\/sites\/2\/2026\/02\/Akropole-DK-26-Event-1920x650-1.jpg\" class=\"force-no-contrast \" alt=\"\" srcset=\"https:\/\/akropoleriga.lv\/wp-content\/uploads\/sites\/2\/2026\/02\/Akropole-DK-26-Event-1920x650-1.jpg 1920w, https:\/\/akropoleriga.lv\/wp-content\/uploads\/sites\/2\/2026\/02\/Akropole-DK-26-Event-1920x650-1-300x102.jpg 300w, https:\/\/akropoleriga.lv\/wp-content\/uploads\/sites\/2\/2026\/02\/Akropole-DK-26-Event-1920x650-1-1024x347.jpg 1024w, https:\/\/akropoleriga.lv\/wp-content\/uploads\/sites\/2\/2026\/02\/Akropole-DK-26-Event-1920x650-1-768x260.jpg 768w, https:\/\/akropoleriga.lv\/wp-content\/uploads\/sites\/2\/2026\/02\/Akropole-DK-26-Event-1920x650-1-1536x520.jpg 1536w\" sizes=\"auto, (max-width: 1920px) 100vw, 1920px\" \/>\n                                                            <\/div>\n                                                <div class=\"text-button-wrap\">\n                                                            <h2 class=\"h5 item-title\">\u0412\u0441\u0435 \u043f\u043e\u0434\u0430\u0440\u043a\u0438 \u0432 \u043e\u0434\u043d\u043e\u043c \u043c\u0435\u0441\u0442\u0435<\/h2>\n                                                                                    <div class=\"description\"><\/div>\n                                                            <a class=\"btn primary dot bg-white\" rel=\"noopener noreferrer\"\n                                   target=\"_blank\"\n                                   href=\"https:\/\/www.lieliskadavana.lv\/davanu-karte-akropole-akropole\"><span>\u041f\u043e\u043a\u0443\u043f\u043a\u0430<\/span><\/a>\n                                                    <\/div>\n                    <\/div>\n                            <\/div>\n        <\/div>\n    <\/section>\n\n<script>window.dispatchEvent( new Event('acf\/loaded\/split-screen-content'));<\/script>","protected":false},"excerpt":{"rendered":"","protected":false},"author":1,"featured_media":0,"parent":0,"menu_order":0,"comment_status":"closed","ping_status":"closed","template":"","meta":{"_acf_changed":false,"footnotes":""},"class_list":["post-3741","page","type-page","status-publish","hentry"],"acf":[],"yoast_head":"<!-- This site is optimized with the Yoast SEO plugin v27.0 - https:\/\/yoast.com\/product\/yoast-seo-wordpress\/ -->\n<title>\u041f\u043e\u0434\u0430\u0440\u043e\u0447\u043d\u0430\u044f \u043a\u0430\u0440\u0442\u0430 - Akropole Riga<\/title>\n<meta name=\"robots\" content=\"index, follow, max-snippet:-1, max-image-preview:large, max-video-preview:-1\" \/>\n<link rel=\"canonical\" href=\"https:\/\/akropoleriga.lv\/ru\/podarocnaja-karta\/\" \/>\n<meta property=\"og:locale\" content=\"ru_RU\" \/>\n<meta property=\"og:type\" content=\"article\" \/>\n<meta property=\"og:title\" content=\"\u041f\u043e\u0434\u0430\u0440\u043e\u0447\u043d\u0430\u044f \u043a\u0430\u0440\u0442\u0430 - Akropole Riga\" \/>\n<meta property=\"og:url\" content=\"https:\/\/akropoleriga.lv\/ru\/podarocnaja-karta\/\" \/>\n<meta property=\"og:site_name\" content=\"Akropole Riga\" \/>\n<meta property=\"article:modified_time\" content=\"2026-02-05T19:10:56+00:00\" \/>\n<meta name=\"twitter:card\" content=\"summary_large_image\" \/>\n<script type=\"application\/ld+json\" class=\"yoast-schema-graph\">{\"@context\":\"https:\/\/schema.org\",\"@graph\":[{\"@type\":\"WebPage\",\"@id\":\"https:\/\/akropoleriga.lv\/ru\/podarocnaja-karta\/\",\"url\":\"https:\/\/akropoleriga.lv\/ru\/podarocnaja-karta\/\",\"name\":\"\u041f\u043e\u0434\u0430\u0440\u043e\u0447\u043d\u0430\u044f \u043a\u0430\u0440\u0442\u0430 - Akropole Riga\",\"isPartOf\":{\"@id\":\"https:\/\/akropoleriga.lv\/ru\/#website\"},\"datePublished\":\"2025-06-11T12:04:25+00:00\",\"dateModified\":\"2026-02-05T19:10:56+00:00\",\"breadcrumb\":{\"@id\":\"https:\/\/akropoleriga.lv\/ru\/podarocnaja-karta\/#breadcrumb\"},\"inLanguage\":\"ru-RU\",\"potentialAction\":[{\"@type\":\"ReadAction\",\"target\":[\"https:\/\/akropoleriga.lv\/ru\/podarocnaja-karta\/\"]}]},{\"@type\":\"BreadcrumbList\",\"@id\":\"https:\/\/akropoleriga.lv\/ru\/podarocnaja-karta\/#breadcrumb\",\"itemListElement\":[{\"@type\":\"ListItem\",\"position\":1,\"name\":\"Home\",\"item\":\"https:\/\/akropoleriga.lv\/ru\/\"},{\"@type\":\"ListItem\",\"position\":2,\"name\":\"\u041f\u043e\u0434\u0430\u0440\u043e\u0447\u043d\u0430\u044f \u043a\u0430\u0440\u0442\u0430\"}]},{\"@type\":\"WebSite\",\"@id\":\"https:\/\/akropoleriga.lv\/ru\/#website\",\"url\":\"https:\/\/akropoleriga.lv\/ru\/\",\"name\":\"Akropole Riga\",\"description\":\"&quot;AKROPOLE R\u012bga&quot; iepirk\u0161an\u0101s un izklaides centrs \",\"publisher\":{\"@id\":\"https:\/\/akropoleriga.lv\/ru\/#organization\"},\"potentialAction\":[{\"@type\":\"SearchAction\",\"target\":{\"@type\":\"EntryPoint\",\"urlTemplate\":\"https:\/\/akropoleriga.lv\/ru\/?s={search_term_string}\"},\"query-input\":{\"@type\":\"PropertyValueSpecification\",\"valueRequired\":true,\"valueName\":\"search_term_string\"}}],\"inLanguage\":\"ru-RU\"},{\"@type\":\"Organization\",\"@id\":\"https:\/\/akropoleriga.lv\/ru\/#organization\",\"name\":\"Akropole Riga\",\"url\":\"https:\/\/akropoleriga.lv\/ru\/\",\"logo\":{\"@type\":\"ImageObject\",\"inLanguage\":\"ru-RU\",\"@id\":\"https:\/\/akropoleriga.lv\/ru\/#\/schema\/logo\/image\/\",\"url\":\"https:\/\/akropoleriga.lv\/wp-content\/uploads\/sites\/2\/2025\/06\/6818_800_600_1-1.svg\",\"contentUrl\":\"https:\/\/akropoleriga.lv\/wp-content\/uploads\/sites\/2\/2025\/06\/6818_800_600_1-1.svg\",\"width\":1,\"height\":1,\"caption\":\"Akropole Riga\"},\"image\":{\"@id\":\"https:\/\/akropoleriga.lv\/ru\/#\/schema\/logo\/image\/\"}}]}<\/script>\n<!-- \/ Yoast SEO plugin. -->","yoast_head_json":{"title":"\u041f\u043e\u0434\u0430\u0440\u043e\u0447\u043d\u0430\u044f \u043a\u0430\u0440\u0442\u0430 - Akropole Riga","robots":{"index":"index","follow":"follow","max-snippet":"max-snippet:-1","max-image-preview":"max-image-preview:large","max-video-preview":"max-video-preview:-1"},"canonical":"https:\/\/akropoleriga.lv\/ru\/podarocnaja-karta\/","og_locale":"ru_RU","og_type":"article","og_title":"\u041f\u043e\u0434\u0430\u0440\u043e\u0447\u043d\u0430\u044f \u043a\u0430\u0440\u0442\u0430 - Akropole Riga","og_url":"https:\/\/akropoleriga.lv\/ru\/podarocnaja-karta\/","og_site_name":"Akropole Riga","article_modified_time":"2026-02-05T19:10:56+00:00","twitter_card":"summary_large_image","schema":{"@context":"https:\/\/schema.org","@graph":[{"@type":"WebPage","@id":"https:\/\/akropoleriga.lv\/ru\/podarocnaja-karta\/","url":"https:\/\/akropoleriga.lv\/ru\/podarocnaja-karta\/","name":"\u041f\u043e\u0434\u0430\u0440\u043e\u0447\u043d\u0430\u044f \u043a\u0430\u0440\u0442\u0430 - Akropole Riga","isPartOf":{"@id":"https:\/\/akropoleriga.lv\/ru\/#website"},"datePublished":"2025-06-11T12:04:25+00:00","dateModified":"2026-02-05T19:10:56+00:00","breadcrumb":{"@id":"https:\/\/akropoleriga.lv\/ru\/podarocnaja-karta\/#breadcrumb"},"inLanguage":"ru-RU","potentialAction":[{"@type":"ReadAction","target":["https:\/\/akropoleriga.lv\/ru\/podarocnaja-karta\/"]}]},{"@type":"BreadcrumbList","@id":"https:\/\/akropoleriga.lv\/ru\/podarocnaja-karta\/#breadcrumb","itemListElement":[{"@type":"ListItem","position":1,"name":"Home","item":"https:\/\/akropoleriga.lv\/ru\/"},{"@type":"ListItem","position":2,"name":"\u041f\u043e\u0434\u0430\u0440\u043e\u0447\u043d\u0430\u044f \u043a\u0430\u0440\u0442\u0430"}]},{"@type":"WebSite","@id":"https:\/\/akropoleriga.lv\/ru\/#website","url":"https:\/\/akropoleriga.lv\/ru\/","name":"Akropole Riga","description":"&quot;AKROPOLE R\u012bga&quot; iepirk\u0161an\u0101s un izklaides centrs ","publisher":{"@id":"https:\/\/akropoleriga.lv\/ru\/#organization"},"potentialAction":[{"@type":"SearchAction","target":{"@type":"EntryPoint","urlTemplate":"https:\/\/akropoleriga.lv\/ru\/?s={search_term_string}"},"query-input":{"@type":"PropertyValueSpecification","valueRequired":true,"valueName":"search_term_string"}}],"inLanguage":"ru-RU"},{"@type":"Organization","@id":"https:\/\/akropoleriga.lv\/ru\/#organization","name":"Akropole Riga","url":"https:\/\/akropoleriga.lv\/ru\/","logo":{"@type":"ImageObject","inLanguage":"ru-RU","@id":"https:\/\/akropoleriga.lv\/ru\/#\/schema\/logo\/image\/","url":"https:\/\/akropoleriga.lv\/wp-content\/uploads\/sites\/2\/2025\/06\/6818_800_600_1-1.svg","contentUrl":"https:\/\/akropoleriga.lv\/wp-content\/uploads\/sites\/2\/2025\/06\/6818_800_600_1-1.svg","width":1,"height":1,"caption":"Akropole Riga"},"image":{"@id":"https:\/\/akropoleriga.lv\/ru\/#\/schema\/logo\/image\/"}}]}},"_links":{"self":[{"href":"https:\/\/akropoleriga.lv\/ru\/wp-json\/wp\/v2\/pages\/3741","targetHints":{"allow":["GET"]}}],"collection":[{"href":"https:\/\/akropoleriga.lv\/ru\/wp-json\/wp\/v2\/pages"}],"about":[{"href":"https:\/\/akropoleriga.lv\/ru\/wp-json\/wp\/v2\/types\/page"}],"author":[{"embeddable":true,"href":"https:\/\/akropoleriga.lv\/ru\/wp-json\/wp\/v2\/users\/1"}],"replies":[{"embeddable":true,"href":"https:\/\/akropoleriga.lv\/ru\/wp-json\/wp\/v2\/comments?post=3741"}],"version-history":[{"count":10,"href":"https:\/\/akropoleriga.lv\/ru\/wp-json\/wp\/v2\/pages\/3741\/revisions"}],"predecessor-version":[{"id":6529,"href":"https:\/\/akropoleriga.lv\/ru\/wp-json\/wp\/v2\/pages\/3741\/revisions\/6529"}],"wp:attachment":[{"href":"https:\/\/akropoleriga.lv\/ru\/wp-json\/wp\/v2\/media?parent=3741"}],"curies":[{"name":"wp","href":"https:\/\/api.w.org\/{rel}","templated":true}]}}