{"id":3739,"date":"2025-06-11T13:56:01","date_gmt":"2025-06-11T13:56:01","guid":{"rendered":"https:\/\/akropoleriga.lv\/events\/"},"modified":"2025-07-24T14:39:15","modified_gmt":"2025-07-24T14:39:15","slug":"meroprijatija","status":"publish","type":"page","link":"https:\/\/akropoleriga.lv\/ru\/meroprijatija\/","title":{"rendered":"\u041c\u0435\u0440\u043e\u043f\u0440\u0438\u044f\u0442\u0438\u044f"},"content":{"rendered":"\n    <section id=\"event-promo-list-block-68498af1e6b45\" class=\"event-promo-list js-event-promo-list\"\n             data-order=\"pdesc\">\n        <div class=\"container\">\n                            <h1 class=\"h4\">\u041c\u0435\u0440\u043e\u043f\u0440\u0438\u044f\u0442\u0438\u044f<\/h1>\n                        <div class=\"form-section\">\n                <form method=\"get\" class=\"form-set js-filter-form\">\n                    <div class=\"controls-wrapper\">\n                        <div class=\"input-wrapper\">\n                            \n\n    <div class=\"form-field search group-btn\" data-name=\"\u041f\u043e\u0438\u0441\u043a\">\n        <label>\n            <svg width=\"24\" class=\"icon\" height=\"24\" viewBox=\"0 0 24 24\" fill=\"none\" xmlns=\"http:\/\/www.w3.org\/2000\/svg\">\n                <g clip-path=\"url(#clip0_1483_628)\">\n                    <path d=\"M10.6665 17.3329C14.3482 17.3329 17.3329 14.3482 17.3329 10.6665C17.3329 6.98467 14.3482 4 10.6665 4C6.98467 4 4 6.98467 4 10.6665C4 14.3482 6.98467 17.3329 10.6665 17.3329Z\"\n                          stroke=\"black\" stroke-width=\"1.2\" stroke-linecap=\"round\" stroke-linejoin=\"round\"\/>\n                    <path d=\"M15.3806 15.3804L19.9996 19.9994\" stroke=\"black\" stroke-width=\"1.2\" stroke-linecap=\"square\"\n                          stroke-linejoin=\"round\"\/>\n                <\/g>\n                <defs>\n                    <clipPath id=\"clip0_1483_628\">\n                        <rect width=\"24\" height=\"24\" fill=\"white\"\/>\n                    <\/clipPath>\n                <\/defs>\n            <\/svg>\n            <input name=\"\u041f\u043e\u0438\u0441\u043a\"\n                   id=\"\u041f\u043e\u0438\u0441\u043a\"\n                   class=\"js-search-input\"\n                   type=\"search\"\n                                   placeholder=\"\u041f\u043e\u0438\u0441\u043a\" checked>\n        <\/label>\n    <\/div>\n\n                        <\/div>\n                        <div class=\"filter-wrapper\">\n                            <button type=\"button\"\n                                    class=\"btn bg-light-gray with-icon stroke js-sort-button sort-button\">\n                                <span>\u0421\u043e\u0440\u0442\u0438\u0440\u043e\u0432\u0430\u0442\u044c \u043f\u043e<\/span>\n                                <span class=\"icon\">\n                                    <svg width=\"18\" height=\"16\" viewBox=\"0 0 18 16\" fill=\"none\"\n                                         xmlns=\"http:\/\/www.w3.org\/2000\/svg\">\n                                        <path d=\"M1 8H13M1 4H17M1 12H9\" stroke=\"black\" stroke-width=\"1.2\"\n                                              stroke-miterlimit=\"10\" stroke-linecap=\"square\"\n                                              stroke-linejoin=\"round\"\/>\n                                        <\/svg>\n                                <\/span>\n                            <\/button>\n                            <div class=\"sort-modal js-sort-modal\">\n                                <div class=\"modal-wrapper\">\n                                    <div class=\"modal-section\">\n                                        <div class=\"inputs-wrapper\">\n                                            <div class=\"inputs-wrapper\">\n                                                <label class=\"sort-input input-control\">\n                                                    <input type=\"radio\" name=\"sort\" value=\"tasc\"\/>\n                                                    <span>\u0418\u043c\u044f \u043e\u0442 \u0410 \u0434\u043e \u042f<\/span>\n                                                <\/label>\n                                                <label class=\"sort-input input-control\">\n                                                    <input type=\"radio\" name=\"sort\" value=\"tdesc\"\/>\n                                                    <span>\u0418\u043c\u044f \u043e\u0442 \u042f \u0434\u043e A<\/span>\n                                                <\/label>\n                                                <label class=\"sort-input input-control\">\n                                                    <input type=\"radio\" name=\"sort\" value=\"dasc\"\/>\n                                                    <span>\u041d\u0430\u0447\u0430\u043b\u043e \u0441\u0440\u043e\u043a\u0430 \u0434\u0435\u0439\u0441\u0442\u0432\u0438\u044f \u0431\u043b\u0438\u0436\u0435 \u0432\u0441\u0435\u0433\u043e \u043a<\/span>\n                                                <\/label>\n                                                                                                    <label class=\"sort-input input-control\">\n                                                        <input type=\"radio\" name=\"sort\" value=\"ddesc\"\/>\n                                                        <span>\u0421\u0430\u043c\u043e\u0435 \u0434\u0430\u043b\u044c\u043d\u0435\u0435 \u043d\u0430\u0447\u0430\u043b\u043e \u0441\u0440\u043e\u043a\u0430 \u0434\u0435\u0439\u0441\u0442\u0432\u0438\u044f<\/span>\n                                                    <\/label>\n                                                    <label class=\"sort-input input-control\">\n                                                        <input type=\"radio\" name=\"sort\" value=\"pdesc\" checked=\"checked\"\/>\n                                                        <span>\u041f\u043e\u0441\u043b\u0435\u0434\u043d\u0438\u0435 \u0438\u0437<\/span>\n                                                    <\/label>\n                                                                                            <\/div>\n                                        <\/div>\n                                    <\/div>\n                                <\/div>\n                            <\/div>\n                        <\/div>\n                    <\/div>\n                                    <\/form>\n            <\/div>\n            <div class=\"list-content-wrapper \">\n                                                    <div class=\"posts-grid-wrapper\">\n                        <div class=\"posts-grid js-posts-grid grid-section\">\n                                                                                                \n<a href=\"https:\/\/akropoleriga.lv\/ru\/sobytiye\/%d0%b4%d0%b5%d1%82%d1%81%d0%ba%d0%b8%d0%b5-%d0%b2%d0%b5%d1%87%d0%b5%d1%80%d0%b8%d0%bd%d0%ba%d0%b8-%d0%bd%d0%b0-%d0%bb%d1%8c%d0%b4%d1%83\/\" class=\"event-card col-span-6 sm-col-span-12 post-card js-post-card \"\n   data-title=\"\u0414\u0435\u0442\u0441\u043a\u0438\u0435 \u0432\u0435\u0447\u0435\u0440\u0438\u043d\u043a\u0438 \u043d\u0430 \u043b\u044c\u0434\u0443\"\n   data-start=\"\" data-end=\"2025.06.11\"\n   data-time-start=\"\" data-time-end=\"\"\n   data-published=\"2025.06.11\"\n   data-groups=\" \"\n   data-id=\"3315\"\n   data-post-type=\"event\">\n    <div class=\"content-wrapper\">\n        <div class=\"image-wrapper\">\n                            <img class=\"force-no-contrast\" src=\"https:\/\/akropoleriga.lv\/wp-content\/uploads\/sites\/2\/2025\/06\/17023841784481_430_430_1.jpg\"\n                     srcset=\"https:\/\/akropoleriga.lv\/wp-content\/uploads\/sites\/2\/2025\/06\/17023841784481_430_430_1-300x300.jpg 300w, https:\/\/akropoleriga.lv\/wp-content\/uploads\/sites\/2\/2025\/06\/17023841784481_430_430_1-150x150.jpg 150w, https:\/\/akropoleriga.lv\/wp-content\/uploads\/sites\/2\/2025\/06\/17023841784481_430_430_1.jpg 430w\"\n                     alt=\"\u0414\u0435\u0442\u0441\u043a\u0438\u0435 \u0432\u0435\u0447\u0435\u0440\u0438\u043d\u043a\u0438 \u043d\u0430 \u043b\u044c\u0434\u0443\">\n                    <\/div>\n        <div class=\"overlay\">\n            <p class=\"overlay-title\">\u0411\u043e\u043b\u044c\u0448\u0435<\/p>\n        <\/div>\n    <\/div>\n                <h2 class=\"h7 event-title\">\n            \u0414\u0435\u0442\u0441\u043a\u0438\u0435 \u0432\u0435\u0447\u0435\u0440\u0438\u043d\u043a\u0438 \u043d\u0430 \u043b\u044c\u0434\u0443        <\/h2>\n    \n            <div class=\"date-wrapper\">\n                                                <p>\u0414\u0435\u0439\u0441\u0442\u0432\u0438\u0442\u0435\u043b\u044c\u043d\u043e \u0434\u043e 2025.06.11<\/p>\n                                    <\/div>\n    <\/a>\n                                                                                    <\/div>\n                        <div class=\"js-no-results no-results-message\">\n                            <p>No results found.<\/p>\n                        <\/div>\n                    <\/div>\n\n                            <\/div>\n        <\/div>\n    <\/section>\n\n<script>window.dispatchEvent( new Event('acf\/loaded\/event-promo-list'));<\/script>","protected":false},"excerpt":{"rendered":"","protected":false},"author":1,"featured_media":0,"parent":0,"menu_order":0,"comment_status":"closed","ping_status":"closed","template":"","meta":{"_acf_changed":false,"footnotes":""},"class_list":["post-3739","page","type-page","status-publish","hentry"],"acf":[],"yoast_head":"<!-- This site is optimized with the Yoast SEO plugin v27.0 - https:\/\/yoast.com\/product\/yoast-seo-wordpress\/ -->\n<title>\u041c\u0435\u0440\u043e\u043f\u0440\u0438\u044f\u0442\u0438\u044f - Akropole Riga<\/title>\n<meta name=\"robots\" content=\"index, follow, max-snippet:-1, max-image-preview:large, max-video-preview:-1\" \/>\n<link rel=\"canonical\" href=\"https:\/\/akropoleriga.lv\/ru\/meroprijatija\/\" \/>\n<meta property=\"og:locale\" content=\"ru_RU\" \/>\n<meta property=\"og:type\" content=\"article\" \/>\n<meta property=\"og:title\" content=\"\u041c\u0435\u0440\u043e\u043f\u0440\u0438\u044f\u0442\u0438\u044f - Akropole Riga\" \/>\n<meta property=\"og:url\" content=\"https:\/\/akropoleriga.lv\/ru\/meroprijatija\/\" \/>\n<meta property=\"og:site_name\" content=\"Akropole Riga\" \/>\n<meta property=\"article:modified_time\" content=\"2025-07-24T14:39:15+00:00\" \/>\n<meta name=\"twitter:card\" content=\"summary_large_image\" \/>\n<script type=\"application\/ld+json\" class=\"yoast-schema-graph\">{\"@context\":\"https:\/\/schema.org\",\"@graph\":[{\"@type\":\"WebPage\",\"@id\":\"https:\/\/akropoleriga.lv\/ru\/meroprijatija\/\",\"url\":\"https:\/\/akropoleriga.lv\/ru\/meroprijatija\/\",\"name\":\"\u041c\u0435\u0440\u043e\u043f\u0440\u0438\u044f\u0442\u0438\u044f - Akropole Riga\",\"isPartOf\":{\"@id\":\"https:\/\/akropoleriga.lv\/ru\/#website\"},\"datePublished\":\"2025-06-11T13:56:01+00:00\",\"dateModified\":\"2025-07-24T14:39:15+00:00\",\"breadcrumb\":{\"@id\":\"https:\/\/akropoleriga.lv\/ru\/meroprijatija\/#breadcrumb\"},\"inLanguage\":\"ru-RU\",\"potentialAction\":[{\"@type\":\"ReadAction\",\"target\":[\"https:\/\/akropoleriga.lv\/ru\/meroprijatija\/\"]}]},{\"@type\":\"BreadcrumbList\",\"@id\":\"https:\/\/akropoleriga.lv\/ru\/meroprijatija\/#breadcrumb\",\"itemListElement\":[{\"@type\":\"ListItem\",\"position\":1,\"name\":\"Home\",\"item\":\"https:\/\/akropoleriga.lv\/ru\/\"},{\"@type\":\"ListItem\",\"position\":2,\"name\":\"\u041c\u0435\u0440\u043e\u043f\u0440\u0438\u044f\u0442\u0438\u044f\"}]},{\"@type\":\"WebSite\",\"@id\":\"https:\/\/akropoleriga.lv\/ru\/#website\",\"url\":\"https:\/\/akropoleriga.lv\/ru\/\",\"name\":\"Akropole Riga\",\"description\":\"&quot;AKROPOLE R\u012bga&quot; iepirk\u0161an\u0101s un izklaides centrs \",\"publisher\":{\"@id\":\"https:\/\/akropoleriga.lv\/ru\/#organization\"},\"potentialAction\":[{\"@type\":\"SearchAction\",\"target\":{\"@type\":\"EntryPoint\",\"urlTemplate\":\"https:\/\/akropoleriga.lv\/ru\/?s={search_term_string}\"},\"query-input\":{\"@type\":\"PropertyValueSpecification\",\"valueRequired\":true,\"valueName\":\"search_term_string\"}}],\"inLanguage\":\"ru-RU\"},{\"@type\":\"Organization\",\"@id\":\"https:\/\/akropoleriga.lv\/ru\/#organization\",\"name\":\"Akropole Riga\",\"url\":\"https:\/\/akropoleriga.lv\/ru\/\",\"logo\":{\"@type\":\"ImageObject\",\"inLanguage\":\"ru-RU\",\"@id\":\"https:\/\/akropoleriga.lv\/ru\/#\/schema\/logo\/image\/\",\"url\":\"https:\/\/akropoleriga.lv\/wp-content\/uploads\/sites\/2\/2025\/06\/6818_800_600_1-1.svg\",\"contentUrl\":\"https:\/\/akropoleriga.lv\/wp-content\/uploads\/sites\/2\/2025\/06\/6818_800_600_1-1.svg\",\"width\":1,\"height\":1,\"caption\":\"Akropole Riga\"},\"image\":{\"@id\":\"https:\/\/akropoleriga.lv\/ru\/#\/schema\/logo\/image\/\"}}]}<\/script>\n<!-- \/ Yoast SEO plugin. -->","yoast_head_json":{"title":"\u041c\u0435\u0440\u043e\u043f\u0440\u0438\u044f\u0442\u0438\u044f - Akropole Riga","robots":{"index":"index","follow":"follow","max-snippet":"max-snippet:-1","max-image-preview":"max-image-preview:large","max-video-preview":"max-video-preview:-1"},"canonical":"https:\/\/akropoleriga.lv\/ru\/meroprijatija\/","og_locale":"ru_RU","og_type":"article","og_title":"\u041c\u0435\u0440\u043e\u043f\u0440\u0438\u044f\u0442\u0438\u044f - Akropole Riga","og_url":"https:\/\/akropoleriga.lv\/ru\/meroprijatija\/","og_site_name":"Akropole Riga","article_modified_time":"2025-07-24T14:39:15+00:00","twitter_card":"summary_large_image","schema":{"@context":"https:\/\/schema.org","@graph":[{"@type":"WebPage","@id":"https:\/\/akropoleriga.lv\/ru\/meroprijatija\/","url":"https:\/\/akropoleriga.lv\/ru\/meroprijatija\/","name":"\u041c\u0435\u0440\u043e\u043f\u0440\u0438\u044f\u0442\u0438\u044f - Akropole Riga","isPartOf":{"@id":"https:\/\/akropoleriga.lv\/ru\/#website"},"datePublished":"2025-06-11T13:56:01+00:00","dateModified":"2025-07-24T14:39:15+00:00","breadcrumb":{"@id":"https:\/\/akropoleriga.lv\/ru\/meroprijatija\/#breadcrumb"},"inLanguage":"ru-RU","potentialAction":[{"@type":"ReadAction","target":["https:\/\/akropoleriga.lv\/ru\/meroprijatija\/"]}]},{"@type":"BreadcrumbList","@id":"https:\/\/akropoleriga.lv\/ru\/meroprijatija\/#breadcrumb","itemListElement":[{"@type":"ListItem","position":1,"name":"Home","item":"https:\/\/akropoleriga.lv\/ru\/"},{"@type":"ListItem","position":2,"name":"\u041c\u0435\u0440\u043e\u043f\u0440\u0438\u044f\u0442\u0438\u044f"}]},{"@type":"WebSite","@id":"https:\/\/akropoleriga.lv\/ru\/#website","url":"https:\/\/akropoleriga.lv\/ru\/","name":"Akropole Riga","description":"&quot;AKROPOLE R\u012bga&quot; iepirk\u0161an\u0101s un izklaides centrs ","publisher":{"@id":"https:\/\/akropoleriga.lv\/ru\/#organization"},"potentialAction":[{"@type":"SearchAction","target":{"@type":"EntryPoint","urlTemplate":"https:\/\/akropoleriga.lv\/ru\/?s={search_term_string}"},"query-input":{"@type":"PropertyValueSpecification","valueRequired":true,"valueName":"search_term_string"}}],"inLanguage":"ru-RU"},{"@type":"Organization","@id":"https:\/\/akropoleriga.lv\/ru\/#organization","name":"Akropole Riga","url":"https:\/\/akropoleriga.lv\/ru\/","logo":{"@type":"ImageObject","inLanguage":"ru-RU","@id":"https:\/\/akropoleriga.lv\/ru\/#\/schema\/logo\/image\/","url":"https:\/\/akropoleriga.lv\/wp-content\/uploads\/sites\/2\/2025\/06\/6818_800_600_1-1.svg","contentUrl":"https:\/\/akropoleriga.lv\/wp-content\/uploads\/sites\/2\/2025\/06\/6818_800_600_1-1.svg","width":1,"height":1,"caption":"Akropole Riga"},"image":{"@id":"https:\/\/akropoleriga.lv\/ru\/#\/schema\/logo\/image\/"}}]}},"_links":{"self":[{"href":"https:\/\/akropoleriga.lv\/ru\/wp-json\/wp\/v2\/pages\/3739","targetHints":{"allow":["GET"]}}],"collection":[{"href":"https:\/\/akropoleriga.lv\/ru\/wp-json\/wp\/v2\/pages"}],"about":[{"href":"https:\/\/akropoleriga.lv\/ru\/wp-json\/wp\/v2\/types\/page"}],"author":[{"embeddable":true,"href":"https:\/\/akropoleriga.lv\/ru\/wp-json\/wp\/v2\/users\/1"}],"replies":[{"embeddable":true,"href":"https:\/\/akropoleriga.lv\/ru\/wp-json\/wp\/v2\/comments?post=3739"}],"version-history":[{"count":4,"href":"https:\/\/akropoleriga.lv\/ru\/wp-json\/wp\/v2\/pages\/3739\/revisions"}],"predecessor-version":[{"id":4418,"href":"https:\/\/akropoleriga.lv\/ru\/wp-json\/wp\/v2\/pages\/3739\/revisions\/4418"}],"wp:attachment":[{"href":"https:\/\/akropoleriga.lv\/ru\/wp-json\/wp\/v2\/media?parent=3739"}],"curies":[{"name":"wp","href":"https:\/\/api.w.org\/{rel}","templated":true}]}}