{"id":3737,"date":"2025-06-11T12:13:53","date_gmt":"2025-06-11T12:13:53","guid":{"rendered":"https:\/\/akropoleriga.lv\/contact\/"},"modified":"2026-02-26T15:04:05","modified_gmt":"2026-02-26T15:04:05","slug":"kontakty","status":"publish","type":"page","link":"https:\/\/akropoleriga.lv\/ru\/kontakty\/","title":{"rendered":"\u041a\u043e\u043d\u0442\u0430\u043a\u0442\u044b"},"content":{"rendered":"\n    <section id=\"contact-tabs-block-6834a14b0168d\" class=\"contact-tabs\">\n        <div class=\"container\">\n            <h1 class=\"h4\">\u041a\u043e\u043d\u0442\u0430\u043a\u0442\u044b<\/h1>\n                            <div class=\"tabs-title-wrapper\">\n                                            <button data-title-id=\"tab-0\"\n                             class=\"tab-title helper-btn active\">\u0418\u043d\u0444\u043e\u0440\u043c\u0430\u0446\u0438\u043e\u043d\u043d\u044b\u0435 \u0446\u0435\u043d\u0442\u0440\u044b<\/button>\n                                            <button data-title-id=\"tab-1\"\n                             class=\"tab-title helper-btn \">\u0410\u0434\u043c\u0438\u043d\u0438\u0441\u0442\u0440\u0430\u0446\u0438\u044f<\/button>\n                                    <\/div>\n                                    <div class=\"tabs-content-wrapper active\"\n                         data-content-id=\"tab-0\">\n                                                                                    <div class=\"card\">\n                                                                            <p class=\"title\">AKROPOLE R\u012bga<\/p>\n                                                                                                                <p>\u0418\u043d\u0444\u043e\u0440\u043c\u0430\u0446\u0438\u043e\u043d\u043d\u044b\u0439 \u0446\u0435\u043d\u0442\u0440<\/p>\n                                                                        <div class=\"contact-details\">\n                                                                                    <p>I-VII 10:00 &#8212; 21:00<\/p>\n                                                                                                                            <p><a target=\"_self\"\n                                                  href=\"tel:+371 683 04353\">+371 683 04353<\/a>\n                                            <\/p>\n                                                                                                                        <p><a target=\"_self\"\n                                              href=\"mailto:akropoleriga@akropoleriga.lv\">akropoleriga@akropoleriga.lv<\/a>\n                                                                                    <\/p>\n                                    <\/div>\n                                <\/div>\n                                                            <div class=\"card\">\n                                                                            <p class=\"title\">AKROPOLE R\u012bga \u0411\u0438\u0437\u043d\u0435\u0441 \u0426\u0435\u043d\u0442\u0440e<\/p>\n                                                                                                                <p>\u0418\u043d\u0444\u043e\u0440\u043c\u0430\u0446\u0438\u044f \u043f\u043e \u0430\u0440\u0435\u043d\u0434\u0435 \u043f\u043e\u043c\u0435\u0449\u0435\u043d\u0438\u0439 \u0432 \u0411\u0438\u0437\u043d\u0435\u0441 \u0426\u0435\u043d\u0442\u0440e<\/p>\n                                                                        <div class=\"contact-details\">\n                                                                                                                            <p><a target=\"_self\"\n                                                  href=\"tel:+371 273 25511\">+371 273 25511<\/a>\n                                            <\/p>\n                                                                                                                        <p><a target=\"_self\"\n                                              href=\"mailto:info@akropoleriga.lv\">info@akropoleriga.lv<\/a>\n                                                                                    <\/p>\n                                    <\/div>\n                                <\/div>\n                                                            <div class=\"card\">\n                                                                            <p class=\"title\">\u0412\u043e\u043f\u0440\u043e\u0441\u044b \u043f\u043e \u0430\u0440\u0435\u043d\u0434\u0435<\/p>\n                                                                                                                <p>\u0423\u043b. \u041b\u0430\u0442\u0433\u0430\u043b\u0435\u0441, \u0434. 257\u0412, \u0420\u0438\u0433\u0430, LV-1063, \u041b\u0430\u0442\u0432\u0438\u044f<\/p>\n                                                                        <div class=\"contact-details\">\n                                                                                                                            <p><a target=\"_self\"\n                                                  href=\"tel:+371 623 02150\">+371 623 02150<\/a>\n                                            <\/p>\n                                                                                                                        <p><a target=\"_self\"\n                                              href=\"mailto:noma@akropolelatvija.lv\">noma@akropolelatvija.lv<\/a>\n                                                                                    <\/p>\n                                    <\/div>\n                                <\/div>\n                                                            <div class=\"card\">\n                                                                            <p class=\"title\">\u0420\u0435\u043a\u043b\u0430\u043c\u043d\u0430\u044f \u0432\u043e\u0437\u043c\u043e\u0436\u043d\u043e\u0441\u0442\u044c<\/p>\n                                                                                                                <p>\u0423\u043b. \u041b\u0430\u0442\u0433\u0430\u043b\u0435\u0441, \u0434. 257\u0412, \u0420\u0438\u0433\u0430, LV-1063, \u041b\u0430\u0442\u0432\u0438\u044f<\/p>\n                                                                        <div class=\"contact-details\">\n                                                                                                                            <p><a target=\"_self\"\n                                                  href=\"tel:+371 273 32293\">+371 273 32293<\/a>\n                                            <\/p>\n                                                                                                                        <p><a target=\"_self\"\n                                              href=\"mailto:mboom@mboom.eu\">mboom@mboom.eu<\/a>\n                                                                                    <\/p>\n                                    <\/div>\n                                <\/div>\n                                                            <div class=\"card\">\n                                                                            <p class=\"title\">\u0420\u0435\u043a\u043b\u0430\u043c\u0430 \u043d\u0430 \u0446\u0438\u0444\u0440\u043e\u0432\u044b\u0445 \u044d\u043a\u0440\u0430\u043d\u0430\u0445<\/p>\n                                                                                                                <p>\u0423\u043b. \u041b\u0430\u0442\u0433\u0430\u043b\u0435\u0441, \u0434. 257\u0412, \u0420\u0438\u0433\u0430, LV-1063, \u041b\u0430\u0442\u0432\u0438\u044f<\/p>\n                                                                        <div class=\"contact-details\">\n                                                                                                                            <p><a target=\"_self\"\n                                                  href=\"tel:+371 273 32293\">+371 273 32293<\/a>\n                                            <\/p>\n                                                                                                                        <p><a target=\"_self\"\n                                              href=\"mailto:mboom@mboom.eu\">mboom@mboom.eu<\/a>\n                                                                                    <\/p>\n                                    <\/div>\n                                <\/div>\n                                                                        <\/div>\n                                    <div class=\"tabs-content-wrapper \"\n                         data-content-id=\"tab-1\">\n                                                                                    <div class=\"card\">\n                                                                            <p class=\"title\">\u0414\u043b\u044f \u043f\u0440\u0435\u0441\u0441\u044b<\/p>\n                                                                                                                <p>D\u0101rta Katr\u012bne Salna, VA Communications PR \u043a\u043e\u043d\u0441\u0443\u043b\u044c\u0442\u0430\u043d\u0442<\/p>\n                                                                        <div class=\"contact-details\">\n                                                                                    <p>I-V 9:00-17:00<\/p>\n                                                                                                                            <p><a target=\"_self\"\n                                                  href=\"tel:+371 267 07706\">+371 267 07706<\/a>\n                                            <\/p>\n                                                                                                                        <p><a target=\"_self\"\n                                              href=\"mailto:darta.salna@vilands.lv\">darta.salna@vilands.lv<\/a>\n                                                                                    <\/p>\n                                    <\/div>\n                                <\/div>\n                                                            <div class=\"card\">\n                                                                            <p class=\"title\">Akropole r\u012bga \u0430\u0434\u043c\u0438\u043d\u0438\u0441\u0442\u0440\u0430\u0446\u0438\u044f<\/p>\n                                                                                                                <p>\u0423\u043b. \u041b\u0430\u0442\u0433\u0430\u043b\u0435\u0441, \u0434. 257\u0412, \u0420\u0438\u0433\u0430, LV-1063, \u041b\u0430\u0442\u0432\u0438\u044f<\/p>\n                                                                        <div class=\"contact-details\">\n                                                                                                                            <p><a target=\"_self\"\n                                                  href=\"tel:+371 623 02150\">+371 623 02150<\/a>\n                                            <\/p>\n                                                                                                                        <p><a target=\"_self\"\n                                              href=\"mailto:info@akropoleriga.lv\">info@akropoleriga.lv<\/a>\n                                                                                    <\/p>\n                                    <\/div>\n                                <\/div>\n                                                                        <\/div>\n                                    <\/div>\n                    <div class=\"map\" data-address=\"\u0423\u043b. \u041b\u0430\u0442\u0433\u0430\u043b\u0435\u0441, \u0434. 257\u0412, \u0420\u0438\u0433\u0430, LV-1063, \u041b\u0430\u0442\u0432\u0438\u044f\" data-btn=\"\u041a\u0430\u043a \u043d\u0430\u0441 \u043d\u0430\u0439\u0442\u0438\" data-lat=\"56.923615917546705\"\n                 data-long=\"24.17548559178904\"><\/div>\n            <\/section>\n\n<script>window.dispatchEvent( new Event('acf\/loaded\/contact-tabs'));<\/script>","protected":false},"excerpt":{"rendered":"","protected":false},"author":1,"featured_media":0,"parent":0,"menu_order":0,"comment_status":"closed","ping_status":"closed","template":"","meta":{"_acf_changed":false,"footnotes":""},"class_list":["post-3737","page","type-page","status-publish","hentry"],"acf":[],"yoast_head":"<!-- This site is optimized with the Yoast SEO plugin v27.0 - https:\/\/yoast.com\/product\/yoast-seo-wordpress\/ -->\n<title>\u041a\u043e\u043d\u0442\u0430\u043a\u0442\u044b - Akropole Riga<\/title>\n<meta name=\"robots\" content=\"index, follow, max-snippet:-1, max-image-preview:large, max-video-preview:-1\" \/>\n<link rel=\"canonical\" href=\"https:\/\/akropoleriga.lv\/ru\/kontakty\/\" \/>\n<meta property=\"og:locale\" content=\"ru_RU\" \/>\n<meta property=\"og:type\" content=\"article\" \/>\n<meta property=\"og:title\" content=\"\u041a\u043e\u043d\u0442\u0430\u043a\u0442\u044b - Akropole Riga\" \/>\n<meta property=\"og:url\" content=\"https:\/\/akropoleriga.lv\/ru\/kontakty\/\" \/>\n<meta property=\"og:site_name\" content=\"Akropole Riga\" \/>\n<meta property=\"article:modified_time\" content=\"2026-02-26T15:04:05+00:00\" \/>\n<meta name=\"twitter:card\" content=\"summary_large_image\" \/>\n<script type=\"application\/ld+json\" class=\"yoast-schema-graph\">{\"@context\":\"https:\/\/schema.org\",\"@graph\":[{\"@type\":\"WebPage\",\"@id\":\"https:\/\/akropoleriga.lv\/ru\/kontakty\/\",\"url\":\"https:\/\/akropoleriga.lv\/ru\/kontakty\/\",\"name\":\"\u041a\u043e\u043d\u0442\u0430\u043a\u0442\u044b - Akropole Riga\",\"isPartOf\":{\"@id\":\"https:\/\/akropoleriga.lv\/ru\/#website\"},\"datePublished\":\"2025-06-11T12:13:53+00:00\",\"dateModified\":\"2026-02-26T15:04:05+00:00\",\"breadcrumb\":{\"@id\":\"https:\/\/akropoleriga.lv\/ru\/kontakty\/#breadcrumb\"},\"inLanguage\":\"ru-RU\",\"potentialAction\":[{\"@type\":\"ReadAction\",\"target\":[\"https:\/\/akropoleriga.lv\/ru\/kontakty\/\"]}]},{\"@type\":\"BreadcrumbList\",\"@id\":\"https:\/\/akropoleriga.lv\/ru\/kontakty\/#breadcrumb\",\"itemListElement\":[{\"@type\":\"ListItem\",\"position\":1,\"name\":\"Home\",\"item\":\"https:\/\/akropoleriga.lv\/ru\/\"},{\"@type\":\"ListItem\",\"position\":2,\"name\":\"\u041a\u043e\u043d\u0442\u0430\u043a\u0442\u044b\"}]},{\"@type\":\"WebSite\",\"@id\":\"https:\/\/akropoleriga.lv\/ru\/#website\",\"url\":\"https:\/\/akropoleriga.lv\/ru\/\",\"name\":\"Akropole Riga\",\"description\":\"&quot;AKROPOLE R\u012bga&quot; iepirk\u0161an\u0101s un izklaides centrs \",\"publisher\":{\"@id\":\"https:\/\/akropoleriga.lv\/ru\/#organization\"},\"potentialAction\":[{\"@type\":\"SearchAction\",\"target\":{\"@type\":\"EntryPoint\",\"urlTemplate\":\"https:\/\/akropoleriga.lv\/ru\/?s={search_term_string}\"},\"query-input\":{\"@type\":\"PropertyValueSpecification\",\"valueRequired\":true,\"valueName\":\"search_term_string\"}}],\"inLanguage\":\"ru-RU\"},{\"@type\":\"Organization\",\"@id\":\"https:\/\/akropoleriga.lv\/ru\/#organization\",\"name\":\"Akropole Riga\",\"url\":\"https:\/\/akropoleriga.lv\/ru\/\",\"logo\":{\"@type\":\"ImageObject\",\"inLanguage\":\"ru-RU\",\"@id\":\"https:\/\/akropoleriga.lv\/ru\/#\/schema\/logo\/image\/\",\"url\":\"https:\/\/akropoleriga.lv\/wp-content\/uploads\/sites\/2\/2025\/06\/6818_800_600_1-1.svg\",\"contentUrl\":\"https:\/\/akropoleriga.lv\/wp-content\/uploads\/sites\/2\/2025\/06\/6818_800_600_1-1.svg\",\"width\":1,\"height\":1,\"caption\":\"Akropole Riga\"},\"image\":{\"@id\":\"https:\/\/akropoleriga.lv\/ru\/#\/schema\/logo\/image\/\"}}]}<\/script>\n<!-- \/ Yoast SEO plugin. -->","yoast_head_json":{"title":"\u041a\u043e\u043d\u0442\u0430\u043a\u0442\u044b - Akropole Riga","robots":{"index":"index","follow":"follow","max-snippet":"max-snippet:-1","max-image-preview":"max-image-preview:large","max-video-preview":"max-video-preview:-1"},"canonical":"https:\/\/akropoleriga.lv\/ru\/kontakty\/","og_locale":"ru_RU","og_type":"article","og_title":"\u041a\u043e\u043d\u0442\u0430\u043a\u0442\u044b - Akropole Riga","og_url":"https:\/\/akropoleriga.lv\/ru\/kontakty\/","og_site_name":"Akropole Riga","article_modified_time":"2026-02-26T15:04:05+00:00","twitter_card":"summary_large_image","schema":{"@context":"https:\/\/schema.org","@graph":[{"@type":"WebPage","@id":"https:\/\/akropoleriga.lv\/ru\/kontakty\/","url":"https:\/\/akropoleriga.lv\/ru\/kontakty\/","name":"\u041a\u043e\u043d\u0442\u0430\u043a\u0442\u044b - Akropole Riga","isPartOf":{"@id":"https:\/\/akropoleriga.lv\/ru\/#website"},"datePublished":"2025-06-11T12:13:53+00:00","dateModified":"2026-02-26T15:04:05+00:00","breadcrumb":{"@id":"https:\/\/akropoleriga.lv\/ru\/kontakty\/#breadcrumb"},"inLanguage":"ru-RU","potentialAction":[{"@type":"ReadAction","target":["https:\/\/akropoleriga.lv\/ru\/kontakty\/"]}]},{"@type":"BreadcrumbList","@id":"https:\/\/akropoleriga.lv\/ru\/kontakty\/#breadcrumb","itemListElement":[{"@type":"ListItem","position":1,"name":"Home","item":"https:\/\/akropoleriga.lv\/ru\/"},{"@type":"ListItem","position":2,"name":"\u041a\u043e\u043d\u0442\u0430\u043a\u0442\u044b"}]},{"@type":"WebSite","@id":"https:\/\/akropoleriga.lv\/ru\/#website","url":"https:\/\/akropoleriga.lv\/ru\/","name":"Akropole Riga","description":"&quot;AKROPOLE R\u012bga&quot; iepirk\u0161an\u0101s un izklaides centrs ","publisher":{"@id":"https:\/\/akropoleriga.lv\/ru\/#organization"},"potentialAction":[{"@type":"SearchAction","target":{"@type":"EntryPoint","urlTemplate":"https:\/\/akropoleriga.lv\/ru\/?s={search_term_string}"},"query-input":{"@type":"PropertyValueSpecification","valueRequired":true,"valueName":"search_term_string"}}],"inLanguage":"ru-RU"},{"@type":"Organization","@id":"https:\/\/akropoleriga.lv\/ru\/#organization","name":"Akropole Riga","url":"https:\/\/akropoleriga.lv\/ru\/","logo":{"@type":"ImageObject","inLanguage":"ru-RU","@id":"https:\/\/akropoleriga.lv\/ru\/#\/schema\/logo\/image\/","url":"https:\/\/akropoleriga.lv\/wp-content\/uploads\/sites\/2\/2025\/06\/6818_800_600_1-1.svg","contentUrl":"https:\/\/akropoleriga.lv\/wp-content\/uploads\/sites\/2\/2025\/06\/6818_800_600_1-1.svg","width":1,"height":1,"caption":"Akropole Riga"},"image":{"@id":"https:\/\/akropoleriga.lv\/ru\/#\/schema\/logo\/image\/"}}]}},"_links":{"self":[{"href":"https:\/\/akropoleriga.lv\/ru\/wp-json\/wp\/v2\/pages\/3737","targetHints":{"allow":["GET"]}}],"collection":[{"href":"https:\/\/akropoleriga.lv\/ru\/wp-json\/wp\/v2\/pages"}],"about":[{"href":"https:\/\/akropoleriga.lv\/ru\/wp-json\/wp\/v2\/types\/page"}],"author":[{"embeddable":true,"href":"https:\/\/akropoleriga.lv\/ru\/wp-json\/wp\/v2\/users\/1"}],"replies":[{"embeddable":true,"href":"https:\/\/akropoleriga.lv\/ru\/wp-json\/wp\/v2\/comments?post=3737"}],"version-history":[{"count":7,"href":"https:\/\/akropoleriga.lv\/ru\/wp-json\/wp\/v2\/pages\/3737\/revisions"}],"predecessor-version":[{"id":7132,"href":"https:\/\/akropoleriga.lv\/ru\/wp-json\/wp\/v2\/pages\/3737\/revisions\/7132"}],"wp:attachment":[{"href":"https:\/\/akropoleriga.lv\/ru\/wp-json\/wp\/v2\/media?parent=3737"}],"curies":[{"name":"wp","href":"https:\/\/api.w.org\/{rel}","templated":true}]}}