{"id":3735,"date":"2025-06-11T12:25:18","date_gmt":"2025-06-11T12:25:18","guid":{"rendered":"https:\/\/akropoleriga.lv\/advertising-in-the-shopping-centre\/"},"modified":"2025-07-01T11:45:16","modified_gmt":"2025-07-01T11:45:16","slug":"reklama-v-torgovom-centre","status":"publish","type":"page","link":"https:\/\/akropoleriga.lv\/ru\/reklama-v-torgovom-centre\/","title":{"rendered":"\u0420\u0435\u043a\u043b\u0430\u043c\u0430 \u0432 \u0442\u043e\u0440\u0433\u043e\u0432\u043e\u043c \u0446\u0435\u043d\u0442\u0440\u0435"},"content":{"rendered":"\n    <section id=\"text-sidebar-block-6819f6c20baa4\" class=\"text-sidebar\">\n        <div class=\"container\">\n            <div class=\"wrap hide-nav\">\n                                <div class=\"content-title-side\">\n                                            <h1 class=\"h4\">Reklamini\u0173 pozicij\u0173 \u012fkainiai Vilniaus Akropolyje <\/h1>\n                                                                                    <div class=\"content-side \">\n                                                        <div class=\"step-holder \">\n                                                                                            <div class=\"item js-policy-block\" data-target=\"item-0\"\n                                         id=\"item-0\">\n                                                                                                                                            <div class=\"btns-wrap\">\n                                                                                                                    <a rel=\"noopener noreferrer\" class=\"btn dot bg-light-gray\"\n                                                               target=\"_self\"\n                                                               href=\"https:\/\/akropolis-lt.stillnot.live\/vilnius\/wp-content\/uploads\/sites\/4\/2025\/05\/13278_Vilnius_reklamos_poziciju_kainininkas_2025.pdf\"><span>Pilnas reklamos pozicij\u0173 s\u0105ra\u0161as su kainomis<\/span><\/a>\n                                                                                                            <\/div>\n                                                                                                                                                                                                                                <div class=\"content-wrap\">\n                                                    <table style=\"border-collapse: collapse;width: 100%;height: 415px\">\n<thead>\n<tr style=\"height: 72px\">\n<td style=\"height: 72px;width: 29.4124%;text-align: center\">Reklamin\u0117s pozicijos<\/td>\n<td style=\"height: 72px;width: 19.2129%;text-align: center\">Kaina m\u0117nesiui*<\/td>\n<td style=\"width: 21.6962%;height: 72px;text-align: center\">Pozicij\u0173 kiekis<\/td>\n<td style=\"width: 29.6785%;height: 72px;text-align: center\">Min. nuomos laikotarpis<\/td>\n<\/tr>\n<\/thead>\n<tbody>\n<tr style=\"height: 72px\">\n<td style=\"width: 29.4124%;height: 72px\">Reklamin\u0117s plok\u0161tumos<\/td>\n<td style=\"width: 19.2129%;height: 72px;text-align: center\"><strong>nuo 130 \u20ac <\/strong><\/td>\n<td style=\"width: 21.6962%;height: 72px;text-align: center\">8<\/td>\n<td style=\"width: 29.6785%;height: 72px;text-align: center\">1 &#8212; 3 m\u0117n.<\/td>\n<\/tr>\n<tr style=\"height: 72px\">\n<td style=\"width: 29.4124%;height: 72px\">Lauko reklaminiai stendai<\/td>\n<td style=\"width: 19.2129%;height: 72px;text-align: center\"><strong>nuo 200 \u20ac <\/strong><\/td>\n<td style=\"width: 21.6962%;height: 72px;text-align: center\">8<\/td>\n<td style=\"width: 29.6785%;height: 72px;text-align: center\">1 m\u0117n.<\/td>\n<\/tr>\n<tr style=\"height: 48px\">\n<td style=\"width: 29.4124%;height: 48px\">Skaitmeniniai TV ekranai<\/td>\n<td style=\"width: 19.2129%;height: 48px;text-align: center\"><strong>700 \u20ac \/ sav.<\/strong><\/td>\n<td style=\"width: 21.6962%;height: 48px;text-align: center\">45<\/td>\n<td style=\"width: 29.6785%;height: 48px;text-align: center\">1 sav.<\/td>\n<\/tr>\n<tr style=\"height: 24px\">\n<td style=\"width: 29.4124%;height: 24px\">Reklaminiai lipdukai<br \/>\nant besisukan\u010di\u0173 dur\u0173<\/td>\n<td style=\"width: 19.2129%;height: 24px;text-align: center\"><strong>nuo 500 \u20ac<\/strong><\/td>\n<td style=\"width: 21.6962%;height: 24px;text-align: center\">7<\/td>\n<td style=\"width: 29.6785%;height: 24px;text-align: center\">1 m\u0117n.<\/td>\n<\/tr>\n<tr style=\"height: 24px\">\n<td style=\"width: 29.4124%;height: 24px\">Preki\u0173 \/ automobilio<br \/>\neksponavimas<\/td>\n<td style=\"width: 19.2129%;height: 24px;text-align: center\"><strong>nuo 1000 \u20ac<\/strong><\/td>\n<td style=\"width: 21.6962%;height: 24px;text-align: center\">sutartinis<\/td>\n<td style=\"width: 29.6785%;height: 24px;text-align: center\">1 m\u0117n.<\/td>\n<\/tr>\n<tr style=\"height: 24px\">\n<td style=\"width: 29.4124%;height: 24px\">Reklaminiai lipdukai ant<br \/>\nslankiojan\u010di\u0173 \u012f\u0117jimo dur\u0173<\/td>\n<td style=\"width: 19.2129%;height: 24px;text-align: center\"><strong>nuo 500 \u20ac<\/strong><\/td>\n<td style=\"width: 21.6962%;height: 24px;text-align: center\">5<\/td>\n<td style=\"width: 29.6785%;height: 24px;text-align: center\">1 m\u0117n.<\/td>\n<\/tr>\n<tr style=\"height: 24px\">\n<td style=\"width: 29.4124%;height: 24px\">Eskalatoriai<\/td>\n<td style=\"width: 19.2129%;height: 24px;text-align: center\"><strong>nuo 500 \u20ac<\/strong><\/td>\n<td style=\"width: 21.6962%;height: 24px;text-align: center\">3<\/td>\n<td style=\"width: 29.6785%;height: 24px;text-align: center\">1 m\u0117n.<\/td>\n<\/tr>\n<tr>\n<td style=\"width: 29.4124%\">Radijo reklama<\/td>\n<td style=\"width: 19.2129%;text-align: center\"><strong>nuo 60 \u20ac<\/strong><\/td>\n<td style=\"width: 21.6962%;text-align: center\">max. 4 klipai\/ val.<\/td>\n<td style=\"width: 29.6785%;text-align: center\"><\/td>\n<\/tr>\n<tr>\n<td style=\"width: 29.4124%\">Grind\u0173 lipdukai<\/td>\n<td style=\"width: 19.2129%;text-align: center\"><strong>nuo 170 \u20ac<\/strong><\/td>\n<td style=\"width: 21.6962%;text-align: center\">Sutartinis<\/td>\n<td style=\"width: 29.6785%;text-align: center\">1 m\u0117n.<\/td>\n<\/tr>\n<tr>\n<td style=\"width: 29.4124%\">Reklamin\u0117s med\u017eiagos<br \/>\nplatinimas\/Prezentacijos<\/td>\n<td style=\"width: 19.2129%;text-align: center\"><strong>nuo 120 \u20ac<\/strong><\/td>\n<td style=\"width: 21.6962%;text-align: center\">Sutartinis<\/td>\n<td style=\"width: 29.6785%;text-align: center\">3 val.<\/td>\n<\/tr>\n<\/tbody>\n<\/table>\n<p>&nbsp;<\/p>\n                                                <\/div>\n                                                                                                                                                                    <\/div>\n                                                            <\/div>\n                                                        <div class=\"step-holder \">\n                                                                                            <div class=\"item js-policy-block\" data-target=\"item-1\"\n                                         id=\"item-1\">\n                                                                                        <div class=\"content-wrap notice-text\">\n                                                    <p><strong>Svarbu:<\/strong> visos skelbiamos reklamini\u0173 pozicij\u0173 kainos orientacin\u0117s ir gali b\u016bti taikomos konkre\u010dios pozicijos, reklamos laikotarpio bei kit\u0173 individuali\u0173 aplinkybi\u0173.\u2028Nurodytos kainos jokiu b\u016bdu negali b\u016bti laikomos \u012fsipareigojimu parduoti reklamines pozicijas u\u017e \u0161ias orientacines kainas. Galutin\u0117 kaina visais atvejais derinama individualiai, atsi\u017evelgiant \u012f konkret\u0173 u\u017esakym\u0105.<\/p>\n<p>D\u0117l tikslios kainodaros ir bendradarbiavimo galimybi\u0173 kvie\u010diame su mumis el. pa\u0161tu <a href=\"mailto:ilona.sidare@akropolis.lt\">ilona.sidare@akropolis.lt<\/a>.<\/p>\n                                                <\/div>\n                                                                                                                                                                    <\/div>\n                                                            <\/div>\n                                                    <\/div>\n                                    <\/div>\n            <\/div>\n        <\/div>\n    <\/section>\n\n<script>window.dispatchEvent( new Event('acf\/loaded\/text-sidebar'));<\/script>\n\n\n<section id=\"contact-information-block-6834cd082437e\" class=\"contact-information light-gray bpt\">\n    <div class=\"container\">\n                    <div class=\"title-block\">\n                <h3 class=\"h4\">Kontaktin\u0117 informacija<\/h3>            <\/div>\n                                    <div class=\"contact-cards white\">\n                                        <div class=\"contact-card\">\n        <div class=\"contact-card-img-block\">\n                                            <img loading=\"lazy\" width=\"325\" height=\"325\" src=\"https:\/\/akropoleriga.lv\/wp-content\/uploads\/sites\/2\/2025\/06\/image-75.png\" class=\"contact-card-img force-no-contrast\" alt=\"Egl\u0117 Valiukien\u0117\" srcset=\"https:\/\/akropoleriga.lv\/wp-content\/uploads\/sites\/2\/2025\/06\/image-75.png 325w, https:\/\/akropoleriga.lv\/wp-content\/uploads\/sites\/2\/2025\/06\/image-75-300x300.png 300w, https:\/\/akropoleriga.lv\/wp-content\/uploads\/sites\/2\/2025\/06\/image-75-150x150.png 150w\" sizes=\"auto, (max-width: 325px) 100vw, 325px\" \/>                    <\/div>\n        <div class=\"contact-card-content\">\n                            <h6 class=\"contact-card-name\">Egl\u0117 Valiukien\u0117<\/h6>\n                                        <p class=\"contact-card-position\">Akropolis Vilnius valdytoja<\/p>\n                                        <p class=\"contact-card-label\">\u0420\u0430\u0431\u043e\u0447\u0438\u0435 \u0447\u0430\u0441\u044b:<\/p>\n                <p class=\"contact-card-value\">I-V 09:00-18:00<\/p>\n                                        <p class=\"contact-card-label\">Telephone number<\/p>\n                <a href=\"tel:+370 640 66560\"\n                   class=\"contact-card-value\">+370 640 66560<\/a>\n                                        <p class=\"contact-card-label\">\u042d\u043b\u0435\u043a\u0442\u0440\u043e\u043d\u043d\u0430\u044f \u043f\u043e\u0447\u0442\u0430<\/p>\n                <a href=\"mailto:vilnius@akropolis.lt\" class=\"contact-card-value\">vilnius@akropolis.lt<\/a>\n                    <\/div>\n    <\/div>\n                                        <div class=\"contact-card\">\n        <div class=\"contact-card-img-block\">\n                                            <img loading=\"lazy\" width=\"325\" height=\"325\" src=\"https:\/\/akropoleriga.lv\/wp-content\/uploads\/sites\/2\/2025\/06\/image-75.png\" class=\"contact-card-img force-no-contrast\" alt=\"Ilona Sidar\u0117\" srcset=\"https:\/\/akropoleriga.lv\/wp-content\/uploads\/sites\/2\/2025\/06\/image-75.png 325w, https:\/\/akropoleriga.lv\/wp-content\/uploads\/sites\/2\/2025\/06\/image-75-300x300.png 300w, https:\/\/akropoleriga.lv\/wp-content\/uploads\/sites\/2\/2025\/06\/image-75-150x150.png 150w\" sizes=\"auto, (max-width: 325px) 100vw, 325px\" \/>                    <\/div>\n        <div class=\"contact-card-content\">\n                            <h6 class=\"contact-card-name\">Ilona Sidar\u0117<\/h6>\n                                        <p class=\"contact-card-position\">Rinkodaros vadybinink\u0117<\/p>\n                                        <p class=\"contact-card-label\">\u0420\u0430\u0431\u043e\u0447\u0438\u0435 \u0447\u0430\u0441\u044b:<\/p>\n                <p class=\"contact-card-value\">I-V 09:00-18:00<\/p>\n                                        <p class=\"contact-card-label\">Telephone number<\/p>\n                <a href=\"tel:+370 65907475\"\n                   class=\"contact-card-value\">+370 65907475<\/a>\n                                        <p class=\"contact-card-label\">\u042d\u043b\u0435\u043a\u0442\u0440\u043e\u043d\u043d\u0430\u044f \u043f\u043e\u0447\u0442\u0430<\/p>\n                <a href=\"mailto:ilona.sidare@akropolis.lt\" class=\"contact-card-value\">ilona.sidare@akropolis.lt<\/a>\n                    <\/div>\n    <\/div>\n                                        <div class=\"contact-card\">\n        <div class=\"contact-card-img-block\">\n                                            <img loading=\"lazy\" width=\"325\" height=\"325\" src=\"https:\/\/akropoleriga.lv\/wp-content\/uploads\/sites\/2\/2025\/06\/image-75.png\" class=\"contact-card-img force-no-contrast\" alt=\"Renginiai\" srcset=\"https:\/\/akropoleriga.lv\/wp-content\/uploads\/sites\/2\/2025\/06\/image-75.png 325w, https:\/\/akropoleriga.lv\/wp-content\/uploads\/sites\/2\/2025\/06\/image-75-300x300.png 300w, https:\/\/akropoleriga.lv\/wp-content\/uploads\/sites\/2\/2025\/06\/image-75-150x150.png 150w\" sizes=\"auto, (max-width: 325px) 100vw, 325px\" \/>                    <\/div>\n        <div class=\"contact-card-content\">\n                            <h6 class=\"contact-card-name\">Renginiai<\/h6>\n                                        <p class=\"contact-card-position\">prekybos centre<\/p>\n                                        <p class=\"contact-card-label\">\u0420\u0430\u0431\u043e\u0447\u0438\u0435 \u0447\u0430\u0441\u044b:<\/p>\n                <p class=\"contact-card-value\">I-V 09:00-18:00<\/p>\n                                        <p class=\"contact-card-label\">Telephone number<\/p>\n                <a href=\"tel:+370 6833 2123\"\n                   class=\"contact-card-value\">+370 6833 2123<\/a>\n                                        <p class=\"contact-card-label\">\u042d\u043b\u0435\u043a\u0442\u0440\u043e\u043d\u043d\u0430\u044f \u043f\u043e\u0447\u0442\u0430<\/p>\n                <a href=\"mailto:renginiai@akropolis.lt\" class=\"contact-card-value\">renginiai@akropolis.lt<\/a>\n                    <\/div>\n    <\/div>\n                            <\/div>\n            <\/div>\n<\/section>\n\n<script>window.dispatchEvent( new Event('acf\/loaded\/contact-information'));<\/script>","protected":false},"excerpt":{"rendered":"","protected":false},"author":1,"featured_media":0,"parent":0,"menu_order":0,"comment_status":"closed","ping_status":"closed","template":"","meta":{"_acf_changed":false,"footnotes":""},"class_list":["post-3735","page","type-page","status-publish","hentry"],"acf":[],"yoast_head":"<!-- This site is optimized with the Yoast SEO plugin v27.0 - https:\/\/yoast.com\/product\/yoast-seo-wordpress\/ -->\n<title>\u0420\u0435\u043a\u043b\u0430\u043c\u0430 \u0432 \u0442\u043e\u0440\u0433\u043e\u0432\u043e\u043c \u0446\u0435\u043d\u0442\u0440\u0435 - Akropole Riga<\/title>\n<meta name=\"robots\" content=\"index, follow, max-snippet:-1, max-image-preview:large, max-video-preview:-1\" \/>\n<link rel=\"canonical\" href=\"https:\/\/akropoleriga.lv\/ru\/reklama-v-torgovom-centre\/\" \/>\n<meta property=\"og:locale\" content=\"ru_RU\" \/>\n<meta property=\"og:type\" content=\"article\" \/>\n<meta property=\"og:title\" content=\"\u0420\u0435\u043a\u043b\u0430\u043c\u0430 \u0432 \u0442\u043e\u0440\u0433\u043e\u0432\u043e\u043c \u0446\u0435\u043d\u0442\u0440\u0435 - Akropole Riga\" \/>\n<meta property=\"og:url\" content=\"https:\/\/akropoleriga.lv\/ru\/reklama-v-torgovom-centre\/\" \/>\n<meta property=\"og:site_name\" content=\"Akropole Riga\" \/>\n<meta property=\"article:modified_time\" content=\"2025-07-01T11:45:16+00:00\" \/>\n<meta name=\"twitter:card\" content=\"summary_large_image\" \/>\n<script type=\"application\/ld+json\" class=\"yoast-schema-graph\">{\"@context\":\"https:\/\/schema.org\",\"@graph\":[{\"@type\":\"WebPage\",\"@id\":\"https:\/\/akropoleriga.lv\/ru\/reklama-v-torgovom-centre\/\",\"url\":\"https:\/\/akropoleriga.lv\/ru\/reklama-v-torgovom-centre\/\",\"name\":\"\u0420\u0435\u043a\u043b\u0430\u043c\u0430 \u0432 \u0442\u043e\u0440\u0433\u043e\u0432\u043e\u043c \u0446\u0435\u043d\u0442\u0440\u0435 - Akropole Riga\",\"isPartOf\":{\"@id\":\"https:\/\/akropoleriga.lv\/ru\/#website\"},\"datePublished\":\"2025-06-11T12:25:18+00:00\",\"dateModified\":\"2025-07-01T11:45:16+00:00\",\"breadcrumb\":{\"@id\":\"https:\/\/akropoleriga.lv\/ru\/reklama-v-torgovom-centre\/#breadcrumb\"},\"inLanguage\":\"ru-RU\",\"potentialAction\":[{\"@type\":\"ReadAction\",\"target\":[\"https:\/\/akropoleriga.lv\/ru\/reklama-v-torgovom-centre\/\"]}]},{\"@type\":\"BreadcrumbList\",\"@id\":\"https:\/\/akropoleriga.lv\/ru\/reklama-v-torgovom-centre\/#breadcrumb\",\"itemListElement\":[{\"@type\":\"ListItem\",\"position\":1,\"name\":\"Home\",\"item\":\"https:\/\/akropoleriga.lv\/ru\/\"},{\"@type\":\"ListItem\",\"position\":2,\"name\":\"\u0420\u0435\u043a\u043b\u0430\u043c\u0430 \u0432 \u0442\u043e\u0440\u0433\u043e\u0432\u043e\u043c \u0446\u0435\u043d\u0442\u0440\u0435\"}]},{\"@type\":\"WebSite\",\"@id\":\"https:\/\/akropoleriga.lv\/ru\/#website\",\"url\":\"https:\/\/akropoleriga.lv\/ru\/\",\"name\":\"Akropole Riga\",\"description\":\"&quot;AKROPOLE R\u012bga&quot; iepirk\u0161an\u0101s un izklaides centrs \",\"publisher\":{\"@id\":\"https:\/\/akropoleriga.lv\/ru\/#organization\"},\"potentialAction\":[{\"@type\":\"SearchAction\",\"target\":{\"@type\":\"EntryPoint\",\"urlTemplate\":\"https:\/\/akropoleriga.lv\/ru\/?s={search_term_string}\"},\"query-input\":{\"@type\":\"PropertyValueSpecification\",\"valueRequired\":true,\"valueName\":\"search_term_string\"}}],\"inLanguage\":\"ru-RU\"},{\"@type\":\"Organization\",\"@id\":\"https:\/\/akropoleriga.lv\/ru\/#organization\",\"name\":\"Akropole Riga\",\"url\":\"https:\/\/akropoleriga.lv\/ru\/\",\"logo\":{\"@type\":\"ImageObject\",\"inLanguage\":\"ru-RU\",\"@id\":\"https:\/\/akropoleriga.lv\/ru\/#\/schema\/logo\/image\/\",\"url\":\"https:\/\/akropoleriga.lv\/wp-content\/uploads\/sites\/2\/2025\/06\/6818_800_600_1-1.svg\",\"contentUrl\":\"https:\/\/akropoleriga.lv\/wp-content\/uploads\/sites\/2\/2025\/06\/6818_800_600_1-1.svg\",\"width\":1,\"height\":1,\"caption\":\"Akropole Riga\"},\"image\":{\"@id\":\"https:\/\/akropoleriga.lv\/ru\/#\/schema\/logo\/image\/\"}}]}<\/script>\n<!-- \/ Yoast SEO plugin. -->","yoast_head_json":{"title":"\u0420\u0435\u043a\u043b\u0430\u043c\u0430 \u0432 \u0442\u043e\u0440\u0433\u043e\u0432\u043e\u043c \u0446\u0435\u043d\u0442\u0440\u0435 - Akropole Riga","robots":{"index":"index","follow":"follow","max-snippet":"max-snippet:-1","max-image-preview":"max-image-preview:large","max-video-preview":"max-video-preview:-1"},"canonical":"https:\/\/akropoleriga.lv\/ru\/reklama-v-torgovom-centre\/","og_locale":"ru_RU","og_type":"article","og_title":"\u0420\u0435\u043a\u043b\u0430\u043c\u0430 \u0432 \u0442\u043e\u0440\u0433\u043e\u0432\u043e\u043c \u0446\u0435\u043d\u0442\u0440\u0435 - Akropole Riga","og_url":"https:\/\/akropoleriga.lv\/ru\/reklama-v-torgovom-centre\/","og_site_name":"Akropole Riga","article_modified_time":"2025-07-01T11:45:16+00:00","twitter_card":"summary_large_image","schema":{"@context":"https:\/\/schema.org","@graph":[{"@type":"WebPage","@id":"https:\/\/akropoleriga.lv\/ru\/reklama-v-torgovom-centre\/","url":"https:\/\/akropoleriga.lv\/ru\/reklama-v-torgovom-centre\/","name":"\u0420\u0435\u043a\u043b\u0430\u043c\u0430 \u0432 \u0442\u043e\u0440\u0433\u043e\u0432\u043e\u043c \u0446\u0435\u043d\u0442\u0440\u0435 - Akropole Riga","isPartOf":{"@id":"https:\/\/akropoleriga.lv\/ru\/#website"},"datePublished":"2025-06-11T12:25:18+00:00","dateModified":"2025-07-01T11:45:16+00:00","breadcrumb":{"@id":"https:\/\/akropoleriga.lv\/ru\/reklama-v-torgovom-centre\/#breadcrumb"},"inLanguage":"ru-RU","potentialAction":[{"@type":"ReadAction","target":["https:\/\/akropoleriga.lv\/ru\/reklama-v-torgovom-centre\/"]}]},{"@type":"BreadcrumbList","@id":"https:\/\/akropoleriga.lv\/ru\/reklama-v-torgovom-centre\/#breadcrumb","itemListElement":[{"@type":"ListItem","position":1,"name":"Home","item":"https:\/\/akropoleriga.lv\/ru\/"},{"@type":"ListItem","position":2,"name":"\u0420\u0435\u043a\u043b\u0430\u043c\u0430 \u0432 \u0442\u043e\u0440\u0433\u043e\u0432\u043e\u043c \u0446\u0435\u043d\u0442\u0440\u0435"}]},{"@type":"WebSite","@id":"https:\/\/akropoleriga.lv\/ru\/#website","url":"https:\/\/akropoleriga.lv\/ru\/","name":"Akropole Riga","description":"&quot;AKROPOLE R\u012bga&quot; iepirk\u0161an\u0101s un izklaides centrs ","publisher":{"@id":"https:\/\/akropoleriga.lv\/ru\/#organization"},"potentialAction":[{"@type":"SearchAction","target":{"@type":"EntryPoint","urlTemplate":"https:\/\/akropoleriga.lv\/ru\/?s={search_term_string}"},"query-input":{"@type":"PropertyValueSpecification","valueRequired":true,"valueName":"search_term_string"}}],"inLanguage":"ru-RU"},{"@type":"Organization","@id":"https:\/\/akropoleriga.lv\/ru\/#organization","name":"Akropole Riga","url":"https:\/\/akropoleriga.lv\/ru\/","logo":{"@type":"ImageObject","inLanguage":"ru-RU","@id":"https:\/\/akropoleriga.lv\/ru\/#\/schema\/logo\/image\/","url":"https:\/\/akropoleriga.lv\/wp-content\/uploads\/sites\/2\/2025\/06\/6818_800_600_1-1.svg","contentUrl":"https:\/\/akropoleriga.lv\/wp-content\/uploads\/sites\/2\/2025\/06\/6818_800_600_1-1.svg","width":1,"height":1,"caption":"Akropole Riga"},"image":{"@id":"https:\/\/akropoleriga.lv\/ru\/#\/schema\/logo\/image\/"}}]}},"_links":{"self":[{"href":"https:\/\/akropoleriga.lv\/ru\/wp-json\/wp\/v2\/pages\/3735","targetHints":{"allow":["GET"]}}],"collection":[{"href":"https:\/\/akropoleriga.lv\/ru\/wp-json\/wp\/v2\/pages"}],"about":[{"href":"https:\/\/akropoleriga.lv\/ru\/wp-json\/wp\/v2\/types\/page"}],"author":[{"embeddable":true,"href":"https:\/\/akropoleriga.lv\/ru\/wp-json\/wp\/v2\/users\/1"}],"replies":[{"embeddable":true,"href":"https:\/\/akropoleriga.lv\/ru\/wp-json\/wp\/v2\/comments?post=3735"}],"version-history":[{"count":1,"href":"https:\/\/akropoleriga.lv\/ru\/wp-json\/wp\/v2\/pages\/3735\/revisions"}],"predecessor-version":[{"id":3757,"href":"https:\/\/akropoleriga.lv\/ru\/wp-json\/wp\/v2\/pages\/3735\/revisions\/3757"}],"wp:attachment":[{"href":"https:\/\/akropoleriga.lv\/ru\/wp-json\/wp\/v2\/media?parent=3735"}],"curies":[{"name":"wp","href":"https:\/\/api.w.org\/{rel}","templated":true}]}}