{"id":4075,"date":"2025-07-14T11:20:13","date_gmt":"2025-07-14T11:20:13","guid":{"rendered":"https:\/\/akropoleriga.lv\/?page_id=4075"},"modified":"2025-07-24T13:05:57","modified_gmt":"2025-07-24T13:05:57","slug":"deal","status":"publish","type":"page","link":"https:\/\/akropoleriga.lv\/en\/deal\/","title":{"rendered":"Deal"},"content":{"rendered":"\n    <section id=\"counter-timer-hero-block-681a009808e91\" class=\"counter-timer-hero\">\n        <div class=\"content-section\">\n            <div class=\"image-wrapper\">\n                                    <img src=\"https:\/\/akropoleriga.lv\/wp-content\/uploads\/sites\/2\/2025\/07\/Akropolis_Dylas_pavasaris_vidiniai_ENG_250610_KE_1125x1125.png\"\n                         fetchpriority=\"high\"\n                         width=\"1125\"\n                         height=\"1125\"\n                         class=\"no-lazy force-no-contrast\"\n                         srcset=\"https:\/\/akropoleriga.lv\/wp-content\/uploads\/sites\/2\/2025\/07\/Akropolis_Dylas_pavasaris_vidiniai_ENG_250610_KE_1125x1125-300x300.png 300w, https:\/\/akropoleriga.lv\/wp-content\/uploads\/sites\/2\/2025\/07\/Akropolis_Dylas_pavasaris_vidiniai_ENG_250610_KE_1125x1125-1024x1024.png 1024w, https:\/\/akropoleriga.lv\/wp-content\/uploads\/sites\/2\/2025\/07\/Akropolis_Dylas_pavasaris_vidiniai_ENG_250610_KE_1125x1125-150x150.png 150w, https:\/\/akropoleriga.lv\/wp-content\/uploads\/sites\/2\/2025\/07\/Akropolis_Dylas_pavasaris_vidiniai_ENG_250610_KE_1125x1125-768x768.png 768w, https:\/\/akropoleriga.lv\/wp-content\/uploads\/sites\/2\/2025\/07\/Akropolis_Dylas_pavasaris_vidiniai_ENG_250610_KE_1125x1125-1080x1080.png 1080w, https:\/\/akropoleriga.lv\/wp-content\/uploads\/sites\/2\/2025\/07\/Akropolis_Dylas_pavasaris_vidiniai_ENG_250610_KE_1125x1125.png 1125w\"\n                         alt=\"\">\n                            <\/div>\n            <div class=\"content-wrapper\">\n                                    <div class=\"title-wrapper\">\n                        <h1>Summer Sale &#8211; <span style=\"color: #ff0000\">DEAL<\/span>!<\/h1>\n                    <\/div>\n                \n                                    <div class=\"text-wrapper wysiwyg\">\n                        <p style=\"text-align: center\">Swimwear, T-shirts, hats, or handbags \u2013 the deals are so good, you\u2019ll want it all! The Summer Sale is ON. Until August 3rd, enjoy 20%, 30%, 40%, and even 50% off and many more discounts at AKROPOLIS in Vilnius, Klaip\u0117da, and \u0160iauliai. The Summer Sale \u2013 DEAL!<\/p>\n                    <\/div>\n                \n                \n                \n                \n                                    <a href=\"#promotions\"\n                       target=\"_self\"\n                       class=\"btn primary dot bg-red hero-button\">\n                        <span>\n                            Promotions                        <\/span>\n                    <\/a>\n                            <\/div>\n        <\/div>\n    <\/section>\n\n<script>window.dispatchEvent( new Event('acf\/loaded\/counter-timer-hero'));<\/script>\n\n    <section id=\"text-block-6845c1bb0e037\" class=\"text\">\n        <div class=\"container medium\">\n            <div class=\"content-wrap\">\n                <p style=\"text-align: center\">Sale discounts are determined by the points of sale and services of AKROPOLIS shopping centre. Please contact the points of sale and services for more information about specific discounts or offers. Discounts do not apply to new collection items. The items shown in the ads are for demonstration only and do not necessarily qualify for a discount. On our website, we try to provide you with relevant information in advance about offers applicable at specific points of sale and services. However, if the offer at a specific point of sale or services differs from the one indicated on our website, please rely on the offer (discount) information provided at the specific point of sale or services. The Deal campaign runs until August 3rd in Vilnius, Klaip\u0117da and \u0160iauliai SC AKROPOLIS.<\/p>\n<p style=\"text-align: center\"><span style=\"color: #ff0000\"><strong>AKROPOLIS \u2013 more discounts, more joy!<\/strong><\/span><\/p>\n            <\/div>\n                    <\/div>\n    <\/section>\n\n<script>window.dispatchEvent( new Event('acf\/loaded\/text'));<\/script>\n\n    <section id=\"split-screen-content-block-682adcdbe3d6b\" class=\"split-screen-content\">\n        <div class=\"container-fluid\">\n            <div class=\"split-screen-content-wrap\">\n                                    <div class=\"item-wrap\">\n                                                    <div class=\"bg-wrap\">\n\n                                <img loading=\"lazy\" width=\"2560\" height=\"1500\" src=\"https:\/\/akropoleriga.lv\/wp-content\/uploads\/sites\/2\/2025\/07\/2-desktop.jpg\" class=\"force-no-contrast \" alt=\"\" srcset=\"https:\/\/akropoleriga.lv\/wp-content\/uploads\/sites\/2\/2025\/07\/2-desktop.jpg 2560w, https:\/\/akropoleriga.lv\/wp-content\/uploads\/sites\/2\/2025\/07\/2-desktop-300x176.jpg 300w, https:\/\/akropoleriga.lv\/wp-content\/uploads\/sites\/2\/2025\/07\/2-desktop-1024x600.jpg 1024w, https:\/\/akropoleriga.lv\/wp-content\/uploads\/sites\/2\/2025\/07\/2-desktop-768x450.jpg 768w, https:\/\/akropoleriga.lv\/wp-content\/uploads\/sites\/2\/2025\/07\/2-desktop-1536x900.jpg 1536w, https:\/\/akropoleriga.lv\/wp-content\/uploads\/sites\/2\/2025\/07\/2-desktop-2048x1200.jpg 2048w, https:\/\/akropoleriga.lv\/wp-content\/uploads\/sites\/2\/2025\/07\/2-desktop-1843x1080.jpg 1843w\" sizes=\"auto, (max-width: 2560px) 100vw, 2560px\" \/>\n                                                            <\/div>\n                                                <div class=\"text-button-wrap\">\n                                                            <h2 class=\"h5 item-title\">For each and every wish!<\/h2>\n                                                                                        <div class=\"text\">\n                                    <p>You can choose the amount of your gift card to the nearest \u20ac0.01, from a minimum of \u20ac10 to a maximum of \u20ac500.<\/p>\n<p>The AKROPOLIS card \u2013 the gift that fits all wishes! It\u2019s a great way to make your loved one happy by giving them the widest choice from the assortment offered by the four AKROPOLIS supermarkets in Lithuania.<\/p>\n                                <\/div>\n                                                        <div class=\"description\"><\/div>\n                                                            <a class=\"btn primary dot bg-white\" rel=\"noopener noreferrer\"\n                                   target=\"_self\"\n                                   href=\"https:\/\/akropoleriga.lv\/en\/gift-card\/\"><span>Gift card<\/span><\/a>\n                                                    <\/div>\n                    <\/div>\n                            <\/div>\n        <\/div>\n    <\/section>\n\n<script>window.dispatchEvent( new Event('acf\/loaded\/split-screen-content'));<\/script>","protected":false},"excerpt":{"rendered":"","protected":false},"author":4,"featured_media":0,"parent":0,"menu_order":0,"comment_status":"closed","ping_status":"closed","template":"","meta":{"_acf_changed":false,"footnotes":""},"class_list":["post-4075","page","type-page","status-publish","hentry"],"acf":[],"yoast_head":"<!-- This site is optimized with the Yoast SEO plugin v27.0 - https:\/\/yoast.com\/product\/yoast-seo-wordpress\/ -->\n<title>Deal - Akropole Riga<\/title>\n<meta name=\"robots\" content=\"index, follow, max-snippet:-1, max-image-preview:large, max-video-preview:-1\" \/>\n<link rel=\"canonical\" href=\"https:\/\/akropoleriga.lv\/en\/deal\/\" \/>\n<meta property=\"og:locale\" content=\"en_US\" \/>\n<meta property=\"og:type\" content=\"article\" \/>\n<meta property=\"og:title\" content=\"Deal - Akropole Riga\" \/>\n<meta property=\"og:url\" content=\"https:\/\/akropoleriga.lv\/en\/deal\/\" \/>\n<meta property=\"og:site_name\" content=\"Akropole Riga\" \/>\n<meta property=\"article:modified_time\" content=\"2025-07-24T13:05:57+00:00\" \/>\n<meta name=\"twitter:card\" content=\"summary_large_image\" \/>\n<script type=\"application\/ld+json\" class=\"yoast-schema-graph\">{\"@context\":\"https:\/\/schema.org\",\"@graph\":[{\"@type\":\"WebPage\",\"@id\":\"https:\/\/akropoleriga.lv\/en\/deal\/\",\"url\":\"https:\/\/akropoleriga.lv\/en\/deal\/\",\"name\":\"Deal - Akropole Riga\",\"isPartOf\":{\"@id\":\"https:\/\/akropoleriga.lv\/en\/#website\"},\"datePublished\":\"2025-07-14T11:20:13+00:00\",\"dateModified\":\"2025-07-24T13:05:57+00:00\",\"breadcrumb\":{\"@id\":\"https:\/\/akropoleriga.lv\/en\/deal\/#breadcrumb\"},\"inLanguage\":\"en-US\",\"potentialAction\":[{\"@type\":\"ReadAction\",\"target\":[\"https:\/\/akropoleriga.lv\/en\/deal\/\"]}]},{\"@type\":\"BreadcrumbList\",\"@id\":\"https:\/\/akropoleriga.lv\/en\/deal\/#breadcrumb\",\"itemListElement\":[{\"@type\":\"ListItem\",\"position\":1,\"name\":\"Home\",\"item\":\"https:\/\/akropoleriga.lv\/en\/\"},{\"@type\":\"ListItem\",\"position\":2,\"name\":\"Deal\"}]},{\"@type\":\"WebSite\",\"@id\":\"https:\/\/akropoleriga.lv\/en\/#website\",\"url\":\"https:\/\/akropoleriga.lv\/en\/\",\"name\":\"Akropole Riga\",\"description\":\"&quot;AKROPOLE R\u012bga&quot; iepirk\u0161an\u0101s un izklaides centrs \",\"publisher\":{\"@id\":\"https:\/\/akropoleriga.lv\/en\/#organization\"},\"potentialAction\":[{\"@type\":\"SearchAction\",\"target\":{\"@type\":\"EntryPoint\",\"urlTemplate\":\"https:\/\/akropoleriga.lv\/en\/?s={search_term_string}\"},\"query-input\":{\"@type\":\"PropertyValueSpecification\",\"valueRequired\":true,\"valueName\":\"search_term_string\"}}],\"inLanguage\":\"en-US\"},{\"@type\":\"Organization\",\"@id\":\"https:\/\/akropoleriga.lv\/en\/#organization\",\"name\":\"Akropole Riga\",\"url\":\"https:\/\/akropoleriga.lv\/en\/\",\"logo\":{\"@type\":\"ImageObject\",\"inLanguage\":\"en-US\",\"@id\":\"https:\/\/akropoleriga.lv\/en\/#\/schema\/logo\/image\/\",\"url\":\"https:\/\/akropoleriga.lv\/wp-content\/uploads\/sites\/2\/2025\/06\/6818_800_600_1-1.svg\",\"contentUrl\":\"https:\/\/akropoleriga.lv\/wp-content\/uploads\/sites\/2\/2025\/06\/6818_800_600_1-1.svg\",\"width\":1,\"height\":1,\"caption\":\"Akropole Riga\"},\"image\":{\"@id\":\"https:\/\/akropoleriga.lv\/en\/#\/schema\/logo\/image\/\"}}]}<\/script>\n<!-- \/ Yoast SEO plugin. -->","yoast_head_json":{"title":"Deal - Akropole Riga","robots":{"index":"index","follow":"follow","max-snippet":"max-snippet:-1","max-image-preview":"max-image-preview:large","max-video-preview":"max-video-preview:-1"},"canonical":"https:\/\/akropoleriga.lv\/en\/deal\/","og_locale":"en_US","og_type":"article","og_title":"Deal - Akropole Riga","og_url":"https:\/\/akropoleriga.lv\/en\/deal\/","og_site_name":"Akropole Riga","article_modified_time":"2025-07-24T13:05:57+00:00","twitter_card":"summary_large_image","schema":{"@context":"https:\/\/schema.org","@graph":[{"@type":"WebPage","@id":"https:\/\/akropoleriga.lv\/en\/deal\/","url":"https:\/\/akropoleriga.lv\/en\/deal\/","name":"Deal - Akropole Riga","isPartOf":{"@id":"https:\/\/akropoleriga.lv\/en\/#website"},"datePublished":"2025-07-14T11:20:13+00:00","dateModified":"2025-07-24T13:05:57+00:00","breadcrumb":{"@id":"https:\/\/akropoleriga.lv\/en\/deal\/#breadcrumb"},"inLanguage":"en-US","potentialAction":[{"@type":"ReadAction","target":["https:\/\/akropoleriga.lv\/en\/deal\/"]}]},{"@type":"BreadcrumbList","@id":"https:\/\/akropoleriga.lv\/en\/deal\/#breadcrumb","itemListElement":[{"@type":"ListItem","position":1,"name":"Home","item":"https:\/\/akropoleriga.lv\/en\/"},{"@type":"ListItem","position":2,"name":"Deal"}]},{"@type":"WebSite","@id":"https:\/\/akropoleriga.lv\/en\/#website","url":"https:\/\/akropoleriga.lv\/en\/","name":"Akropole Riga","description":"&quot;AKROPOLE R\u012bga&quot; iepirk\u0161an\u0101s un izklaides centrs ","publisher":{"@id":"https:\/\/akropoleriga.lv\/en\/#organization"},"potentialAction":[{"@type":"SearchAction","target":{"@type":"EntryPoint","urlTemplate":"https:\/\/akropoleriga.lv\/en\/?s={search_term_string}"},"query-input":{"@type":"PropertyValueSpecification","valueRequired":true,"valueName":"search_term_string"}}],"inLanguage":"en-US"},{"@type":"Organization","@id":"https:\/\/akropoleriga.lv\/en\/#organization","name":"Akropole Riga","url":"https:\/\/akropoleriga.lv\/en\/","logo":{"@type":"ImageObject","inLanguage":"en-US","@id":"https:\/\/akropoleriga.lv\/en\/#\/schema\/logo\/image\/","url":"https:\/\/akropoleriga.lv\/wp-content\/uploads\/sites\/2\/2025\/06\/6818_800_600_1-1.svg","contentUrl":"https:\/\/akropoleriga.lv\/wp-content\/uploads\/sites\/2\/2025\/06\/6818_800_600_1-1.svg","width":1,"height":1,"caption":"Akropole Riga"},"image":{"@id":"https:\/\/akropoleriga.lv\/en\/#\/schema\/logo\/image\/"}}]}},"_links":{"self":[{"href":"https:\/\/akropoleriga.lv\/en\/wp-json\/wp\/v2\/pages\/4075","targetHints":{"allow":["GET"]}}],"collection":[{"href":"https:\/\/akropoleriga.lv\/en\/wp-json\/wp\/v2\/pages"}],"about":[{"href":"https:\/\/akropoleriga.lv\/en\/wp-json\/wp\/v2\/types\/page"}],"author":[{"embeddable":true,"href":"https:\/\/akropoleriga.lv\/en\/wp-json\/wp\/v2\/users\/4"}],"replies":[{"embeddable":true,"href":"https:\/\/akropoleriga.lv\/en\/wp-json\/wp\/v2\/comments?post=4075"}],"version-history":[{"count":7,"href":"https:\/\/akropoleriga.lv\/en\/wp-json\/wp\/v2\/pages\/4075\/revisions"}],"predecessor-version":[{"id":4408,"href":"https:\/\/akropoleriga.lv\/en\/wp-json\/wp\/v2\/pages\/4075\/revisions\/4408"}],"wp:attachment":[{"href":"https:\/\/akropoleriga.lv\/en\/wp-json\/wp\/v2\/media?parent=4075"}],"curies":[{"name":"wp","href":"https:\/\/api.w.org\/{rel}","templated":true}]}}