{"id":3553,"date":"2025-06-11T12:13:53","date_gmt":"2025-06-11T12:13:53","guid":{"rendered":"https:\/\/akropoleriga.lv\/kontakti\/"},"modified":"2026-03-04T12:36:04","modified_gmt":"2026-03-04T12:36:04","slug":"contact","status":"publish","type":"page","link":"https:\/\/akropoleriga.lv\/en\/contact\/","title":{"rendered":"Contact"},"content":{"rendered":"\n    <section id=\"contact-tabs-block-6834a14b0168d\" class=\"contact-tabs\">\n        <div class=\"container\">\n            <h1 class=\"h4\">Contacts us<\/h1>\n                            <div class=\"tabs-title-wrapper\">\n                                            <button data-title-id=\"tab-0\"\n                             class=\"tab-title helper-btn active\">Information centers<\/button>\n                                            <button data-title-id=\"tab-1\"\n                             class=\"tab-title helper-btn \">Administration<\/button>\n                                    <\/div>\n                                    <div class=\"tabs-content-wrapper active\"\n                         data-content-id=\"tab-0\">\n                                                                                    <div class=\"card\">\n                                                                            <p class=\"title\">AKROPOLE R\u012bga<\/p>\n                                                                                                                <p>Information center<\/p>\n                                                                        <div class=\"contact-details\">\n                                                                                    <p>I-VII 10:00 &#8211; 21:00<\/p>\n                                                                                                                            <p><a target=\"_self\"\n                                                  href=\"tel:+371 683 04353\">+371 683 04353<\/a>\n                                            <\/p>\n                                                                                                                        <p><a target=\"_self\"\n                                              href=\"mailto:akropoleriga@akropoleriga.lv\">akropoleriga@akropoleriga.lv<\/a>\n                                                                                    <\/p>\n                                    <\/div>\n                                <\/div>\n                                                            <div class=\"card\">\n                                                                            <p class=\"title\">AKROPOLE R\u012bga bussiness center<\/p>\n                                                                                                                <p>Questions and information about renting office space at the Business Centre<\/p>\n                                                                        <div class=\"contact-details\">\n                                                                                                                            <p><a target=\"_self\"\n                                                  href=\"tel:+371 273 25511\">+371 273 25511<\/a>\n                                            <\/p>\n                                                                                                                        <p><a target=\"_self\"\n                                              href=\"mailto:info@akropoleriga.lv\">info@akropoleriga.lv<\/a>\n                                                                                    <\/p>\n                                    <\/div>\n                                <\/div>\n                                                            <div class=\"card\">\n                                                                            <p class=\"title\">Questions about rent<\/p>\n                                                                                                                <p>Latgales iela 257, R\u012bga, LV-1063, Latvija<\/p>\n                                                                        <div class=\"contact-details\">\n                                                                                                                            <p><a target=\"_self\"\n                                                  href=\"tel:+371 623 02150\">+371 623 02150<\/a>\n                                            <\/p>\n                                                                                                                        <p><a target=\"_self\"\n                                              href=\"mailto:noma@akropolelatvija.lv\">noma@akropolelatvija.lv<\/a>\n                                                                                    <\/p>\n                                    <\/div>\n                                <\/div>\n                                                            <div class=\"card\">\n                                                                            <p class=\"title\">Rekl\u0101mas iesp\u0113jas<\/p>\n                                                                                                                <p>Latgales iela 257, R\u012bga, LV-1063, Latvija<\/p>\n                                                                        <div class=\"contact-details\">\n                                                                                                                            <p><a target=\"_self\"\n                                                  href=\"tel:+371 273 32293\">+371 273 32293<\/a>\n                                            <\/p>\n                                                                                                                        <p><a target=\"_self\"\n                                              href=\"mailto:mboom@mboom.eu\">mboom@mboom.eu<\/a>\n                                                                                    <\/p>\n                                    <\/div>\n                                <\/div>\n                                                            <div class=\"card\">\n                                                                            <p class=\"title\">Advertising in digital screens<\/p>\n                                                                                                                <p>Latgales iela 257, R\u012bga, LV-1063, Latvija<\/p>\n                                                                        <div class=\"contact-details\">\n                                                                                                                            <p><a target=\"_self\"\n                                                  href=\"tel:+371 273 32293\">+371 273 32293<\/a>\n                                            <\/p>\n                                                                                                                        <p><a target=\"_self\"\n                                              href=\"mailto:mboom@mboom.eu\">mboom@mboom.eu<\/a>\n                                                                                    <\/p>\n                                    <\/div>\n                                <\/div>\n                                                                        <\/div>\n                                    <div class=\"tabs-content-wrapper \"\n                         data-content-id=\"tab-1\">\n                                                                                    <div class=\"card\">\n                                                                            <p class=\"title\">Media enquiries<\/p>\n                                                                                                                <p>Baiba V\u0113sma-Millere, VA Communications PR consultant<\/p>\n                                                                        <div class=\"contact-details\">\n                                                                                    <p>I-V 9:00-17:00<\/p>\n                                                                                                                            <p><a target=\"_self\"\n                                                  href=\"tel:+371 26664715\">+371 26664715<\/a>\n                                            <\/p>\n                                                                                                                        <p><a target=\"_self\"\n                                              href=\"mailto:baiba.vesma@vilands.lv\">baiba.vesma@vilands.lv<\/a>\n                                                                                    <\/p>\n                                    <\/div>\n                                <\/div>\n                                                            <div class=\"card\">\n                                                                            <p class=\"title\">AKROPOLE R\u012bga administration<\/p>\n                                                                                                                <p>Latgales iela 257, R\u012bga, LV-1063, Latvija<\/p>\n                                                                        <div class=\"contact-details\">\n                                                                                                                            <p><a target=\"_self\"\n                                                  href=\"tel:+371 623 02150\">+371 623 02150<\/a>\n                                            <\/p>\n                                                                                                                        <p><a target=\"_self\"\n                                              href=\"mailto:info@akropoleriga.lv\">info@akropoleriga.lv<\/a>\n                                                                                    <\/p>\n                                    <\/div>\n                                <\/div>\n                                                                        <\/div>\n                                    <\/div>\n                    <div class=\"map\" data-address=\"Latgales iela 257, R\u012bga, Latvija\" data-btn=\"How to find us\" data-lat=\"56.923615917546705\"\n                 data-long=\"24.17548559178904\"><\/div>\n            <\/section>\n\n<script>window.dispatchEvent( new Event('acf\/loaded\/contact-tabs'));<\/script>","protected":false},"excerpt":{"rendered":"","protected":false},"author":1,"featured_media":0,"parent":0,"menu_order":0,"comment_status":"closed","ping_status":"closed","template":"","meta":{"_acf_changed":false,"footnotes":""},"class_list":["post-3553","page","type-page","status-publish","hentry"],"acf":[],"yoast_head":"<!-- This site is optimized with the Yoast SEO plugin v27.0 - https:\/\/yoast.com\/product\/yoast-seo-wordpress\/ -->\n<title>Contact - Akropole Riga<\/title>\n<meta name=\"robots\" content=\"index, follow, max-snippet:-1, max-image-preview:large, max-video-preview:-1\" \/>\n<link rel=\"canonical\" href=\"https:\/\/akropoleriga.lv\/en\/contact\/\" \/>\n<meta property=\"og:locale\" content=\"en_US\" \/>\n<meta property=\"og:type\" content=\"article\" \/>\n<meta property=\"og:title\" content=\"Contact - Akropole Riga\" \/>\n<meta property=\"og:url\" content=\"https:\/\/akropoleriga.lv\/en\/contact\/\" \/>\n<meta property=\"og:site_name\" content=\"Akropole Riga\" \/>\n<meta property=\"article:modified_time\" content=\"2026-03-04T12:36:04+00:00\" \/>\n<meta name=\"twitter:card\" content=\"summary_large_image\" \/>\n<script type=\"application\/ld+json\" class=\"yoast-schema-graph\">{\"@context\":\"https:\/\/schema.org\",\"@graph\":[{\"@type\":\"WebPage\",\"@id\":\"https:\/\/akropoleriga.lv\/en\/contact\/\",\"url\":\"https:\/\/akropoleriga.lv\/en\/contact\/\",\"name\":\"Contact - Akropole Riga\",\"isPartOf\":{\"@id\":\"https:\/\/akropoleriga.lv\/en\/#website\"},\"datePublished\":\"2025-06-11T12:13:53+00:00\",\"dateModified\":\"2026-03-04T12:36:04+00:00\",\"breadcrumb\":{\"@id\":\"https:\/\/akropoleriga.lv\/en\/contact\/#breadcrumb\"},\"inLanguage\":\"en-US\",\"potentialAction\":[{\"@type\":\"ReadAction\",\"target\":[\"https:\/\/akropoleriga.lv\/en\/contact\/\"]}]},{\"@type\":\"BreadcrumbList\",\"@id\":\"https:\/\/akropoleriga.lv\/en\/contact\/#breadcrumb\",\"itemListElement\":[{\"@type\":\"ListItem\",\"position\":1,\"name\":\"Home\",\"item\":\"https:\/\/akropoleriga.lv\/en\/\"},{\"@type\":\"ListItem\",\"position\":2,\"name\":\"Contact\"}]},{\"@type\":\"WebSite\",\"@id\":\"https:\/\/akropoleriga.lv\/en\/#website\",\"url\":\"https:\/\/akropoleriga.lv\/en\/\",\"name\":\"Akropole Riga\",\"description\":\"&quot;AKROPOLE R\u012bga&quot; iepirk\u0161an\u0101s un izklaides centrs \",\"publisher\":{\"@id\":\"https:\/\/akropoleriga.lv\/en\/#organization\"},\"potentialAction\":[{\"@type\":\"SearchAction\",\"target\":{\"@type\":\"EntryPoint\",\"urlTemplate\":\"https:\/\/akropoleriga.lv\/en\/?s={search_term_string}\"},\"query-input\":{\"@type\":\"PropertyValueSpecification\",\"valueRequired\":true,\"valueName\":\"search_term_string\"}}],\"inLanguage\":\"en-US\"},{\"@type\":\"Organization\",\"@id\":\"https:\/\/akropoleriga.lv\/en\/#organization\",\"name\":\"Akropole Riga\",\"url\":\"https:\/\/akropoleriga.lv\/en\/\",\"logo\":{\"@type\":\"ImageObject\",\"inLanguage\":\"en-US\",\"@id\":\"https:\/\/akropoleriga.lv\/en\/#\/schema\/logo\/image\/\",\"url\":\"https:\/\/akropoleriga.lv\/wp-content\/uploads\/sites\/2\/2025\/06\/6818_800_600_1-1.svg\",\"contentUrl\":\"https:\/\/akropoleriga.lv\/wp-content\/uploads\/sites\/2\/2025\/06\/6818_800_600_1-1.svg\",\"width\":1,\"height\":1,\"caption\":\"Akropole Riga\"},\"image\":{\"@id\":\"https:\/\/akropoleriga.lv\/en\/#\/schema\/logo\/image\/\"}}]}<\/script>\n<!-- \/ Yoast SEO plugin. -->","yoast_head_json":{"title":"Contact - Akropole Riga","robots":{"index":"index","follow":"follow","max-snippet":"max-snippet:-1","max-image-preview":"max-image-preview:large","max-video-preview":"max-video-preview:-1"},"canonical":"https:\/\/akropoleriga.lv\/en\/contact\/","og_locale":"en_US","og_type":"article","og_title":"Contact - Akropole Riga","og_url":"https:\/\/akropoleriga.lv\/en\/contact\/","og_site_name":"Akropole Riga","article_modified_time":"2026-03-04T12:36:04+00:00","twitter_card":"summary_large_image","schema":{"@context":"https:\/\/schema.org","@graph":[{"@type":"WebPage","@id":"https:\/\/akropoleriga.lv\/en\/contact\/","url":"https:\/\/akropoleriga.lv\/en\/contact\/","name":"Contact - Akropole Riga","isPartOf":{"@id":"https:\/\/akropoleriga.lv\/en\/#website"},"datePublished":"2025-06-11T12:13:53+00:00","dateModified":"2026-03-04T12:36:04+00:00","breadcrumb":{"@id":"https:\/\/akropoleriga.lv\/en\/contact\/#breadcrumb"},"inLanguage":"en-US","potentialAction":[{"@type":"ReadAction","target":["https:\/\/akropoleriga.lv\/en\/contact\/"]}]},{"@type":"BreadcrumbList","@id":"https:\/\/akropoleriga.lv\/en\/contact\/#breadcrumb","itemListElement":[{"@type":"ListItem","position":1,"name":"Home","item":"https:\/\/akropoleriga.lv\/en\/"},{"@type":"ListItem","position":2,"name":"Contact"}]},{"@type":"WebSite","@id":"https:\/\/akropoleriga.lv\/en\/#website","url":"https:\/\/akropoleriga.lv\/en\/","name":"Akropole Riga","description":"&quot;AKROPOLE R\u012bga&quot; iepirk\u0161an\u0101s un izklaides centrs ","publisher":{"@id":"https:\/\/akropoleriga.lv\/en\/#organization"},"potentialAction":[{"@type":"SearchAction","target":{"@type":"EntryPoint","urlTemplate":"https:\/\/akropoleriga.lv\/en\/?s={search_term_string}"},"query-input":{"@type":"PropertyValueSpecification","valueRequired":true,"valueName":"search_term_string"}}],"inLanguage":"en-US"},{"@type":"Organization","@id":"https:\/\/akropoleriga.lv\/en\/#organization","name":"Akropole Riga","url":"https:\/\/akropoleriga.lv\/en\/","logo":{"@type":"ImageObject","inLanguage":"en-US","@id":"https:\/\/akropoleriga.lv\/en\/#\/schema\/logo\/image\/","url":"https:\/\/akropoleriga.lv\/wp-content\/uploads\/sites\/2\/2025\/06\/6818_800_600_1-1.svg","contentUrl":"https:\/\/akropoleriga.lv\/wp-content\/uploads\/sites\/2\/2025\/06\/6818_800_600_1-1.svg","width":1,"height":1,"caption":"Akropole Riga"},"image":{"@id":"https:\/\/akropoleriga.lv\/en\/#\/schema\/logo\/image\/"}}]}},"_links":{"self":[{"href":"https:\/\/akropoleriga.lv\/en\/wp-json\/wp\/v2\/pages\/3553","targetHints":{"allow":["GET"]}}],"collection":[{"href":"https:\/\/akropoleriga.lv\/en\/wp-json\/wp\/v2\/pages"}],"about":[{"href":"https:\/\/akropoleriga.lv\/en\/wp-json\/wp\/v2\/types\/page"}],"author":[{"embeddable":true,"href":"https:\/\/akropoleriga.lv\/en\/wp-json\/wp\/v2\/users\/1"}],"replies":[{"embeddable":true,"href":"https:\/\/akropoleriga.lv\/en\/wp-json\/wp\/v2\/comments?post=3553"}],"version-history":[{"count":9,"href":"https:\/\/akropoleriga.lv\/en\/wp-json\/wp\/v2\/pages\/3553\/revisions"}],"predecessor-version":[{"id":7223,"href":"https:\/\/akropoleriga.lv\/en\/wp-json\/wp\/v2\/pages\/3553\/revisions\/7223"}],"wp:attachment":[{"href":"https:\/\/akropoleriga.lv\/en\/wp-json\/wp\/v2\/media?parent=3553"}],"curies":[{"name":"wp","href":"https:\/\/api.w.org\/{rel}","templated":true}]}}