{"id":3549,"date":"2025-06-11T12:27:20","date_gmt":"2025-06-11T12:27:20","guid":{"rendered":"https:\/\/akropoleriga.lv\/ilgtspejibas-zinojums\/"},"modified":"2025-06-20T09:12:06","modified_gmt":"2025-06-20T09:12:06","slug":"sustainability-report","status":"publish","type":"page","link":"https:\/\/akropoleriga.lv\/en\/sustainability-report\/","title":{"rendered":"Sustainability report"},"content":{"rendered":"\n    <section id=\"text-files-block-68361369d1224\" class=\"text-files\">\n        <div class=\"container\">\n            <div class=\"content-btns-wrap\">\n                                    <div class=\"content-wrap\">\n                        <h3>Sustainability report<\/h3>\n<p>At AKROPOLIS GROUP, UAB, we aim to create a responsible and harmoniously developed business culture. We are the leaders in our field in the Baltic States, and our drive to operate more sustainably and the sustainability initiatives we implement are important to our visitors, business partners and investors.<\/p>\n                    <\/div>\n                                                    <div class=\"btns-wrap\">\n                                                        <a class=\"btn bg-red dot download download-pdf\" target=\"_blank\"\n                                   href=\"https:\/\/akropoleriga.lv\/wp-content\/uploads\/sites\/2\/2025\/06\/11697_EN_Sustainability_2023.pdf\">\n                                    <span>Sustainability Report 2022<\/span>\n                                <\/a>\n                                                            <a class=\"btn bg-red dot download download-pdf\" target=\"_blank\"\n                                   href=\"https:\/\/akropoleriga.lv\/wp-content\/uploads\/sites\/2\/2025\/06\/481_AKROPOLIS-GROUP-Sustainability-Report-2022_compressed.pdf\">\n                                    <span>Sustainability Report 2023<\/span>\n                                <\/a>\n                                                <\/div>\n                            <\/div>\n        <\/div>\n    <\/section>\n\n<script>window.dispatchEvent( new Event('acf\/loaded\/text-files'));<\/script>","protected":false},"excerpt":{"rendered":"","protected":false},"author":1,"featured_media":0,"parent":0,"menu_order":0,"comment_status":"closed","ping_status":"closed","template":"","meta":{"_acf_changed":false,"footnotes":""},"class_list":["post-3549","page","type-page","status-publish","hentry"],"acf":[],"yoast_head":"<!-- This site is optimized with the Yoast SEO plugin v27.0 - https:\/\/yoast.com\/product\/yoast-seo-wordpress\/ -->\n<title>Sustainability report - Akropole Riga<\/title>\n<meta name=\"robots\" content=\"index, follow, max-snippet:-1, max-image-preview:large, max-video-preview:-1\" \/>\n<link rel=\"canonical\" href=\"https:\/\/akropoleriga.lv\/en\/sustainability-report\/\" \/>\n<meta property=\"og:locale\" content=\"en_US\" \/>\n<meta property=\"og:type\" content=\"article\" \/>\n<meta property=\"og:title\" content=\"Sustainability report - Akropole Riga\" \/>\n<meta property=\"og:url\" content=\"https:\/\/akropoleriga.lv\/en\/sustainability-report\/\" \/>\n<meta property=\"og:site_name\" content=\"Akropole Riga\" \/>\n<meta property=\"article:modified_time\" content=\"2025-06-20T09:12:06+00:00\" \/>\n<meta name=\"twitter:card\" content=\"summary_large_image\" \/>\n<script type=\"application\/ld+json\" class=\"yoast-schema-graph\">{\"@context\":\"https:\/\/schema.org\",\"@graph\":[{\"@type\":\"WebPage\",\"@id\":\"https:\/\/akropoleriga.lv\/en\/sustainability-report\/\",\"url\":\"https:\/\/akropoleriga.lv\/en\/sustainability-report\/\",\"name\":\"Sustainability report - Akropole Riga\",\"isPartOf\":{\"@id\":\"https:\/\/akropoleriga.lv\/en\/#website\"},\"datePublished\":\"2025-06-11T12:27:20+00:00\",\"dateModified\":\"2025-06-20T09:12:06+00:00\",\"breadcrumb\":{\"@id\":\"https:\/\/akropoleriga.lv\/en\/sustainability-report\/#breadcrumb\"},\"inLanguage\":\"en-US\",\"potentialAction\":[{\"@type\":\"ReadAction\",\"target\":[\"https:\/\/akropoleriga.lv\/en\/sustainability-report\/\"]}]},{\"@type\":\"BreadcrumbList\",\"@id\":\"https:\/\/akropoleriga.lv\/en\/sustainability-report\/#breadcrumb\",\"itemListElement\":[{\"@type\":\"ListItem\",\"position\":1,\"name\":\"Home\",\"item\":\"https:\/\/akropoleriga.lv\/en\/\"},{\"@type\":\"ListItem\",\"position\":2,\"name\":\"Sustainability report\"}]},{\"@type\":\"WebSite\",\"@id\":\"https:\/\/akropoleriga.lv\/en\/#website\",\"url\":\"https:\/\/akropoleriga.lv\/en\/\",\"name\":\"Akropole Riga\",\"description\":\"&quot;AKROPOLE R\u012bga&quot; iepirk\u0161an\u0101s un izklaides centrs \",\"publisher\":{\"@id\":\"https:\/\/akropoleriga.lv\/en\/#organization\"},\"potentialAction\":[{\"@type\":\"SearchAction\",\"target\":{\"@type\":\"EntryPoint\",\"urlTemplate\":\"https:\/\/akropoleriga.lv\/en\/?s={search_term_string}\"},\"query-input\":{\"@type\":\"PropertyValueSpecification\",\"valueRequired\":true,\"valueName\":\"search_term_string\"}}],\"inLanguage\":\"en-US\"},{\"@type\":\"Organization\",\"@id\":\"https:\/\/akropoleriga.lv\/en\/#organization\",\"name\":\"Akropole Riga\",\"url\":\"https:\/\/akropoleriga.lv\/en\/\",\"logo\":{\"@type\":\"ImageObject\",\"inLanguage\":\"en-US\",\"@id\":\"https:\/\/akropoleriga.lv\/en\/#\/schema\/logo\/image\/\",\"url\":\"https:\/\/akropoleriga.lv\/wp-content\/uploads\/sites\/2\/2025\/06\/6818_800_600_1-1.svg\",\"contentUrl\":\"https:\/\/akropoleriga.lv\/wp-content\/uploads\/sites\/2\/2025\/06\/6818_800_600_1-1.svg\",\"width\":1,\"height\":1,\"caption\":\"Akropole Riga\"},\"image\":{\"@id\":\"https:\/\/akropoleriga.lv\/en\/#\/schema\/logo\/image\/\"}}]}<\/script>\n<!-- \/ Yoast SEO plugin. -->","yoast_head_json":{"title":"Sustainability report - Akropole Riga","robots":{"index":"index","follow":"follow","max-snippet":"max-snippet:-1","max-image-preview":"max-image-preview:large","max-video-preview":"max-video-preview:-1"},"canonical":"https:\/\/akropoleriga.lv\/en\/sustainability-report\/","og_locale":"en_US","og_type":"article","og_title":"Sustainability report - Akropole Riga","og_url":"https:\/\/akropoleriga.lv\/en\/sustainability-report\/","og_site_name":"Akropole Riga","article_modified_time":"2025-06-20T09:12:06+00:00","twitter_card":"summary_large_image","schema":{"@context":"https:\/\/schema.org","@graph":[{"@type":"WebPage","@id":"https:\/\/akropoleriga.lv\/en\/sustainability-report\/","url":"https:\/\/akropoleriga.lv\/en\/sustainability-report\/","name":"Sustainability report - Akropole Riga","isPartOf":{"@id":"https:\/\/akropoleriga.lv\/en\/#website"},"datePublished":"2025-06-11T12:27:20+00:00","dateModified":"2025-06-20T09:12:06+00:00","breadcrumb":{"@id":"https:\/\/akropoleriga.lv\/en\/sustainability-report\/#breadcrumb"},"inLanguage":"en-US","potentialAction":[{"@type":"ReadAction","target":["https:\/\/akropoleriga.lv\/en\/sustainability-report\/"]}]},{"@type":"BreadcrumbList","@id":"https:\/\/akropoleriga.lv\/en\/sustainability-report\/#breadcrumb","itemListElement":[{"@type":"ListItem","position":1,"name":"Home","item":"https:\/\/akropoleriga.lv\/en\/"},{"@type":"ListItem","position":2,"name":"Sustainability report"}]},{"@type":"WebSite","@id":"https:\/\/akropoleriga.lv\/en\/#website","url":"https:\/\/akropoleriga.lv\/en\/","name":"Akropole Riga","description":"&quot;AKROPOLE R\u012bga&quot; iepirk\u0161an\u0101s un izklaides centrs ","publisher":{"@id":"https:\/\/akropoleriga.lv\/en\/#organization"},"potentialAction":[{"@type":"SearchAction","target":{"@type":"EntryPoint","urlTemplate":"https:\/\/akropoleriga.lv\/en\/?s={search_term_string}"},"query-input":{"@type":"PropertyValueSpecification","valueRequired":true,"valueName":"search_term_string"}}],"inLanguage":"en-US"},{"@type":"Organization","@id":"https:\/\/akropoleriga.lv\/en\/#organization","name":"Akropole Riga","url":"https:\/\/akropoleriga.lv\/en\/","logo":{"@type":"ImageObject","inLanguage":"en-US","@id":"https:\/\/akropoleriga.lv\/en\/#\/schema\/logo\/image\/","url":"https:\/\/akropoleriga.lv\/wp-content\/uploads\/sites\/2\/2025\/06\/6818_800_600_1-1.svg","contentUrl":"https:\/\/akropoleriga.lv\/wp-content\/uploads\/sites\/2\/2025\/06\/6818_800_600_1-1.svg","width":1,"height":1,"caption":"Akropole Riga"},"image":{"@id":"https:\/\/akropoleriga.lv\/en\/#\/schema\/logo\/image\/"}}]}},"_links":{"self":[{"href":"https:\/\/akropoleriga.lv\/en\/wp-json\/wp\/v2\/pages\/3549","targetHints":{"allow":["GET"]}}],"collection":[{"href":"https:\/\/akropoleriga.lv\/en\/wp-json\/wp\/v2\/pages"}],"about":[{"href":"https:\/\/akropoleriga.lv\/en\/wp-json\/wp\/v2\/types\/page"}],"author":[{"embeddable":true,"href":"https:\/\/akropoleriga.lv\/en\/wp-json\/wp\/v2\/users\/1"}],"replies":[{"embeddable":true,"href":"https:\/\/akropoleriga.lv\/en\/wp-json\/wp\/v2\/comments?post=3549"}],"version-history":[{"count":3,"href":"https:\/\/akropoleriga.lv\/en\/wp-json\/wp\/v2\/pages\/3549\/revisions"}],"predecessor-version":[{"id":3720,"href":"https:\/\/akropoleriga.lv\/en\/wp-json\/wp\/v2\/pages\/3549\/revisions\/3720"}],"wp:attachment":[{"href":"https:\/\/akropoleriga.lv\/en\/wp-json\/wp\/v2\/media?parent=3549"}],"curies":[{"name":"wp","href":"https:\/\/api.w.org\/{rel}","templated":true}]}}