{"id":3527,"date":"2025-06-11T14:00:06","date_gmt":"2025-06-11T14:00:06","guid":{"rendered":"https:\/\/akropoleriga.lv\/atsauksmes\/"},"modified":"2025-07-24T16:05:49","modified_gmt":"2025-07-24T16:05:49","slug":"atsauksmes","status":"publish","type":"page","link":"https:\/\/akropoleriga.lv\/en\/atsauksmes\/","title":{"rendered":"Reviews"},"content":{"rendered":"\n<section id=\"reviews-block-6819f9ece5422\" class=\"reviews\" data-lang=\"en\" data-post-id=\"3527\">\n    <div class=\"container\">\n                    <div class=\"title-block\">\n                <h3 class=\"h4\">Reviews<\/h3>            <\/div>\n                <div class=\"reviews-holder\">\n            <div class=\"reviews-comments-block\">\n                <div class=\"reviews-comments-block-inner\">\n                    <h5>No comments yet. Be the first to comment!<\/h5>                <\/div>\n            <\/div>\n            <div class=\"reviews-form-block\">\n                <form action=\"\" class=\"reviews-form\" novalidate>\n    <input type=\"hidden\" name=\"comment-ip\" id=\"comment-ip\" value=\"216.73.216.54\">\n    <input type=\"hidden\" name=\"comment-post-ID\" value=\"3527\">\n            <h6 class=\"reviews-form-title h6\">New review<\/h6>\n        <div class=\"form-set\">\n        <div class=\"form-field text\">\n            <label for=\"comment-name\">\n                <span>Name<\/span>\n                <input type=\"text\" id=\"comment-name\" name=\"comment-name\" class=\"inputBlock--input\" required placeholder=\"Name\">\n            <\/label>\n            <div class=\"msg js-msg\" data-error-name=\"comment-name\">Name is required<\/div>\n        <\/div>\n        <div class=\"form-field email\">\n            <label for=\"comment-email\" class=\"inputBlock--label\">\n                <span>E-mail address<\/span>\n                <input type=\"email\" id=\"comment-email\" name=\"comment-email\" class=\"inputBlock--input\" required placeholder=\"E-mail address\">\n            <\/label>\n            <div class=\"msg js-msg\" data-error-empty=\"E-mail address is required\" data-error-email=\"E-mail not valid\">E-mail address is required<\/div>\n        <\/div>\n        <div class=\"form-field text\">\n            <label for=\"comment-shop-name\" class=\"inputBlock--label\">\n                <span>Shop name<\/span>\n                <input type=\"text\" id=\"comment-shop-name\" name=\"comment-shop-name\" class=\"inputBlock--input\" placeholder=\"Shop name\">\n            <\/label>\n        <\/div>\n        <div class=\"form-field text\">\n            <label for=\"comment-city\" class=\"inputBlock--label\">\n                <span>City<\/span>\n                                <select name=\"comment-city\" id=\"comment-city\" required>\n                    <option value=\"\">City<\/option>\n                                                                                                                                                                    <option value=\"2\">Akropole Riga<\/option>\n                                                                                                                            <option value=\"3\">Akropole Alfa<\/option>\n                                                            <\/select>\n            <\/label>\n            <div class=\"msg js-msg\" data-error-name=\"comment-city\">City is required<\/div>\n        <\/div>\n        <div class=\"form-field text-area\">\n            <label for=\"comment-textarea\" class=\"inputBlock--label\">\n                <span>Your review<\/span>\n                <textarea name=\"comment-textarea\" id=\"comment-textarea\" class=\"inputBlock--textarea\" required placeholder=\"Your review\"><\/textarea>\n            <\/label>\n            <div class=\"msg js-msg\" data-error-name=\"comment-textarea\">Review is required<\/div>\n        <\/div>\n    <\/div>\n        <div class=\"submitBlock right\">\n        <button type=\"submit\" class=\"btn dot bg-red w-full\"><span>Submit a review<\/span><\/button>\n    <\/div>\n<\/form>            <\/div>\n        <\/div>\n    <\/div>\n    <div class=\"popup popup-reviews popup-hide\">\n    <div class=\"popup-wrapper\">\n        <div class=\"popup-holder\">\n            <div class=\"popup-block\">\n                <div class=\"popup-icon\">\n                    <svg xmlns=\"http:\/\/www.w3.org\/2000\/svg\" width=\"40\" height=\"40\" viewBox=\"0 0 40 40\" fill=\"none\">\n                        <path d=\"M34.2858 18.694V20.0082C34.284 23.0888 33.2865 26.0864 31.442 28.5537C29.5974 31.0211 27.0048 32.8261 24.0506 33.6995C21.0964 34.573 17.939 34.4681 15.0493 33.4005C12.1596 32.3329 9.69243 30.3598 8.01573 27.7755C6.33902 25.1912 5.54263 22.1341 5.74532 19.0601C5.94802 15.9862 7.13894 13.0601 9.14047 10.7184C11.142 8.37656 13.8469 6.74451 16.8518 6.0656C19.8566 5.38669 23.0005 5.6973 25.8144 6.9511M34.2858 8.57969L20.0001 22.8797L15.7144 18.594\" stroke=\"#FF0000\" stroke-width=\"1.5\" stroke-linecap=\"square\"\/>\n                    <\/svg>\n                <\/div>\n                                    <h6 class=\"popup-title h6\">Paldies!<\/h6>\n                                                    <div class=\"popup-text paragraph\">Your review has been sent successfully.<\/div>\n                                <div class=\"popup-btn-wrapper\">\n                    <a href=\"#\" class=\"popup-btn popup-reviews-btn btn dot bg-red\"><span>Continue<\/span><\/a>\n                <\/div>\n            <\/div>\n        <\/div>\n    <\/div>\n<\/div><\/section>\n\n<script>window.dispatchEvent( new Event('acf\/loaded\/reviews'));<\/script>","protected":false},"excerpt":{"rendered":"","protected":false},"author":1,"featured_media":0,"parent":0,"menu_order":0,"comment_status":"closed","ping_status":"closed","template":"","meta":{"_acf_changed":false,"footnotes":""},"class_list":["post-3527","page","type-page","status-publish","hentry"],"acf":[],"yoast_head":"<!-- This site is optimized with the Yoast SEO plugin v27.0 - https:\/\/yoast.com\/product\/yoast-seo-wordpress\/ -->\n<title>Reviews - Akropole Riga<\/title>\n<meta name=\"robots\" content=\"index, follow, max-snippet:-1, max-image-preview:large, max-video-preview:-1\" \/>\n<link rel=\"canonical\" href=\"https:\/\/akropoleriga.lv\/en\/atsauksmes\/\" \/>\n<meta property=\"og:locale\" content=\"en_US\" \/>\n<meta property=\"og:type\" content=\"article\" \/>\n<meta property=\"og:title\" content=\"Reviews - Akropole Riga\" \/>\n<meta property=\"og:url\" content=\"https:\/\/akropoleriga.lv\/en\/atsauksmes\/\" \/>\n<meta property=\"og:site_name\" content=\"Akropole Riga\" \/>\n<meta property=\"article:modified_time\" content=\"2025-07-24T16:05:49+00:00\" \/>\n<meta name=\"twitter:card\" content=\"summary_large_image\" \/>\n<script type=\"application\/ld+json\" class=\"yoast-schema-graph\">{\"@context\":\"https:\/\/schema.org\",\"@graph\":[{\"@type\":\"WebPage\",\"@id\":\"https:\/\/akropoleriga.lv\/en\/atsauksmes\/\",\"url\":\"https:\/\/akropoleriga.lv\/en\/atsauksmes\/\",\"name\":\"Reviews - Akropole Riga\",\"isPartOf\":{\"@id\":\"https:\/\/akropoleriga.lv\/en\/#website\"},\"datePublished\":\"2025-06-11T14:00:06+00:00\",\"dateModified\":\"2025-07-24T16:05:49+00:00\",\"breadcrumb\":{\"@id\":\"https:\/\/akropoleriga.lv\/en\/atsauksmes\/#breadcrumb\"},\"inLanguage\":\"en-US\",\"potentialAction\":[{\"@type\":\"ReadAction\",\"target\":[\"https:\/\/akropoleriga.lv\/en\/atsauksmes\/\"]}]},{\"@type\":\"BreadcrumbList\",\"@id\":\"https:\/\/akropoleriga.lv\/en\/atsauksmes\/#breadcrumb\",\"itemListElement\":[{\"@type\":\"ListItem\",\"position\":1,\"name\":\"Home\",\"item\":\"https:\/\/akropoleriga.lv\/en\/\"},{\"@type\":\"ListItem\",\"position\":2,\"name\":\"Reviews\"}]},{\"@type\":\"WebSite\",\"@id\":\"https:\/\/akropoleriga.lv\/en\/#website\",\"url\":\"https:\/\/akropoleriga.lv\/en\/\",\"name\":\"Akropole Riga\",\"description\":\"&quot;AKROPOLE R\u012bga&quot; iepirk\u0161an\u0101s un izklaides centrs \",\"publisher\":{\"@id\":\"https:\/\/akropoleriga.lv\/en\/#organization\"},\"potentialAction\":[{\"@type\":\"SearchAction\",\"target\":{\"@type\":\"EntryPoint\",\"urlTemplate\":\"https:\/\/akropoleriga.lv\/en\/?s={search_term_string}\"},\"query-input\":{\"@type\":\"PropertyValueSpecification\",\"valueRequired\":true,\"valueName\":\"search_term_string\"}}],\"inLanguage\":\"en-US\"},{\"@type\":\"Organization\",\"@id\":\"https:\/\/akropoleriga.lv\/en\/#organization\",\"name\":\"Akropole Riga\",\"url\":\"https:\/\/akropoleriga.lv\/en\/\",\"logo\":{\"@type\":\"ImageObject\",\"inLanguage\":\"en-US\",\"@id\":\"https:\/\/akropoleriga.lv\/en\/#\/schema\/logo\/image\/\",\"url\":\"https:\/\/akropoleriga.lv\/wp-content\/uploads\/sites\/2\/2025\/06\/6818_800_600_1-1.svg\",\"contentUrl\":\"https:\/\/akropoleriga.lv\/wp-content\/uploads\/sites\/2\/2025\/06\/6818_800_600_1-1.svg\",\"width\":1,\"height\":1,\"caption\":\"Akropole Riga\"},\"image\":{\"@id\":\"https:\/\/akropoleriga.lv\/en\/#\/schema\/logo\/image\/\"}}]}<\/script>\n<!-- \/ Yoast SEO plugin. -->","yoast_head_json":{"title":"Reviews - Akropole Riga","robots":{"index":"index","follow":"follow","max-snippet":"max-snippet:-1","max-image-preview":"max-image-preview:large","max-video-preview":"max-video-preview:-1"},"canonical":"https:\/\/akropoleriga.lv\/en\/atsauksmes\/","og_locale":"en_US","og_type":"article","og_title":"Reviews - Akropole Riga","og_url":"https:\/\/akropoleriga.lv\/en\/atsauksmes\/","og_site_name":"Akropole Riga","article_modified_time":"2025-07-24T16:05:49+00:00","twitter_card":"summary_large_image","schema":{"@context":"https:\/\/schema.org","@graph":[{"@type":"WebPage","@id":"https:\/\/akropoleriga.lv\/en\/atsauksmes\/","url":"https:\/\/akropoleriga.lv\/en\/atsauksmes\/","name":"Reviews - Akropole Riga","isPartOf":{"@id":"https:\/\/akropoleriga.lv\/en\/#website"},"datePublished":"2025-06-11T14:00:06+00:00","dateModified":"2025-07-24T16:05:49+00:00","breadcrumb":{"@id":"https:\/\/akropoleriga.lv\/en\/atsauksmes\/#breadcrumb"},"inLanguage":"en-US","potentialAction":[{"@type":"ReadAction","target":["https:\/\/akropoleriga.lv\/en\/atsauksmes\/"]}]},{"@type":"BreadcrumbList","@id":"https:\/\/akropoleriga.lv\/en\/atsauksmes\/#breadcrumb","itemListElement":[{"@type":"ListItem","position":1,"name":"Home","item":"https:\/\/akropoleriga.lv\/en\/"},{"@type":"ListItem","position":2,"name":"Reviews"}]},{"@type":"WebSite","@id":"https:\/\/akropoleriga.lv\/en\/#website","url":"https:\/\/akropoleriga.lv\/en\/","name":"Akropole Riga","description":"&quot;AKROPOLE R\u012bga&quot; iepirk\u0161an\u0101s un izklaides centrs ","publisher":{"@id":"https:\/\/akropoleriga.lv\/en\/#organization"},"potentialAction":[{"@type":"SearchAction","target":{"@type":"EntryPoint","urlTemplate":"https:\/\/akropoleriga.lv\/en\/?s={search_term_string}"},"query-input":{"@type":"PropertyValueSpecification","valueRequired":true,"valueName":"search_term_string"}}],"inLanguage":"en-US"},{"@type":"Organization","@id":"https:\/\/akropoleriga.lv\/en\/#organization","name":"Akropole Riga","url":"https:\/\/akropoleriga.lv\/en\/","logo":{"@type":"ImageObject","inLanguage":"en-US","@id":"https:\/\/akropoleriga.lv\/en\/#\/schema\/logo\/image\/","url":"https:\/\/akropoleriga.lv\/wp-content\/uploads\/sites\/2\/2025\/06\/6818_800_600_1-1.svg","contentUrl":"https:\/\/akropoleriga.lv\/wp-content\/uploads\/sites\/2\/2025\/06\/6818_800_600_1-1.svg","width":1,"height":1,"caption":"Akropole Riga"},"image":{"@id":"https:\/\/akropoleriga.lv\/en\/#\/schema\/logo\/image\/"}}]}},"_links":{"self":[{"href":"https:\/\/akropoleriga.lv\/en\/wp-json\/wp\/v2\/pages\/3527","targetHints":{"allow":["GET"]}}],"collection":[{"href":"https:\/\/akropoleriga.lv\/en\/wp-json\/wp\/v2\/pages"}],"about":[{"href":"https:\/\/akropoleriga.lv\/en\/wp-json\/wp\/v2\/types\/page"}],"author":[{"embeddable":true,"href":"https:\/\/akropoleriga.lv\/en\/wp-json\/wp\/v2\/users\/1"}],"replies":[{"embeddable":true,"href":"https:\/\/akropoleriga.lv\/en\/wp-json\/wp\/v2\/comments?post=3527"}],"version-history":[{"count":7,"href":"https:\/\/akropoleriga.lv\/en\/wp-json\/wp\/v2\/pages\/3527\/revisions"}],"predecessor-version":[{"id":4461,"href":"https:\/\/akropoleriga.lv\/en\/wp-json\/wp\/v2\/pages\/3527\/revisions\/4461"}],"wp:attachment":[{"href":"https:\/\/akropoleriga.lv\/en\/wp-json\/wp\/v2\/media?parent=3527"}],"curies":[{"name":"wp","href":"https:\/\/api.w.org\/{rel}","templated":true}]}}