{"id":3359,"date":"2025-06-11T12:28:54","date_gmt":"2025-06-11T12:28:54","guid":{"rendered":"https:\/\/akropoleriga.lv\/ilgtspejibas-merki\/"},"modified":"2025-06-20T09:12:18","modified_gmt":"2025-06-20T09:12:18","slug":"sustainability-targets","status":"publish","type":"page","link":"https:\/\/akropoleriga.lv\/en\/sustainability-targets\/","title":{"rendered":"Sustainability targets"},"content":{"rendered":"    <section id=\"text-block-68342984bea28\" class=\"text\">\n        <div class=\"container medium\">\n            <div class=\"content-wrap\">\n                <h5 align=\"left\">Sustainability targets<\/h5>\n<p align=\"left\">At AKROPOLIS GROUP, UAB, we aim to create a responsible and harmoniously developed business culture. We are the leaders in our field in the Baltic States, and our drive to operate more sustainably and the sustainability initiatives we implement are important to our visitors, business partners and investors.<\/p>\n<p align=\"left\"><strong>Our\u00a0sustainability targets<\/strong><\/p>\n<p align=\"left\">We commit to:<\/p>\n<ul>\n<li>reduce Scope 1 &amp; 2 GHG emissions per sq.m by 65% by 2030*<\/li>\n<li>reduce Scope 3 GHG emissions for Categories 5 and 13 per sq.m by 55% by 2030*<\/li>\n<li>decrease energy intensity in common areas to 110 kWh per sq.m by 2030*<\/li>\n<li>achieve and maintain at least \u201cBREEAM-in Use Very Good&#8221; (or equivalent) certification for all existing assets by 2030<\/li>\n<li>reach waste recycling rate of 55% by 2030<\/li>\n<li>develop biodiversity policy and action plan to conserve and enhance biodiversity at all of our properties by the end of 2026 and start implementing it during 2027<\/li>\n<li>increase the number of initiatives supporting local communities and NGOs to at least 100 per Group annually by 2030<\/li>\n<li>reach at least 500 tenant employees per Group participating annually in Akropolis Academy programs by 2030<\/li>\n<li>prepare employee skills development policy by the end of 2025 and to reach at least 95% of Group employees completing the program annually by 2030<\/li>\n<\/ul>\n<p align=\"left\"><em>* per average portfolio gross leasable area square meter (compared to 2023 baseline year)<\/em><\/p>\n            <\/div>\n                    <\/div>\n    <\/section>\n\n<script>window.dispatchEvent( new Event('acf\/loaded\/text'));<\/script>","protected":false},"excerpt":{"rendered":"","protected":false},"author":1,"featured_media":0,"parent":0,"menu_order":0,"comment_status":"closed","ping_status":"closed","template":"","meta":{"_acf_changed":false,"footnotes":""},"class_list":["post-3359","page","type-page","status-publish","hentry"],"acf":[],"yoast_head":"<!-- This site is optimized with the Yoast SEO plugin v27.0 - https:\/\/yoast.com\/product\/yoast-seo-wordpress\/ -->\n<title>Sustainability targets - Akropole Riga<\/title>\n<meta name=\"robots\" content=\"index, follow, max-snippet:-1, max-image-preview:large, max-video-preview:-1\" \/>\n<link rel=\"canonical\" href=\"https:\/\/akropoleriga.lv\/en\/sustainability-targets\/\" \/>\n<meta property=\"og:locale\" content=\"en_US\" \/>\n<meta property=\"og:type\" content=\"article\" \/>\n<meta property=\"og:title\" content=\"Sustainability targets - Akropole Riga\" \/>\n<meta property=\"og:url\" content=\"https:\/\/akropoleriga.lv\/en\/sustainability-targets\/\" \/>\n<meta property=\"og:site_name\" content=\"Akropole Riga\" \/>\n<meta property=\"article:modified_time\" content=\"2025-06-20T09:12:18+00:00\" \/>\n<meta name=\"twitter:card\" content=\"summary_large_image\" \/>\n<script type=\"application\/ld+json\" class=\"yoast-schema-graph\">{\"@context\":\"https:\/\/schema.org\",\"@graph\":[{\"@type\":\"WebPage\",\"@id\":\"https:\/\/akropoleriga.lv\/en\/sustainability-targets\/\",\"url\":\"https:\/\/akropoleriga.lv\/en\/sustainability-targets\/\",\"name\":\"Sustainability targets - Akropole Riga\",\"isPartOf\":{\"@id\":\"https:\/\/akropoleriga.lv\/en\/#website\"},\"datePublished\":\"2025-06-11T12:28:54+00:00\",\"dateModified\":\"2025-06-20T09:12:18+00:00\",\"breadcrumb\":{\"@id\":\"https:\/\/akropoleriga.lv\/en\/sustainability-targets\/#breadcrumb\"},\"inLanguage\":\"en-US\",\"potentialAction\":[{\"@type\":\"ReadAction\",\"target\":[\"https:\/\/akropoleriga.lv\/en\/sustainability-targets\/\"]}]},{\"@type\":\"BreadcrumbList\",\"@id\":\"https:\/\/akropoleriga.lv\/en\/sustainability-targets\/#breadcrumb\",\"itemListElement\":[{\"@type\":\"ListItem\",\"position\":1,\"name\":\"Home\",\"item\":\"https:\/\/akropoleriga.lv\/en\/\"},{\"@type\":\"ListItem\",\"position\":2,\"name\":\"Sustainability targets\"}]},{\"@type\":\"WebSite\",\"@id\":\"https:\/\/akropoleriga.lv\/en\/#website\",\"url\":\"https:\/\/akropoleriga.lv\/en\/\",\"name\":\"Akropole Riga\",\"description\":\"&quot;AKROPOLE R\u012bga&quot; iepirk\u0161an\u0101s un izklaides centrs \",\"publisher\":{\"@id\":\"https:\/\/akropoleriga.lv\/en\/#organization\"},\"potentialAction\":[{\"@type\":\"SearchAction\",\"target\":{\"@type\":\"EntryPoint\",\"urlTemplate\":\"https:\/\/akropoleriga.lv\/en\/?s={search_term_string}\"},\"query-input\":{\"@type\":\"PropertyValueSpecification\",\"valueRequired\":true,\"valueName\":\"search_term_string\"}}],\"inLanguage\":\"en-US\"},{\"@type\":\"Organization\",\"@id\":\"https:\/\/akropoleriga.lv\/en\/#organization\",\"name\":\"Akropole Riga\",\"url\":\"https:\/\/akropoleriga.lv\/en\/\",\"logo\":{\"@type\":\"ImageObject\",\"inLanguage\":\"en-US\",\"@id\":\"https:\/\/akropoleriga.lv\/en\/#\/schema\/logo\/image\/\",\"url\":\"https:\/\/akropoleriga.lv\/wp-content\/uploads\/sites\/2\/2025\/06\/6818_800_600_1-1.svg\",\"contentUrl\":\"https:\/\/akropoleriga.lv\/wp-content\/uploads\/sites\/2\/2025\/06\/6818_800_600_1-1.svg\",\"width\":1,\"height\":1,\"caption\":\"Akropole Riga\"},\"image\":{\"@id\":\"https:\/\/akropoleriga.lv\/en\/#\/schema\/logo\/image\/\"}}]}<\/script>\n<!-- \/ Yoast SEO plugin. -->","yoast_head_json":{"title":"Sustainability targets - Akropole Riga","robots":{"index":"index","follow":"follow","max-snippet":"max-snippet:-1","max-image-preview":"max-image-preview:large","max-video-preview":"max-video-preview:-1"},"canonical":"https:\/\/akropoleriga.lv\/en\/sustainability-targets\/","og_locale":"en_US","og_type":"article","og_title":"Sustainability targets - Akropole Riga","og_url":"https:\/\/akropoleriga.lv\/en\/sustainability-targets\/","og_site_name":"Akropole Riga","article_modified_time":"2025-06-20T09:12:18+00:00","twitter_card":"summary_large_image","schema":{"@context":"https:\/\/schema.org","@graph":[{"@type":"WebPage","@id":"https:\/\/akropoleriga.lv\/en\/sustainability-targets\/","url":"https:\/\/akropoleriga.lv\/en\/sustainability-targets\/","name":"Sustainability targets - Akropole Riga","isPartOf":{"@id":"https:\/\/akropoleriga.lv\/en\/#website"},"datePublished":"2025-06-11T12:28:54+00:00","dateModified":"2025-06-20T09:12:18+00:00","breadcrumb":{"@id":"https:\/\/akropoleriga.lv\/en\/sustainability-targets\/#breadcrumb"},"inLanguage":"en-US","potentialAction":[{"@type":"ReadAction","target":["https:\/\/akropoleriga.lv\/en\/sustainability-targets\/"]}]},{"@type":"BreadcrumbList","@id":"https:\/\/akropoleriga.lv\/en\/sustainability-targets\/#breadcrumb","itemListElement":[{"@type":"ListItem","position":1,"name":"Home","item":"https:\/\/akropoleriga.lv\/en\/"},{"@type":"ListItem","position":2,"name":"Sustainability targets"}]},{"@type":"WebSite","@id":"https:\/\/akropoleriga.lv\/en\/#website","url":"https:\/\/akropoleriga.lv\/en\/","name":"Akropole Riga","description":"&quot;AKROPOLE R\u012bga&quot; iepirk\u0161an\u0101s un izklaides centrs ","publisher":{"@id":"https:\/\/akropoleriga.lv\/en\/#organization"},"potentialAction":[{"@type":"SearchAction","target":{"@type":"EntryPoint","urlTemplate":"https:\/\/akropoleriga.lv\/en\/?s={search_term_string}"},"query-input":{"@type":"PropertyValueSpecification","valueRequired":true,"valueName":"search_term_string"}}],"inLanguage":"en-US"},{"@type":"Organization","@id":"https:\/\/akropoleriga.lv\/en\/#organization","name":"Akropole Riga","url":"https:\/\/akropoleriga.lv\/en\/","logo":{"@type":"ImageObject","inLanguage":"en-US","@id":"https:\/\/akropoleriga.lv\/en\/#\/schema\/logo\/image\/","url":"https:\/\/akropoleriga.lv\/wp-content\/uploads\/sites\/2\/2025\/06\/6818_800_600_1-1.svg","contentUrl":"https:\/\/akropoleriga.lv\/wp-content\/uploads\/sites\/2\/2025\/06\/6818_800_600_1-1.svg","width":1,"height":1,"caption":"Akropole Riga"},"image":{"@id":"https:\/\/akropoleriga.lv\/en\/#\/schema\/logo\/image\/"}}]}},"_links":{"self":[{"href":"https:\/\/akropoleriga.lv\/en\/wp-json\/wp\/v2\/pages\/3359","targetHints":{"allow":["GET"]}}],"collection":[{"href":"https:\/\/akropoleriga.lv\/en\/wp-json\/wp\/v2\/pages"}],"about":[{"href":"https:\/\/akropoleriga.lv\/en\/wp-json\/wp\/v2\/types\/page"}],"author":[{"embeddable":true,"href":"https:\/\/akropoleriga.lv\/en\/wp-json\/wp\/v2\/users\/1"}],"replies":[{"embeddable":true,"href":"https:\/\/akropoleriga.lv\/en\/wp-json\/wp\/v2\/comments?post=3359"}],"version-history":[{"count":6,"href":"https:\/\/akropoleriga.lv\/en\/wp-json\/wp\/v2\/pages\/3359\/revisions"}],"predecessor-version":[{"id":3721,"href":"https:\/\/akropoleriga.lv\/en\/wp-json\/wp\/v2\/pages\/3359\/revisions\/3721"}],"wp:attachment":[{"href":"https:\/\/akropoleriga.lv\/en\/wp-json\/wp\/v2\/media?parent=3359"}],"curies":[{"name":"wp","href":"https:\/\/api.w.org\/{rel}","templated":true}]}}